{"id":763457,"date":"2025-08-28T10:41:34","date_gmt":"2025-08-28T07:41:34","guid":{"rendered":"https:\/\/roveyayinevi.com.tr\/index.php\/urun\/ertelemek-cok-mu-zordu-gidisini\/"},"modified":"2026-04-15T03:28:43","modified_gmt":"2026-04-15T00:28:43","slug":"ertelemek-cok-mu-zordu-gidisini","status":"publish","type":"product","link":"https:\/\/roveyayinevi.com.tr\/index.php\/urun\/ertelemek-cok-mu-zordu-gidisini\/","title":{"rendered":"Ertelemek \u00e7ok mu zordu gidi\u015fini?"},"content":{"rendered":"<p>Ruh, yaz\u0131n\u0131n ke\u015ffinden beri \u00f6l\u00fcms\u00fcz. \u0130nsano\u011flunun ilk heceleri her daim \u015fiir olmu\u015f. Kafiyeler sarmalanm\u0131\u015f imgelerle. Her as\u0131rda farkl\u0131 ezgiler \u00e7alm\u0131\u015f g\u00f6n\u00fcl telleri.   Anlatt\u0131\u011f\u0131 de\u011fil de anla\u015f\u0131ld\u0131\u011f\u0131 kadard\u0131r ya insan, her \u015fair anla\u015f\u0131lmak i\u00e7in y\u00fckselmi\u015f g\u00f6ky\u00fcz\u00fcne. Her \u015fair, semadan bir y\u0131ld\u0131z koparm\u0131\u015f.   Zehra Baltac\u0131 da yeni bir ses, yeni bir nefes olarak \u00e7\u0131km\u0131\u015f okur kar\u015f\u0131s\u0131na. Kuca\u011f\u0131nda bir demet y\u0131ld\u0131z getirmi\u015f. Ertelemek \u00e7ok mu zordu gidi\u015fini? geceyi parlatm\u0131\u015f \u0131\u015f\u0131l \u0131\u015f\u0131l. <\/p>\n","protected":false},"excerpt":{"rendered":"<p>Ruh, yaz\u0131n\u0131n ke\u015ffinden beri \u00f6l\u00fcms\u00fcz. \u0130nsano\u011flunun ilk heceleri her daim \u015fiir olmu\u015f. Kafiyeler sarmalanm\u0131\u015f imgelerle. Her as\u0131rda farkl\u0131 ezgiler \u00e7alm\u0131\u015f g\u00f6n\u00fcl telleri. Anlatt\u0131\u011f\u0131 de\u011fil de anla\u015f\u0131ld\u0131\u011f\u0131<span class=\"excerpt-hellip\"> [\u2026]<\/span><\/p>\n","protected":false},"featured_media":0,"template":"","meta":{"_monsterinsights_skip_tracking":false,"_monsterinsights_sitenote_active":false,"_monsterinsights_sitenote_note":"","_monsterinsights_sitenote_category":0},"product_brand":[],"product_cat":[12291,12509],"product_tag":[],"class_list":{"0":"post-763457","1":"product","2":"type-product","3":"status-publish","5":"product_cat-edebiyat","6":"product_cat-siir","7":"pa_cilt-ciltsiz","8":"pa_tur-kitap","9":"pa_yayinevi-sapiens-yayinlari","10":"pa_yazar-zehra-baltaci","12":"first","13":"instock","14":"sale","15":"shipping-taxable","16":"purchasable","17":"product-type-simple"},"_links":{"self":[{"href":"https:\/\/roveyayinevi.com.tr\/index.php\/wp-json\/wp\/v2\/product\/763457","targetHints":{"allow":["GET"]}}],"collection":[{"href":"https:\/\/roveyayinevi.com.tr\/index.php\/wp-json\/wp\/v2\/product"}],"about":[{"href":"https:\/\/roveyayinevi.com.tr\/index.php\/wp-json\/wp\/v2\/types\/product"}],"wp:attachment":[{"href":"https:\/\/roveyayinevi.com.tr\/index.php\/wp-json\/wp\/v2\/media?parent=763457"}],"wp:term":[{"taxonomy":"product_brand","embeddable":true,"href":"https:\/\/roveyayinevi.com.tr\/index.php\/wp-json\/wp\/v2\/product_brand?post=763457"},{"taxonomy":"product_cat","embeddable":true,"href":"https:\/\/roveyayinevi.com.tr\/index.php\/wp-json\/wp\/v2\/product_cat?post=763457"},{"taxonomy":"product_tag","embeddable":true,"href":"https:\/\/roveyayinevi.com.tr\/index.php\/wp-json\/wp\/v2\/product_tag?post=763457"}],"curies":[{"name":"wp","href":"https:\/\/api.w.org\/{rel}","templated":true}]}}