{"id":763455,"date":"2025-08-28T10:41:30","date_gmt":"2025-08-28T07:41:30","guid":{"rendered":"https:\/\/roveyayinevi.com.tr\/index.php\/urun\/dertsiz-sehrinde-tuhaf-olaylar\/"},"modified":"2026-04-15T03:28:43","modified_gmt":"2026-04-15T00:28:43","slug":"dertsiz-sehrinde-tuhaf-olaylar","status":"publish","type":"product","link":"https:\/\/roveyayinevi.com.tr\/index.php\/urun\/dertsiz-sehrinde-tuhaf-olaylar\/","title":{"rendered":"Dertsiz \u015eehri\u2019nde Tuhaf Olaylar"},"content":{"rendered":"<p>Ka\u00e7 ton su i\u00e7er bir g\u00f6mlek? \u00c7ocuk kitaplar\u0131yla sevilen \u00e7evirmen Saliha Nilu\u0308fer, ya\u015fam\u0131n do\u011fal par\u00e7as\u0131 olan e\u015fyalar\u0131 ne\u015feli bir kurguyla dillendiriyor. Sat\u0131n ald\u0131klar\u0131m\u0131z\u0131n \u00e7evreye etkilerini ve tu\u0308ketim \u00e7\u0131lg\u0131nl\u0131\u011f\u0131n\u0131 mizahi bir anlat\u0131mla du\u0308\u015fu\u0308ndu\u0308ru\u0308yor. Do\u011faya uyumlu u\u0308retim \u00f6nerileri de sunan roman, yarat\u0131c\u0131l\u0131\u011fa, payla\u015fmaya ve gelece\u011fi ayd\u0131nlatacak parlak fikirler bulmaya \u00f6zendiriyor. O sabah Dertsiz \u015eehri\u2019nin dolaplar\u0131ndaki tu\u0308m giysiler kaybolmu\u015ftur. Huzurlu ya\u015famaya al\u0131\u015fm\u0131\u015f halk, ne giyece\u011fini \u015fa\u015f\u0131r\u0131nca, bu\u0308yu\u0308k bir karma\u015fa kopar. Y\u00f6neticiler hemen, \u0130ki G\u00f6zu\u0308m Bizde \u00c7\u00f6zu\u0308m \u015eirketi\u2019nde \u00e7al\u0131\u015fan u\u0308nlu\u0308 sorun \u00e7\u00f6zu\u0308cu\u0308 Lacivert Nerdomert\u2019i g\u00f6reve \u00e7a\u011f\u0131r\u0131r. Cin fikirli karde\u015fler Fikriye \u00c7itilembik ve Zeki Z\u0131p\u0131rfikir de, halalar\u0131 Gu\u0308l Ku\u0308lyutmaz\u2019la birlikte ona kat\u0131l\u0131rlar. Eski gu\u0308nleri \u00f6zleyen, ba\u015fka mobilyalara \u00f6yku\u0308nen geveze dolaplar\u0131n as\u0131l derdini bulmak, tahmin etmedikleri bir maceraya d\u00f6nu\u0308\u015fecektir\u2026<\/p>\n","protected":false},"excerpt":{"rendered":"<p>Ka\u00e7 ton su i\u00e7er bir g\u00f6mlek? \u00c7ocuk kitaplar\u0131yla sevilen \u00e7evirmen Saliha Nilu\u0308fer, ya\u015fam\u0131n do\u011fal par\u00e7as\u0131 olan e\u015fyalar\u0131 ne\u015feli bir kurguyla dillendiriyor. Sat\u0131n ald\u0131klar\u0131m\u0131z\u0131n \u00e7evreye etkilerini ve<span class=\"excerpt-hellip\"> [\u2026]<\/span><\/p>\n","protected":false},"featured_media":0,"template":"","meta":{"_monsterinsights_skip_tracking":false,"_monsterinsights_sitenote_active":false,"_monsterinsights_sitenote_note":"","_monsterinsights_sitenote_category":0},"product_brand":[],"product_cat":[12274,12284],"product_tag":[],"class_list":{"0":"post-763455","1":"product","2":"type-product","3":"status-publish","5":"product_cat-cocuk-ve-genclik-kitaplari","6":"product_cat-hikayeler","7":"pa_cilt-ciltsiz","8":"pa_tur-kitap","9":"pa_yayinevi-gunisigi-kitapligi","10":"pa_yazar-saliha-nilufer","12":"first","13":"instock","14":"sale","15":"shipping-taxable","16":"purchasable","17":"product-type-simple"},"_links":{"self":[{"href":"https:\/\/roveyayinevi.com.tr\/index.php\/wp-json\/wp\/v2\/product\/763455","targetHints":{"allow":["GET"]}}],"collection":[{"href":"https:\/\/roveyayinevi.com.tr\/index.php\/wp-json\/wp\/v2\/product"}],"about":[{"href":"https:\/\/roveyayinevi.com.tr\/index.php\/wp-json\/wp\/v2\/types\/product"}],"wp:attachment":[{"href":"https:\/\/roveyayinevi.com.tr\/index.php\/wp-json\/wp\/v2\/media?parent=763455"}],"wp:term":[{"taxonomy":"product_brand","embeddable":true,"href":"https:\/\/roveyayinevi.com.tr\/index.php\/wp-json\/wp\/v2\/product_brand?post=763455"},{"taxonomy":"product_cat","embeddable":true,"href":"https:\/\/roveyayinevi.com.tr\/index.php\/wp-json\/wp\/v2\/product_cat?post=763455"},{"taxonomy":"product_tag","embeddable":true,"href":"https:\/\/roveyayinevi.com.tr\/index.php\/wp-json\/wp\/v2\/product_tag?post=763455"}],"curies":[{"name":"wp","href":"https:\/\/api.w.org\/{rel}","templated":true}]}}