{"id":763445,"date":"2025-08-28T10:41:15","date_gmt":"2025-08-28T07:41:15","guid":{"rendered":"https:\/\/roveyayinevi.com.tr\/index.php\/urun\/enduluste-kadin\/"},"modified":"2026-04-15T03:28:43","modified_gmt":"2026-04-15T00:28:43","slug":"enduluste-kadin","status":"publish","type":"product","link":"https:\/\/roveyayinevi.com.tr\/index.php\/urun\/enduluste-kadin\/","title":{"rendered":"End\u00fcl\u00fcs\u2019te Kad\u0131n"},"content":{"rendered":"<p>M\u00fcsl\u00fcmanlar\u0131n \u0130ber Yar\u0131madas\u0131\u2019ndaki yakla\u015f\u0131k sekiz y\u00fczy\u0131ll\u0131k varl\u0131klar\u0131 s\u00fcresince politik \u00e7alkant\u0131lar, y\u0131k\u0131mlar, kaybedilen topraklar, b\u00f6lgenin s\u0131k s\u0131k maruz kald\u0131\u011f\u0131 isyan ve i\u015fgallere ra\u011fmen, b\u00fcnyesinde bar\u0131nd\u0131rd\u0131\u011f\u0131 farkl\u0131l\u0131klarla geli\u015fen ve \u00e7e\u015fitlenen End\u00fcl\u00fcs medeniyeti, her y\u00f6n\u00fcyle incelenmesi gereken bir hazine olarak kar\u015f\u0131m\u0131zda durmaktad\u0131r. Bu zengin yap\u0131s\u0131yla End\u00fcl\u00fcs tarihi i\u00e7erisinde, toplumun yar\u0131s\u0131n\u0131 te\u015fkil eden kad\u0131nlar\u0131n da ilm\u00ee, siyasi ve sosyal alandaki dikkat \u00e7ekici ve belirgin konumlar\u0131 ile var olduklar\u0131 bilinmektedir. Hem kad\u0131n tarihi hem de sosyal tarih ara\u015ft\u0131rmalar\u0131n\u0131n bir par\u00e7as\u0131 olarak bu \u00e7al\u0131\u015fma; toplumsal hayat\u0131n muhtelif alanlar\u0131nda faaliyet g\u00f6steren, siyasette s\u00f6z s\u00f6yleyebilen, \u00e7e\u015fitli bilim dallar\u0131nda, sanat ve edebiyatta yetkin bireyler olan End\u00fcl\u00fcsl\u00fc kad\u0131nlar\u0131 ele almaktad\u0131r. End\u00fcl\u00fcsl\u00fc kad\u0131nlar\u0131n sosyal ya\u015fama kat\u0131l\u0131mlar\u0131, toplumdaki g\u00f6r\u00fcn\u00fcrl\u00fckleri ile hayatlar\u0131n\u0131n de\u011fi\u015fik ve\u00e7helerinde \u00fcstlendikleri roller \u00fczerine yap\u0131lan tespit ve analizler, farkl\u0131 kaynaklarda yer alan da\u011f\u0131n\u0131k metinlere, sat\u0131r aras\u0131 tarih\u00ee verilere ve g\u00fcn\u00fcm\u00fcze ula\u015fan ar\u015fiv belgelerine dayanmaktad\u0131r. <\/p>\n","protected":false},"excerpt":{"rendered":"<p>M\u00fcsl\u00fcmanlar\u0131n \u0130ber Yar\u0131madas\u0131\u2019ndaki yakla\u015f\u0131k sekiz y\u00fczy\u0131ll\u0131k varl\u0131klar\u0131 s\u00fcresince politik \u00e7alkant\u0131lar, y\u0131k\u0131mlar, kaybedilen topraklar, b\u00f6lgenin s\u0131k s\u0131k maruz kald\u0131\u011f\u0131 isyan ve i\u015fgallere ra\u011fmen, b\u00fcnyesinde bar\u0131nd\u0131rd\u0131\u011f\u0131 farkl\u0131l\u0131klarla geli\u015fen<span class=\"excerpt-hellip\"> [\u2026]<\/span><\/p>\n","protected":false},"featured_media":0,"template":"","meta":{"_monsterinsights_skip_tracking":false,"_monsterinsights_sitenote_active":false,"_monsterinsights_sitenote_note":"","_monsterinsights_sitenote_category":0},"product_brand":[],"product_cat":[12718,16794],"product_tag":[],"class_list":{"0":"post-763445","1":"product","2":"type-product","3":"status-publish","5":"product_cat-din","6":"product_cat-dinler-tarihi","7":"pa_cilt-ciltsiz","8":"pa_tur-kitap","9":"pa_yayinevi-ankara-universitesi-yayinevi","10":"pa_yazar-fatma-merve-cinar","12":"first","13":"instock","14":"sale","15":"shipping-taxable","16":"purchasable","17":"product-type-simple"},"_links":{"self":[{"href":"https:\/\/roveyayinevi.com.tr\/index.php\/wp-json\/wp\/v2\/product\/763445","targetHints":{"allow":["GET"]}}],"collection":[{"href":"https:\/\/roveyayinevi.com.tr\/index.php\/wp-json\/wp\/v2\/product"}],"about":[{"href":"https:\/\/roveyayinevi.com.tr\/index.php\/wp-json\/wp\/v2\/types\/product"}],"wp:attachment":[{"href":"https:\/\/roveyayinevi.com.tr\/index.php\/wp-json\/wp\/v2\/media?parent=763445"}],"wp:term":[{"taxonomy":"product_brand","embeddable":true,"href":"https:\/\/roveyayinevi.com.tr\/index.php\/wp-json\/wp\/v2\/product_brand?post=763445"},{"taxonomy":"product_cat","embeddable":true,"href":"https:\/\/roveyayinevi.com.tr\/index.php\/wp-json\/wp\/v2\/product_cat?post=763445"},{"taxonomy":"product_tag","embeddable":true,"href":"https:\/\/roveyayinevi.com.tr\/index.php\/wp-json\/wp\/v2\/product_tag?post=763445"}],"curies":[{"name":"wp","href":"https:\/\/api.w.org\/{rel}","templated":true}]}}