{"id":763444,"date":"2025-08-28T10:41:14","date_gmt":"2025-08-28T07:41:14","guid":{"rendered":"https:\/\/roveyayinevi.com.tr\/index.php\/urun\/ateizm-ve-delilcilik\/"},"modified":"2026-02-26T03:28:30","modified_gmt":"2026-02-26T00:28:30","slug":"ateizm-ve-delilcilik","status":"publish","type":"product","link":"https:\/\/roveyayinevi.com.tr\/index.php\/urun\/ateizm-ve-delilcilik\/","title":{"rendered":"Ateizm ve Delilcilik"},"content":{"rendered":"<p>Felsef\u00ee bir pozisyon olarak ateizmin gerek\u00e7elendirilmesi, onun benimsenmesindeki psikolojik, sosyolojik birtak\u0131m fakt\u00f6rlerden ba\u011f\u0131ms\u0131z olarak do\u011fruluk ko\u015fullar\u0131 \u00fczerinde konu\u015fmay\u0131 gerektirir. Bir delile dayanmadan herhangi bir \u015feye inanman\u0131n yanl\u0131\u015f oldu\u011fu \u015feklindeki prensibin sadece teistik inanca uygulanabilece\u011finin bir temeli var m\u0131d\u0131r? \u0130nan\u00e7 ahl\u00e2k\u0131 gibi inan\u00e7s\u0131zl\u0131k\/ink\u00e2r ahl\u00e2k\u0131ndan s\u00f6z edilemez mi? Elinizdeki kitap ateizmin gerek\u00e7elendirilmesi gereken bir pozisyon olup olmad\u0131\u011f\u0131n\u0131 ve ateistik bir savununun hangi \u015fartlarda rasyonel kabul edilebilece\u011fini konu edinmektedir Bu \u00e7al\u0131\u015fmada ateizmin temellendirilmesinin teizmin \u00e7\u00fcr\u00fct\u00fclmesine ba\u011fl\u0131 olmamas\u0131 gerekti\u011fi ve yoklu\u011fun ispat\u0131n\u0131n nihai olarak a priori kan\u0131tlara dayanmas\u0131 gerekti\u011fi vurgulanmaktad\u0131r. Aksi takdirde ateizmin kendisinin teizmi ele\u015ftirirken dayand\u0131\u011f\u0131 delilci temellendirmenin beklentilerini kar\u015f\u0131layamayaca\u011f\u0131 savunulmaktad\u0131r. <\/p>\n","protected":false},"excerpt":{"rendered":"<p>Felsef\u00ee bir pozisyon olarak ateizmin gerek\u00e7elendirilmesi, onun benimsenmesindeki psikolojik, sosyolojik birtak\u0131m fakt\u00f6rlerden ba\u011f\u0131ms\u0131z olarak do\u011fruluk ko\u015fullar\u0131 \u00fczerinde konu\u015fmay\u0131 gerektirir. Bir delile dayanmadan herhangi bir \u015feye inanman\u0131n<span class=\"excerpt-hellip\"> [\u2026]<\/span><\/p>\n","protected":false},"featured_media":0,"template":"","meta":{"_monsterinsights_skip_tracking":false,"_monsterinsights_sitenote_active":false,"_monsterinsights_sitenote_note":"","_monsterinsights_sitenote_category":0},"product_brand":[],"product_cat":[19998,12388],"product_tag":[],"class_list":{"0":"post-763444","1":"product","2":"type-product","3":"status-publish","5":"product_cat-din-felsefesi","6":"product_cat-felsefe","7":"pa_cilt-ciltsiz","8":"pa_tur-kitap","9":"pa_yayinevi-ankara-universitesi-yayinevi","10":"pa_yazar-fatma-nur-agca","12":"first","13":"instock","14":"sale","15":"shipping-taxable","16":"purchasable","17":"product-type-simple"},"_links":{"self":[{"href":"https:\/\/roveyayinevi.com.tr\/index.php\/wp-json\/wp\/v2\/product\/763444","targetHints":{"allow":["GET"]}}],"collection":[{"href":"https:\/\/roveyayinevi.com.tr\/index.php\/wp-json\/wp\/v2\/product"}],"about":[{"href":"https:\/\/roveyayinevi.com.tr\/index.php\/wp-json\/wp\/v2\/types\/product"}],"wp:attachment":[{"href":"https:\/\/roveyayinevi.com.tr\/index.php\/wp-json\/wp\/v2\/media?parent=763444"}],"wp:term":[{"taxonomy":"product_brand","embeddable":true,"href":"https:\/\/roveyayinevi.com.tr\/index.php\/wp-json\/wp\/v2\/product_brand?post=763444"},{"taxonomy":"product_cat","embeddable":true,"href":"https:\/\/roveyayinevi.com.tr\/index.php\/wp-json\/wp\/v2\/product_cat?post=763444"},{"taxonomy":"product_tag","embeddable":true,"href":"https:\/\/roveyayinevi.com.tr\/index.php\/wp-json\/wp\/v2\/product_tag?post=763444"}],"curies":[{"name":"wp","href":"https:\/\/api.w.org\/{rel}","templated":true}]}}