{"id":763442,"date":"2025-08-28T10:41:10","date_gmt":"2025-08-28T07:41:10","guid":{"rendered":"https:\/\/roveyayinevi.com.tr\/index.php\/urun\/dupduru-okula-basliyor-mu\/"},"modified":"2026-04-15T03:28:43","modified_gmt":"2026-04-15T00:28:43","slug":"dupduru-okula-basliyor-mu","status":"publish","type":"product","link":"https:\/\/roveyayinevi.com.tr\/index.php\/urun\/dupduru-okula-basliyor-mu\/","title":{"rendered":"Dupduru Okula Ba\u015fl\u0131yor mu?"},"content":{"rendered":"<p>Tuhaf \u015feyler oluyor. Dupduru tuhafl\u0131\u011f\u0131 metrelerce \u00f6teden tan\u0131yabilir. Etraf\u0131ndaki herkes yeni bir okula ba\u015flamak hakk\u0131nda konu\u015fuyor. Ama Dupduru \u201cbu\u0308yu\u0308k okuluna\u201d gitmek istemiyor ki\u2026 Acilen bir plan yapmal\u0131! Bu\u0308yu\u0308k ve etkili bir plan! \u0130lkyaz Atmaca Akyu\u0308z taraf\u0131ndan yarat\u0131lan, sosyal medyan\u0131n sevilen karakteri Dupduru\u2019nun hik\u00e2yeleri \u015fimdi kitap halinde.<\/p>\n","protected":false},"excerpt":{"rendered":"<p>Tuhaf \u015feyler oluyor. Dupduru tuhafl\u0131\u011f\u0131 metrelerce \u00f6teden tan\u0131yabilir. Etraf\u0131ndaki herkes yeni bir okula ba\u015flamak hakk\u0131nda konu\u015fuyor. Ama Dupduru \u201cbu\u0308yu\u0308k okuluna\u201d gitmek istemiyor ki\u2026 Acilen bir plan<span class=\"excerpt-hellip\"> [\u2026]<\/span><\/p>\n","protected":false},"featured_media":0,"template":"","meta":{"_monsterinsights_skip_tracking":false,"_monsterinsights_sitenote_active":false,"_monsterinsights_sitenote_note":"","_monsterinsights_sitenote_category":0},"product_brand":[],"product_cat":[12274,12284],"product_tag":[],"class_list":{"0":"post-763442","1":"product","2":"type-product","3":"status-publish","5":"product_cat-cocuk-ve-genclik-kitaplari","6":"product_cat-hikayeler","7":"pa_cilt-ciltsiz","8":"pa_tur-kitap","9":"pa_yayinevi-eksik-parca-yayinlari","10":"pa_yazar-ilkyaz-atmaca-akyuz","12":"first","13":"instock","14":"sale","15":"shipping-taxable","16":"purchasable","17":"product-type-simple"},"_links":{"self":[{"href":"https:\/\/roveyayinevi.com.tr\/index.php\/wp-json\/wp\/v2\/product\/763442","targetHints":{"allow":["GET"]}}],"collection":[{"href":"https:\/\/roveyayinevi.com.tr\/index.php\/wp-json\/wp\/v2\/product"}],"about":[{"href":"https:\/\/roveyayinevi.com.tr\/index.php\/wp-json\/wp\/v2\/types\/product"}],"wp:attachment":[{"href":"https:\/\/roveyayinevi.com.tr\/index.php\/wp-json\/wp\/v2\/media?parent=763442"}],"wp:term":[{"taxonomy":"product_brand","embeddable":true,"href":"https:\/\/roveyayinevi.com.tr\/index.php\/wp-json\/wp\/v2\/product_brand?post=763442"},{"taxonomy":"product_cat","embeddable":true,"href":"https:\/\/roveyayinevi.com.tr\/index.php\/wp-json\/wp\/v2\/product_cat?post=763442"},{"taxonomy":"product_tag","embeddable":true,"href":"https:\/\/roveyayinevi.com.tr\/index.php\/wp-json\/wp\/v2\/product_tag?post=763442"}],"curies":[{"name":"wp","href":"https:\/\/api.w.org\/{rel}","templated":true}]}}