{"id":763441,"date":"2025-08-28T10:41:09","date_gmt":"2025-08-28T07:41:09","guid":{"rendered":"https:\/\/roveyayinevi.com.tr\/index.php\/urun\/sonun-baslangici-3\/"},"modified":"2026-04-15T03:28:43","modified_gmt":"2026-04-15T00:28:43","slug":"sonun-baslangici-3","status":"publish","type":"product","link":"https:\/\/roveyayinevi.com.tr\/index.php\/urun\/sonun-baslangici-3\/","title":{"rendered":"Sonun Ba\u015flang\u0131c\u0131"},"content":{"rendered":"<p>\u201cB\u00fcy\u00fck ki\u015filerin g\u00fc\u00e7l\u00fc iradeleri, zay\u0131flar\u0131nsa bo\u015f hayalleri vard\u0131r.\u201d Murat Kaplan, modern d\u00fcnyada insan olman\u0131n anlam\u0131n\u0131 sorgulad\u0131\u011f\u0131 kitap serisine Sonun Ba\u015flang\u0131c\u0131 ile devam ediyor. \u00d6zl\u00fc d\u00fc\u015f\u00fcncelerini fragmanlar halinde payla\u015fan Kaplan, kendini bilmekten irade ve kararl\u0131l\u0131\u011fa, ileti\u015fimin inceliklerinden ili\u015fkilerin dengelerine kadar geni\u015f bir yelpazede d\u00fc\u015f\u00fcnce turuna \u00e7\u0131kar\u0131yor biz okurlar\u0131n\u0131. Huzurla mutlulu\u011fun s\u0131rr\u0131na var\u0131ncaya dek uzanan bu yolculuk, okurlar\u0131n\u0131 derin bir ke\u015ffe davet ediyor. Kimbilir, bu kitap belki sizin i\u00e7in de ger\u00e7ek bir ba\u015flang\u0131c\u0131n kap\u0131s\u0131n\u0131 aralayabilir. \u201cSonu belirleyen ba\u015flang\u0131\u00e7t\u0131r.  Ba\u015flang\u0131c\u0131n g\u00fcc\u00fc de niyettedir.  Ba\u015flang\u0131\u00e7ta niyetini samimiyetle donatan, arzu edilen sona da en yak\u0131n oland\u0131r.\u201d <\/p>\n","protected":false},"excerpt":{"rendered":"<p>\u201cB\u00fcy\u00fck ki\u015filerin g\u00fc\u00e7l\u00fc iradeleri, zay\u0131flar\u0131nsa bo\u015f hayalleri vard\u0131r.\u201d Murat Kaplan, modern d\u00fcnyada insan olman\u0131n anlam\u0131n\u0131 sorgulad\u0131\u011f\u0131 kitap serisine Sonun Ba\u015flang\u0131c\u0131 ile devam ediyor. \u00d6zl\u00fc d\u00fc\u015f\u00fcncelerini fragmanlar<span class=\"excerpt-hellip\"> [\u2026]<\/span><\/p>\n","protected":false},"featured_media":0,"template":"","meta":{"_monsterinsights_skip_tracking":false,"_monsterinsights_sitenote_active":false,"_monsterinsights_sitenote_note":"","_monsterinsights_sitenote_category":0},"product_brand":[],"product_cat":[12364,12376],"product_tag":[],"class_list":{"0":"post-763441","1":"product","2":"type-product","3":"status-publish","5":"product_cat-genel-konular","6":"product_cat-kisisel-gelisim","7":"pa_cilt-ciltsiz","8":"pa_tur-kitap","9":"pa_yayinevi-mona-kitap","10":"pa_yazar-murat-kaplan","12":"first","13":"instock","14":"sale","15":"shipping-taxable","16":"purchasable","17":"product-type-simple"},"_links":{"self":[{"href":"https:\/\/roveyayinevi.com.tr\/index.php\/wp-json\/wp\/v2\/product\/763441","targetHints":{"allow":["GET"]}}],"collection":[{"href":"https:\/\/roveyayinevi.com.tr\/index.php\/wp-json\/wp\/v2\/product"}],"about":[{"href":"https:\/\/roveyayinevi.com.tr\/index.php\/wp-json\/wp\/v2\/types\/product"}],"wp:attachment":[{"href":"https:\/\/roveyayinevi.com.tr\/index.php\/wp-json\/wp\/v2\/media?parent=763441"}],"wp:term":[{"taxonomy":"product_brand","embeddable":true,"href":"https:\/\/roveyayinevi.com.tr\/index.php\/wp-json\/wp\/v2\/product_brand?post=763441"},{"taxonomy":"product_cat","embeddable":true,"href":"https:\/\/roveyayinevi.com.tr\/index.php\/wp-json\/wp\/v2\/product_cat?post=763441"},{"taxonomy":"product_tag","embeddable":true,"href":"https:\/\/roveyayinevi.com.tr\/index.php\/wp-json\/wp\/v2\/product_tag?post=763441"}],"curies":[{"name":"wp","href":"https:\/\/api.w.org\/{rel}","templated":true}]}}