{"id":763439,"date":"2025-08-28T10:41:04","date_gmt":"2025-08-28T07:41:04","guid":{"rendered":"https:\/\/roveyayinevi.com.tr\/index.php\/urun\/kasame\/"},"modified":"2026-04-15T03:28:43","modified_gmt":"2026-04-15T00:28:43","slug":"kasame","status":"publish","type":"product","link":"https:\/\/roveyayinevi.com.tr\/index.php\/urun\/kasame\/","title":{"rendered":"Kasame"},"content":{"rendered":"<p>Kitab-\u0131 Siyah Kalem ile 2016 Everest Yay\u0131nlar\u0131 \u0130lk Roman \u00d6d\u00fcl\u00fc\u2019n\u00fc kazanan G\u00fclfem Pamuk, bu kez ilgin\u00e7 bir cinayet roman\u0131 olan Kas\u00e2me ile \u00e7\u0131k\u0131yor okurun kar\u015f\u0131s\u0131na. K\u00f6y k\u00f6y dola\u015f\u0131p hik\u00e2yeler anlatan Meddah, son gitti\u011fi k\u00f6yden ayr\u0131ld\u0131\u011f\u0131nda kimli\u011fi bilinmeyen birisi taraf\u0131ndan \u00f6ld\u00fcr\u00fcl\u00fcr. Olay\u0131 \u00e7\u00f6zmek i\u00e7in g\u00f6revlendirilen Kad\u0131 Efendi k\u00f6ydeki b\u00fct\u00fcn erkekleri sorgulay\u0131p yemin ettirecek, su\u00e7lu ortaya \u00e7\u0131kmazsa kan paras\u0131 (diyet) b\u00fct\u00fcn k\u00f6ye pay edilerek al\u0131nacakt\u0131r. \u0130fadeler al\u0131nd\u0131k\u00e7a k\u00f6yde d\u00f6nen dolaplar, gizli sakl\u0131 i\u015fler de su y\u00fcz\u00fcne \u00e7\u0131kmaya ba\u015flar. Kas\u00e2me, 1680 y\u0131l\u0131nda Osmanl\u0131 \u0130mparatorlu\u011fu\u2019nda ger\u00e7ekle\u015fen ilk ve son recm vakas\u0131n\u0131 konu eden kurgusu, dili, anlat\u0131m\u0131 ve \u015fa\u015f\u0131rt\u0131c\u0131 sonuyla okuru gizemli bir atmosfere \u00e7ekiyor. G\u00fclfem Pamuk, Kitab-\u0131 Siyah Kalem ile a\u00e7t\u0131\u011f\u0131 kendine \u00f6zg\u00fc kanal\u0131 bu romanda daha da derinle\u015ftirerek yoluna devam ediyor.<\/p>\n","protected":false},"excerpt":{"rendered":"<p>Kitab-\u0131 Siyah Kalem ile 2016 Everest Yay\u0131nlar\u0131 \u0130lk Roman \u00d6d\u00fcl\u00fc\u2019n\u00fc kazanan G\u00fclfem Pamuk, bu kez ilgin\u00e7 bir cinayet roman\u0131 olan Kas\u00e2me ile \u00e7\u0131k\u0131yor okurun kar\u015f\u0131s\u0131na. K\u00f6y<span class=\"excerpt-hellip\"> [\u2026]<\/span><\/p>\n","protected":false},"featured_media":0,"template":"","meta":{"_monsterinsights_skip_tracking":false,"_monsterinsights_sitenote_active":false,"_monsterinsights_sitenote_note":"","_monsterinsights_sitenote_category":0},"product_brand":[],"product_cat":[12291,12711],"product_tag":[],"class_list":{"0":"post-763439","1":"product","2":"type-product","3":"status-publish","5":"product_cat-edebiyat","6":"product_cat-roman-oyku","7":"pa_cilt-ciltsiz","8":"pa_tur-kitap","9":"pa_yayinevi-everest-yayinlari","10":"pa_yazar-gulfem-pamuk","12":"first","13":"instock","14":"sale","15":"shipping-taxable","16":"purchasable","17":"product-type-simple"},"_links":{"self":[{"href":"https:\/\/roveyayinevi.com.tr\/index.php\/wp-json\/wp\/v2\/product\/763439","targetHints":{"allow":["GET"]}}],"collection":[{"href":"https:\/\/roveyayinevi.com.tr\/index.php\/wp-json\/wp\/v2\/product"}],"about":[{"href":"https:\/\/roveyayinevi.com.tr\/index.php\/wp-json\/wp\/v2\/types\/product"}],"wp:attachment":[{"href":"https:\/\/roveyayinevi.com.tr\/index.php\/wp-json\/wp\/v2\/media?parent=763439"}],"wp:term":[{"taxonomy":"product_brand","embeddable":true,"href":"https:\/\/roveyayinevi.com.tr\/index.php\/wp-json\/wp\/v2\/product_brand?post=763439"},{"taxonomy":"product_cat","embeddable":true,"href":"https:\/\/roveyayinevi.com.tr\/index.php\/wp-json\/wp\/v2\/product_cat?post=763439"},{"taxonomy":"product_tag","embeddable":true,"href":"https:\/\/roveyayinevi.com.tr\/index.php\/wp-json\/wp\/v2\/product_tag?post=763439"}],"curies":[{"name":"wp","href":"https:\/\/api.w.org\/{rel}","templated":true}]}}