{"id":763438,"date":"2025-08-28T10:41:03","date_gmt":"2025-08-28T07:41:03","guid":{"rendered":"https:\/\/roveyayinevi.com.tr\/index.php\/urun\/miks-uzerine-2\/"},"modified":"2026-04-15T03:28:43","modified_gmt":"2026-04-15T00:28:43","slug":"miks-uzerine-2","status":"publish","type":"product","link":"https:\/\/roveyayinevi.com.tr\/index.php\/urun\/miks-uzerine-2\/","title":{"rendered":"Miks \u00dczerine 2"},"content":{"rendered":"<p>T\u00fcrkiye\u2019nin tecr\u00fcbeli ses m\u00fchendisi ve m\u00fczik prod\u00fckt\u00f6rleri, miks tekniklerinin inceliklerini ve meslek s\u0131rlar\u0131n\u0131 anlatmaya devam ediyorlar!   Mikse baslarken nas\u0131l haz\u0131rlan\u0131r\u0131z; hangi yaz\u0131l\u0131m ve donan\u0131mlarla iyi sonu\u00e7lar elde ederiz; st\u00fcdyo ve konser miksleri aras\u0131ndaki farklar nelerdir; de\u011fi\u015fik ses kaynaklar\u0131, farkl\u0131 m\u00fczik t\u00fcrleri farkl\u0131 m\u0131 mikslenir? Hayatlar\u0131n\u0131n b\u00fcy\u00fck bir k\u0131sm\u0131n\u0131 m\u00fczik ve sese ay\u0131rm\u0131\u015f, m\u00fczi\u011fin farkl\u0131 konular\u0131 ve t\u00fcrlerinde uzmanla\u015fm\u0131\u015f profesyoneller miks konusundaki bilgilerini ve tecr\u00fcbelerini payla\u015f\u0131yorlar.   Sadece teknik bir i\u015f olmayan, herkesin farkl\u0131 s\u0327ekilde yakla\u015ft\u0131\u011f\u0131 ve kendi dokunu\u015funu katt\u0131\u011f\u0131, kimilerine g\u00f6re bir sanat olan miks; bilgi, tecr\u00fcbe, i\u00e7g\u00fcd\u00fc ve hissiyattan yararlanarak yap\u0131lan bir i\u015f.   Bundan \u00f6nceki kitap T\u00fcrkiye\u2019de bir ilkti. Devam\u0131 olan bu ikinci kitap, 20 yeni r\u00f6portajla, ses-m\u00fczik miksine de\u011fi\u015fik bak\u0131\u015f a\u00e7\u0131lar\u0131n\u0131 gene amat\u00f6rden profesyonele herkesin ilgisini \u00e7ekebilecek bir i\u00e7erikle sunuyor.   Aziz Berk Erten, Bark\u0131n Engin, Bu\u011fra Kunt, Emrah \u00c7elik, Emre Ramazano\u011flu, Erim Arkman, Ete Kurttekin, Genco Ar\u0131, \u0130skender Payda\u015f, Levent Demirba\u015f, Mine Erkaya, Murat Matthew Erdem, Mustafa Yaz\u0131c\u0131o\u011flu, Nurettin \u00c7olak, \u00d6zg\u00fcr Yurto\u011flu, Pieter Snapper, Tanju Ar\u0131kan, Tar\u0131k Ceran, Tarkan G\u00f6z\u00fcb\u00fcy\u00fck, Ufuk Kevser. <\/p>\n","protected":false},"excerpt":{"rendered":"<p>T\u00fcrkiye\u2019nin tecr\u00fcbeli ses m\u00fchendisi ve m\u00fczik prod\u00fckt\u00f6rleri, miks tekniklerinin inceliklerini ve meslek s\u0131rlar\u0131n\u0131 anlatmaya devam ediyorlar! Mikse baslarken nas\u0131l haz\u0131rlan\u0131r\u0131z; hangi yaz\u0131l\u0131m ve donan\u0131mlarla iyi sonu\u00e7lar<span class=\"excerpt-hellip\"> [\u2026]<\/span><\/p>\n","protected":false},"featured_media":0,"template":"","meta":{"_monsterinsights_skip_tracking":false,"_monsterinsights_sitenote_active":false,"_monsterinsights_sitenote_note":"","_monsterinsights_sitenote_category":0},"product_brand":[],"product_cat":[14556],"product_tag":[],"class_list":{"0":"post-763438","1":"product","2":"type-product","3":"status-publish","5":"product_cat-muzik","6":"pa_cilt-ciltsiz","7":"pa_tur-kitap","8":"pa_yayinevi-gorunmez-adam-yayincilik","9":"pa_yazar-ufuk-onen","11":"first","12":"instock","13":"sale","14":"shipping-taxable","15":"purchasable","16":"product-type-simple"},"_links":{"self":[{"href":"https:\/\/roveyayinevi.com.tr\/index.php\/wp-json\/wp\/v2\/product\/763438","targetHints":{"allow":["GET"]}}],"collection":[{"href":"https:\/\/roveyayinevi.com.tr\/index.php\/wp-json\/wp\/v2\/product"}],"about":[{"href":"https:\/\/roveyayinevi.com.tr\/index.php\/wp-json\/wp\/v2\/types\/product"}],"wp:attachment":[{"href":"https:\/\/roveyayinevi.com.tr\/index.php\/wp-json\/wp\/v2\/media?parent=763438"}],"wp:term":[{"taxonomy":"product_brand","embeddable":true,"href":"https:\/\/roveyayinevi.com.tr\/index.php\/wp-json\/wp\/v2\/product_brand?post=763438"},{"taxonomy":"product_cat","embeddable":true,"href":"https:\/\/roveyayinevi.com.tr\/index.php\/wp-json\/wp\/v2\/product_cat?post=763438"},{"taxonomy":"product_tag","embeddable":true,"href":"https:\/\/roveyayinevi.com.tr\/index.php\/wp-json\/wp\/v2\/product_tag?post=763438"}],"curies":[{"name":"wp","href":"https:\/\/api.w.org\/{rel}","templated":true}]}}