{"id":763437,"date":"2025-08-28T10:41:02","date_gmt":"2025-08-28T07:41:02","guid":{"rendered":"https:\/\/roveyayinevi.com.tr\/index.php\/urun\/ses-kayit-ve-muzik-teknolojileri\/"},"modified":"2025-12-30T11:28:37","modified_gmt":"2025-12-30T08:28:37","slug":"ses-kayit-ve-muzik-teknolojileri","status":"publish","type":"product","link":"https:\/\/roveyayinevi.com.tr\/index.php\/urun\/ses-kayit-ve-muzik-teknolojileri\/","title":{"rendered":"Ses Kay\u0131t ve M\u00fczik Teknolojileri"},"content":{"rendered":"<p>Ses ve m\u00fczik kayd\u0131 i\u00e7in kollar\u0131 s\u0131vayan herkesin, i\u015fin t\u00fcr\u00fcne g\u00f6re \u00e7e\u015fitli zorluklarla kar\u015f\u0131la\u015fmas\u0131 gayet do\u011fald\u0131r. Bu zorluklarla hi\u00e7 kar\u015f\u0131la\u015fmamak veya onlar\u0131n \u00fcstesinden kolayl\u0131kla gelebilmek i\u00e7in de teknik sorular\u0131 \u00f6nceden sormak gerekir: Bu kay\u0131t i\u00e7in nas\u0131l bir mikrofon se\u00e7meliyim, bu mikrofonu nas\u0131l yerle\u015ftirmeliyim gibi sorulardan tutun, EQ ayarlar\u0131n\u0131 nas\u0131l yapay\u0131m, \u015fu d\u00fc\u011fme ne i\u015fe yar\u0131yor veya dijital teknoloji bana ne t\u00fcrl\u00fc olanaklar sunar gibi akl\u0131n\u0131za gelebilecek her soruyu cevapland\u0131rmay\u0131 kendine ama\u00e7 edinmi\u015f, yazar Ufuk \u00d6nen. Sonu\u00e7 olarak da ses kay\u0131t ve m\u00fczik teknolojilerine ilgi duyan, amat\u00f6r olsun, profesyonel olsun herkesin faydalanabilece\u011fi, pratik ve teorik bilgilerle dolup ta\u015fan bir kitap ortaya \u00e7\u0131km\u0131\u015f. \u0130ki y\u00fczden fazla \u015fekil, \u015fema ve foto\u011frafla; tercih etti\u011fi sade dille ve bu alanda kullan\u0131lan y\u00fczlerce terime ili\u015fkin yapt\u0131\u011f\u0131 a\u00e7\u0131klamalarla, ses ve m\u00fczik kayd\u0131yla ilgili sadece \u201cne\u201d ve \u201cnas\u0131l\u201d sorular\u0131na de\u011fil, \u201cneden\u201d sorusuna da cevap veriyor. \u0130lk demonuzu \u00e7\u0131karmaya, be\u015finci belgeselinizi \u00e7ekmeye veya konservatuarda okuyan \u00e7ocu\u011funuzun ilk konserini kaydetmeye haz\u0131rlan\u0131yor olun, profesyonelce kotar\u0131lm\u0131\u015f bir ses kayd\u0131 i\u00e7in neler yapman\u0131z gerekti\u011fiyle ilgili her \u015feyi bu kitapta bulabileceksiniz. <\/p>\n","protected":false},"excerpt":{"rendered":"<p>Ses ve m\u00fczik kayd\u0131 i\u00e7in kollar\u0131 s\u0131vayan herkesin, i\u015fin t\u00fcr\u00fcne g\u00f6re \u00e7e\u015fitli zorluklarla kar\u015f\u0131la\u015fmas\u0131 gayet do\u011fald\u0131r. Bu zorluklarla hi\u00e7 kar\u015f\u0131la\u015fmamak veya onlar\u0131n \u00fcstesinden kolayl\u0131kla gelebilmek i\u00e7in<span class=\"excerpt-hellip\"> [\u2026]<\/span><\/p>\n","protected":false},"featured_media":0,"template":"","meta":{"_monsterinsights_skip_tracking":false,"_monsterinsights_sitenote_active":false,"_monsterinsights_sitenote_note":"","_monsterinsights_sitenote_category":0},"product_brand":[],"product_cat":[14556],"product_tag":[],"class_list":{"0":"post-763437","1":"product","2":"type-product","3":"status-publish","5":"product_cat-muzik","6":"pa_cilt-ciltsiz","7":"pa_tur-kitap","8":"pa_yayinevi-gorunmez-adam-yayincilik","9":"pa_yazar-ufuk-onen","11":"first","12":"instock","13":"sale","14":"shipping-taxable","15":"purchasable","16":"product-type-simple"},"_links":{"self":[{"href":"https:\/\/roveyayinevi.com.tr\/index.php\/wp-json\/wp\/v2\/product\/763437","targetHints":{"allow":["GET"]}}],"collection":[{"href":"https:\/\/roveyayinevi.com.tr\/index.php\/wp-json\/wp\/v2\/product"}],"about":[{"href":"https:\/\/roveyayinevi.com.tr\/index.php\/wp-json\/wp\/v2\/types\/product"}],"wp:attachment":[{"href":"https:\/\/roveyayinevi.com.tr\/index.php\/wp-json\/wp\/v2\/media?parent=763437"}],"wp:term":[{"taxonomy":"product_brand","embeddable":true,"href":"https:\/\/roveyayinevi.com.tr\/index.php\/wp-json\/wp\/v2\/product_brand?post=763437"},{"taxonomy":"product_cat","embeddable":true,"href":"https:\/\/roveyayinevi.com.tr\/index.php\/wp-json\/wp\/v2\/product_cat?post=763437"},{"taxonomy":"product_tag","embeddable":true,"href":"https:\/\/roveyayinevi.com.tr\/index.php\/wp-json\/wp\/v2\/product_tag?post=763437"}],"curies":[{"name":"wp","href":"https:\/\/api.w.org\/{rel}","templated":true}]}}