{"id":763435,"date":"2025-08-28T10:40:58","date_gmt":"2025-08-28T07:40:58","guid":{"rendered":"https:\/\/roveyayinevi.com.tr\/index.php\/urun\/gezegenin-gelecegi-kaygilar-ve-umutlar-secme-oykuler\/"},"modified":"2026-04-15T03:28:43","modified_gmt":"2026-04-15T00:28:43","slug":"gezegenin-gelecegi-kaygilar-ve-umutlar-secme-oykuler","status":"publish","type":"product","link":"https:\/\/roveyayinevi.com.tr\/index.php\/urun\/gezegenin-gelecegi-kaygilar-ve-umutlar-secme-oykuler\/","title":{"rendered":"Gezegenin Gelece\u011fi: Kayg\u0131lar ve Umutlar &#8211; Se\u00e7me \u00d6yk\u00fcler"},"content":{"rendered":"<p>\u201cEn temel bu do\u011fan\u0131n, insan insana bir \u015feyler s\u00f6ylemeliydi,\u201d diyor bir gen\u00e7 yazar\u0131m\u0131z.  Kapadokya \u00dcniversitesi  Be\u015feri Bilimler Fak\u00fcltesi  T\u00fcrk Dili ve Edebiyat\u0131 B\u00f6l\u00fcm\u00fc\u2019n\u00fcn 2021  y\u0131l\u0131nda  ikincisini  d\u00fczenledi\u011fi  Geleneksel  Liseliler  \u00d6yk\u00fc  Yar\u0131\u015fmas\u0131\u2019nda  dereceye  giren  eserlerden olu\u015fan bu kitaptaki toplam 22 \u00f6yk\u00fcde T\u00fcrkiye\u2019nin gen\u00e7leri de, gezegenin gelece\u011fine  dair okurlara bir \u015feyler s\u00f6yl\u00fcyor. E\u015fyalar\u0131n konu\u015ftu\u011fu nesne anlat\u0131lar\u0131ndan iklim-kurgu t\u00fcr\u00fc ve  k\u0131yamet  kurgular\u0131na  uzanan  \u00e7e\u015fitli  t\u00fcrdeki  eserlerle,  1453  y\u0131l\u0131ndan  3200  y\u0131l\u0131n\u0131n  aral\u0131k  ay\u0131na  kadar  uzanan  bir  zaman  yelpazesinde,  asl\u0131nda  ge\u00e7mi\u015f,  \u015fimdiki  ve  gelecek  zamanlar\u0131n  nas\u0131l  birbirinden  ayr\u0131lmayaca\u011f\u0131n\u0131  anlat\u0131yor,  bize  sorumluluklar\u0131m\u0131z\u0131  hat\u0131rlat\u0131yor  bu  \u00f6yk\u00fcler.  Gen\u00e7  kalemler taraf\u0131ndan b\u00fcy\u00fck bir olgunluk i\u00e7erisinde bir yandan teknolojinin, k\u00fclt\u00fcr\u00fcn ve insan  toplumuna ait t\u00fcrl\u00fc sistemlerin ele\u015ftirisi sunulurken di\u011fer yandan da b\u00fct\u00fcn bu sistemlerin yok  edilmesi  gibi  s\u0131\u011f  bir  talep  de\u011fil,  ak\u0131lc\u0131  ve  etik  \u00e7er\u00e7evelerde  yeniden  \u015fekillenmesi  \u00e7a\u011fr\u0131s\u0131  iletiliyor.  Kayg\u0131lanmak  i\u00e7in  \u00e7ok  fazla  sebebi  oldu\u011fu  bug\u00fcn\u00fcn  d\u00fcnyas\u0131ndan  yar\u0131na  bir  umut  penceresi a\u00e7\u0131l\u0131yor bu kitapta: \u201cUmut varsa hayat var. Umut varsa gelecek var. Umut varsa biz  var\u0131z.\u201d  Kapadokya \u00dcniversitesi Yay\u0131nlar\u0131 \u00c7evreci Be\u015feri Bilimler Serisi\u2019nin \u00fc\u00e7\u00fcnc\u00fc yay\u0131n\u0131 olan  bu eser kendini, asl\u0131nda yine en iyi kendisi anlatmakta. Zira bu sayfalarda okuyanlar\u0131n bulaca\u011f\u0131,  \u201ctoprak, bir filiz ve bir kitap\u201d olacak.  Sinan Ak\u0131ll\u0131  Seri Edit\u00f6r\u00fc <\/p>\n","protected":false},"excerpt":{"rendered":"<p>\u201cEn temel bu do\u011fan\u0131n, insan insana bir \u015feyler s\u00f6ylemeliydi,\u201d diyor bir gen\u00e7 yazar\u0131m\u0131z. Kapadokya \u00dcniversitesi Be\u015feri Bilimler Fak\u00fcltesi T\u00fcrk Dili ve Edebiyat\u0131 B\u00f6l\u00fcm\u00fc\u2019n\u00fcn 2021 y\u0131l\u0131nda ikincisini<span class=\"excerpt-hellip\"> [\u2026]<\/span><\/p>\n","protected":false},"featured_media":0,"template":"","meta":{"_monsterinsights_skip_tracking":false,"_monsterinsights_sitenote_active":false,"_monsterinsights_sitenote_note":"","_monsterinsights_sitenote_category":0},"product_brand":[],"product_cat":[13005],"product_tag":[],"class_list":{"0":"post-763435","1":"product","2":"type-product","3":"status-publish","5":"product_cat-bilim-muhendislik","6":"pa_cilt-ciltsiz","7":"pa_tur-kitap","8":"pa_yayinevi-kapadokya-universitesi-yayinlari","9":"pa_yazar-yusuf-gokkaplan-duygu-oylubas-katfar","11":"first","12":"instock","13":"sale","14":"shipping-taxable","15":"purchasable","16":"product-type-simple"},"_links":{"self":[{"href":"https:\/\/roveyayinevi.com.tr\/index.php\/wp-json\/wp\/v2\/product\/763435","targetHints":{"allow":["GET"]}}],"collection":[{"href":"https:\/\/roveyayinevi.com.tr\/index.php\/wp-json\/wp\/v2\/product"}],"about":[{"href":"https:\/\/roveyayinevi.com.tr\/index.php\/wp-json\/wp\/v2\/types\/product"}],"wp:attachment":[{"href":"https:\/\/roveyayinevi.com.tr\/index.php\/wp-json\/wp\/v2\/media?parent=763435"}],"wp:term":[{"taxonomy":"product_brand","embeddable":true,"href":"https:\/\/roveyayinevi.com.tr\/index.php\/wp-json\/wp\/v2\/product_brand?post=763435"},{"taxonomy":"product_cat","embeddable":true,"href":"https:\/\/roveyayinevi.com.tr\/index.php\/wp-json\/wp\/v2\/product_cat?post=763435"},{"taxonomy":"product_tag","embeddable":true,"href":"https:\/\/roveyayinevi.com.tr\/index.php\/wp-json\/wp\/v2\/product_tag?post=763435"}],"curies":[{"name":"wp","href":"https:\/\/api.w.org\/{rel}","templated":true}]}}