{"id":763433,"date":"2025-08-28T10:40:56","date_gmt":"2025-08-28T07:40:56","guid":{"rendered":"https:\/\/roveyayinevi.com.tr\/index.php\/urun\/kuresellesme-ve-milliyetcilik-devlet-bahceli-mhpsi-1997-2023\/"},"modified":"2026-04-15T03:28:43","modified_gmt":"2026-04-15T00:28:43","slug":"kuresellesme-ve-milliyetcilik-devlet-bahceli-mhpsi-1997-2023","status":"publish","type":"product","link":"https:\/\/roveyayinevi.com.tr\/index.php\/urun\/kuresellesme-ve-milliyetcilik-devlet-bahceli-mhpsi-1997-2023\/","title":{"rendered":"K\u00fcreselle\u015fme ve Milliyet\u00e7ilik Devlet Bah\u00e7eli MHP\u2019si (1997-2023)"},"content":{"rendered":"<p>\u201cUzun y\u0131llar gazetecilik yaparak MHP&#8217;nin i\u00e7 y\u00fcz\u00fcn\u00fc ve Devlet Bah\u00e7eli&#8217;nin liderli\u011fini yak\u0131ndan g\u00f6zlemleyen Nevin Bilgin, \u015fimdi bu derinlemesine g\u00f6zlemlerini &#8220;K\u00fcreselle\u015fme ve Milliyet\u00e7ilik: Devlet Bah\u00e7eli MHP&#8217;si (1997-2023)&#8221; adl\u0131 kitab\u0131nda bir araya getiriyor. Gazetecilik kariyerinde elde etti\u011fi geni\u015f bilgi birikimi ve saha deneyimini, \u00fcniversitedeki akademik \u00e7al\u0131\u015fmalar\u0131yla birle\u015ftirerek bu eseri ortaya koydu. Kitap, MHP&#8217;nin siyasi yolculu\u011funu ve k\u00fcreselle\u015fme ile milliyet\u00e7ilik aras\u0131ndaki karma\u015f\u0131k ili\u015fkileri titizlikle ele al\u0131yor. Hem muhabirlikten, hem de akademinin izlerini ta\u015f\u0131yan eser, her sayfas\u0131nda bunu hissettiriyor. Bilgilendirici ve zevkle okuma olana\u011f\u0131 sunan \u00e7al\u0131\u015fma, MHP&#8217;nin tarihine dair \u00f6nemli bir bilgi kayna\u011f\u0131 ayn\u0131 zamanda. Bu kitap, sadece politik bir analiz de\u011fil, ayn\u0131 zamanda bir alan\u0131n hem saha hem de akademik a\u00e7\u0131dan ele al\u0131n\u0131\u015f\u0131n\u0131n \u00f6rnek bir yans\u0131mas\u0131d\u0131r\u2026\u201d Gazeteci-Yazar Sayg\u0131 \u00d6zt\u00fcrk \u201cMarks, Kom\u00fcnist Manifesto\u2019daki me\u015fhur c\u00fcmlesi ile \u201cKat\u0131 olan her \u015fey buharla\u015f\u0131yor\u201d diyor ve Avrupa\u2019da dola\u015fan bir Hayalet\u2019ten bahsediyordu. 19. Y\u00fczy\u0131l ideolojiler \u00e7a\u011f\u0131 olarak ya\u015fand\u0131. Bu d\u00f6nemde \u2018farkl\u0131 bir d\u00fcnya aray\u0131\u015f\u0131\u2019 kimi zaman insanl\u0131\u011f\u0131 yeni ya\u015fam denemelerine kimi zaman da sava\u015flara ve katliamlara s\u00fcr\u00fckledi. G\u00fcn\u00fcm\u00fczde ise Hayalet\u2019in bile \u00f6nce suland\u0131r\u0131ld\u0131\u011f\u0131 sonra da buharla\u015ft\u0131r\u0131ld\u0131\u011f\u0131 bir zaman diliminden ge\u00e7iyoruz. \u0130deolojiler bir yandan birbirlerine yakla\u015f\u0131rken di\u011fer yandan insanl\u0131k yo\u011fun bir entelekt\u00fcel deformasyon ile kar\u015f\u0131 kar\u015f\u0131ya kal\u0131yor. Pragmatizm, kat\u0131 ideolojik duru\u015flar\u0131 j\u00f6lemsi, ak\u0131\u015fkan bir k\u0131vama getirdi. Uzun y\u0131llar gazetecilik yapan ve bu i\u015fin duayenleri aras\u0131nda say\u0131labilecek olan \u00f6\u011frencim Nevin Bilgin bu kitab\u0131nda j\u00f6lemsi, ak\u0131\u015fkan bir ideoloji \u00f6rne\u011fi olarak milliyet\u00e7ilik ve Devlet Bah\u00e7eli d\u00f6nemini inan\u0131lmaz bir titizlikle ele al\u0131yor. Ulusal-k\u00fcresel ikileminde asl\u0131nda yan yana gelmeyecek gibi duran bu iki yakla\u015f\u0131m\u0131n nas\u0131l birbirine kar\u0131\u015ft\u0131r\u0131ld\u0131\u011f\u0131, pragmatist politikalar ve g\u00fcndelik siyasi rantlar u\u011fruna bir partinin milliyet\u00e7ilik ve ulusalc\u0131l\u0131k \u00fczerinden y\u00fckselen ideolojisinin k\u00fcresel g\u00fcndemler etraf\u0131nda nas\u0131l eridi\u011fini g\u00f6zler \u00f6n\u00fcne seriyor. \u0130deolojik sa\u011flam duru\u015fa inanan ve insanl\u0131\u011f\u0131n \u2018iyi ya\u015fam aray\u0131\u015f\u0131n\u0131n\u2019 ancak sa\u011flam ideolojiler ile ger\u00e7ekle\u015ftirilebilece\u011fine inanan birisi olarak g\u00fcn\u00fcm\u00fczde neredeyse sona ula\u015fan iyi ya\u015fam aray\u0131\u015f\u0131na ba\u011fl\u0131 gelecek umudumuzu yeniden canland\u0131rabilmek i\u00e7in Nevin Bilgin\u2019in bu \u00e7al\u0131\u015fmas\u0131na ve bu \u00e7al\u0131\u015fmaya benzer bir\u00e7ok yeni \u00e7al\u0131\u015fmaya ihtiyac\u0131m\u0131z oldu\u011funu d\u00fc\u015f\u00fcn\u00fcyorum. \u00c7al\u0131\u015fmay\u0131 gelece\u011fi kurmak i\u00e7in umudu olan ve bunun i\u00e7in de pragmatizm belas\u0131ndan kurtulmak gerekti\u011fine inanan herkese i\u00e7tenlikle \u00f6neriyorum\u2026\u201d Prof. Dr. Ahmet Alpay Dikmen <\/p>\n","protected":false},"excerpt":{"rendered":"<p>\u201cUzun y\u0131llar gazetecilik yaparak MHP&#8217;nin i\u00e7 y\u00fcz\u00fcn\u00fc ve Devlet Bah\u00e7eli&#8217;nin liderli\u011fini yak\u0131ndan g\u00f6zlemleyen Nevin Bilgin, \u015fimdi bu derinlemesine g\u00f6zlemlerini &#8220;K\u00fcreselle\u015fme ve Milliyet\u00e7ilik: Devlet Bah\u00e7eli MHP&#8217;si (1997-2023)&#8221;<span class=\"excerpt-hellip\"> [\u2026]<\/span><\/p>\n","protected":false},"featured_media":0,"template":"","meta":{"_monsterinsights_skip_tracking":false,"_monsterinsights_sitenote_active":false,"_monsterinsights_sitenote_note":"","_monsterinsights_sitenote_category":0},"product_brand":[],"product_cat":[12337],"product_tag":[],"class_list":{"0":"post-763433","1":"product","2":"type-product","3":"status-publish","5":"product_cat-politika-siyaset","6":"pa_cilt-ciltsiz","7":"pa_tur-kitap","8":"pa_yayinevi-galeati-yayincilik","9":"pa_yazar-nevin-bilgin","11":"first","12":"instock","13":"sale","14":"shipping-taxable","15":"purchasable","16":"product-type-simple"},"_links":{"self":[{"href":"https:\/\/roveyayinevi.com.tr\/index.php\/wp-json\/wp\/v2\/product\/763433","targetHints":{"allow":["GET"]}}],"collection":[{"href":"https:\/\/roveyayinevi.com.tr\/index.php\/wp-json\/wp\/v2\/product"}],"about":[{"href":"https:\/\/roveyayinevi.com.tr\/index.php\/wp-json\/wp\/v2\/types\/product"}],"wp:attachment":[{"href":"https:\/\/roveyayinevi.com.tr\/index.php\/wp-json\/wp\/v2\/media?parent=763433"}],"wp:term":[{"taxonomy":"product_brand","embeddable":true,"href":"https:\/\/roveyayinevi.com.tr\/index.php\/wp-json\/wp\/v2\/product_brand?post=763433"},{"taxonomy":"product_cat","embeddable":true,"href":"https:\/\/roveyayinevi.com.tr\/index.php\/wp-json\/wp\/v2\/product_cat?post=763433"},{"taxonomy":"product_tag","embeddable":true,"href":"https:\/\/roveyayinevi.com.tr\/index.php\/wp-json\/wp\/v2\/product_tag?post=763433"}],"curies":[{"name":"wp","href":"https:\/\/api.w.org\/{rel}","templated":true}]}}