{"id":763432,"date":"2025-08-28T10:40:54","date_gmt":"2025-08-28T07:40:54","guid":{"rendered":"https:\/\/roveyayinevi.com.tr\/index.php\/urun\/buyuk-deniz\/"},"modified":"2026-04-15T03:28:43","modified_gmt":"2026-04-15T00:28:43","slug":"buyuk-deniz","status":"publish","type":"product","link":"https:\/\/roveyayinevi.com.tr\/index.php\/urun\/buyuk-deniz\/","title":{"rendered":"B\u00fcy\u00fck Deniz"},"content":{"rendered":"<p>\u201cD\u00fcnyan\u0131n en b\u00fcy\u00fck medeniyet merkezlerinden birine dair ola\u011fan\u00fcst\u00fc bir \u00e7al\u0131\u015fma.\u201d\u2013Tony Barber, Financial Times     Avrupa, Asya ve Afrika\u2019y\u0131 birbirine ba\u011flayan Akdeniz, binlerce y\u0131ld\u0131r farkl\u0131 dinlerin, y\u00f6netim \u015fekillerinin, k\u00fclt\u00fcr ve ekonomilerin bulu\u015ftu\u011fu, \u00e7at\u0131\u015ft\u0131\u011f\u0131, birbirini etkiledi\u011fi bir yer olmu\u015ftur. Akdeniz tarihi profes\u00f6r\u00fc David Abulafia, tarih\u00f6ncesinden 21. y\u00fczy\u0131la uzanarak Akdeniz\u2019in imparatorluklar\u0131n y\u00fckseli\u015f ve \u00e7\u00f6k\u00fc\u015f d\u00f6nemlerindeki \u00f6nemine, denizin ula\u015f\u0131m ve beslenme i\u00e7in pratikli\u011fine, denizin tehlikeli sular\u0131n\u0131 a\u015fan denizci, korsan, g\u00f6\u00e7men gibi ki\u015filere odaklanarak detayl\u0131 bir Akdeniz tarihi \u00e7al\u0131\u015fmas\u0131n\u0131 okurlarla bulu\u015fturuyor.\u201c\u2018Akdeniz tarihi\u2019 bir\u00e7ok anlama gelebilir. Bu kitap Akdeniz \u00e7evresindeki topraklar\u0131n de\u011fil, Akdeniz\u2019in tarihidir; daha do\u011frusu bu denizi ge\u00e7en ve adalar\u0131nda ya da liman kentlerinde ya\u015fayan insanlar\u0131n tarihi. Kitab\u0131n temas\u0131 Akdeniz\u2019in ticari, k\u00fclt\u00fcrel ve hatta \u2013Romal\u0131lar d\u00f6neminde\u2013 siyasi olarak tek bir b\u00f6lgeye, farkl\u0131 derecelerde entegre olma s\u00fcreci ve bu entegrasyon d\u00f6nemlerinin bazen nas\u0131l, sava\u015f ya da veba nedeniyle, \u015fiddetli bir par\u00e7alanmayla sona erdi\u011fidir.\u201d<\/p>\n","protected":false},"excerpt":{"rendered":"<p>\u201cD\u00fcnyan\u0131n en b\u00fcy\u00fck medeniyet merkezlerinden birine dair ola\u011fan\u00fcst\u00fc bir \u00e7al\u0131\u015fma.\u201d\u2013Tony Barber, Financial Times Avrupa, Asya ve Afrika\u2019y\u0131 birbirine ba\u011flayan Akdeniz, binlerce y\u0131ld\u0131r farkl\u0131 dinlerin, y\u00f6netim \u015fekillerinin,<span class=\"excerpt-hellip\"> [\u2026]<\/span><\/p>\n","protected":false},"featured_media":0,"template":"","meta":{"_monsterinsights_skip_tracking":false,"_monsterinsights_sitenote_active":false,"_monsterinsights_sitenote_note":"","_monsterinsights_sitenote_category":0},"product_brand":[],"product_cat":[12304],"product_tag":[],"class_list":{"0":"post-763432","1":"product","2":"type-product","3":"status-publish","5":"product_cat-tarih","6":"pa_cilt-ciltsiz","7":"pa_tur-kitap","8":"pa_yayinevi-epsilon-yayinlari","9":"pa_yazar-david-abulafia","11":"first","12":"instock","13":"sale","14":"shipping-taxable","15":"purchasable","16":"product-type-simple"},"_links":{"self":[{"href":"https:\/\/roveyayinevi.com.tr\/index.php\/wp-json\/wp\/v2\/product\/763432","targetHints":{"allow":["GET"]}}],"collection":[{"href":"https:\/\/roveyayinevi.com.tr\/index.php\/wp-json\/wp\/v2\/product"}],"about":[{"href":"https:\/\/roveyayinevi.com.tr\/index.php\/wp-json\/wp\/v2\/types\/product"}],"wp:attachment":[{"href":"https:\/\/roveyayinevi.com.tr\/index.php\/wp-json\/wp\/v2\/media?parent=763432"}],"wp:term":[{"taxonomy":"product_brand","embeddable":true,"href":"https:\/\/roveyayinevi.com.tr\/index.php\/wp-json\/wp\/v2\/product_brand?post=763432"},{"taxonomy":"product_cat","embeddable":true,"href":"https:\/\/roveyayinevi.com.tr\/index.php\/wp-json\/wp\/v2\/product_cat?post=763432"},{"taxonomy":"product_tag","embeddable":true,"href":"https:\/\/roveyayinevi.com.tr\/index.php\/wp-json\/wp\/v2\/product_tag?post=763432"}],"curies":[{"name":"wp","href":"https:\/\/api.w.org\/{rel}","templated":true}]}}