{"id":763431,"date":"2025-08-28T10:40:53","date_gmt":"2025-08-28T07:40:53","guid":{"rendered":"https:\/\/roveyayinevi.com.tr\/index.php\/urun\/kopeginize-ekonomiyi-nasil-ogretirsiniz\/"},"modified":"2026-04-15T03:28:43","modified_gmt":"2026-04-15T00:28:43","slug":"kopeginize-ekonomiyi-nasil-ogretirsiniz","status":"publish","type":"product","link":"https:\/\/roveyayinevi.com.tr\/index.php\/urun\/kopeginize-ekonomiyi-nasil-ogretirsiniz\/","title":{"rendered":"K\u00f6pe\u011finize Ekonomiyi Nas\u0131l \u00d6\u011fretirsiniz?"},"content":{"rendered":"<p>\u201cEkonomi tart\u0131\u015fmalar\u0131n\u0131 anlamak istiyorum ama neresinden ba\u015flasam bilemiyorum\u201d diyenler ve ekonomiyle ha\u015f\u0131r ne\u015fir olup yolunu kaybedenlere m\u00fcjde, overlok makinesi aya\u011f\u0131n\u0131za geldi!   Ekonomi, fizik gibi matematiksel bir bilim midir? Yoksa toplumlar\u0131n k\u0131t kaynaklar\u0131 nas\u0131l y\u00f6netmesi gerekti\u011fine dair ahlaki ve felsefi bir ara\u015ft\u0131rma m\u0131d\u0131r? K\u00f6pe\u011finize Ekonomiyi Nas\u0131l \u00d6\u011fretirsiniz\u2019de Dr. Rebecca Campbell, \u00fczerinde \u00e7ok konu\u015fulan ama az anla\u015f\u0131lan ekonomi ilmi \u00fczerine sade ve anla\u015f\u0131l\u0131r bir sohbet y\u00fcr\u00fct\u00fcyor. Makro\/mikroekonomi, arz ve talep, piyasa dengesi ve para politikas\u0131 gibi kavramlar\u0131n hayatlar\u0131m\u0131za etkisini tart\u0131\u015f\u0131yor. Tart\u0131\u015fmay\u0131 Adam Smith\u2019ten Thomas Piketty\u2019ye kadar getirerek baz\u0131 \u00fclkelerin neden di\u011ferlerinden daha zengin oldu\u011funu soru\u015fturuyor. Elbette acayip grafiklerden, karma\u015f\u0131k \u015femalardan ve matematiksel form\u00fcllerden azade bir anlat\u0131mla yap\u0131yor bunu. K\u00f6pe\u011finize Ekonomiyi Nas\u0131l \u00d6\u011fretirsiniz, Smith, Marx, Keynes, Friedman ve daha bir\u00e7ok b\u00fcy\u00fck ekonomistin teorilerini, bir kad\u0131n ve k\u00f6pe\u011fin pon\u00e7ik ili\u015fkisi arac\u0131l\u0131\u011f\u0131yla sunmay\u0131 ba\u015faran, e\u011flenceli ve \u00f6\u011fretici bir kitap.<\/p>\n","protected":false},"excerpt":{"rendered":"<p>\u201cEkonomi tart\u0131\u015fmalar\u0131n\u0131 anlamak istiyorum ama neresinden ba\u015flasam bilemiyorum\u201d diyenler ve ekonomiyle ha\u015f\u0131r ne\u015fir olup yolunu kaybedenlere m\u00fcjde, overlok makinesi aya\u011f\u0131n\u0131za geldi! Ekonomi, fizik gibi matematiksel bir<span class=\"excerpt-hellip\"> [\u2026]<\/span><\/p>\n","protected":false},"featured_media":0,"template":"","meta":{"_monsterinsights_skip_tracking":false,"_monsterinsights_sitenote_active":false,"_monsterinsights_sitenote_note":"","_monsterinsights_sitenote_category":0},"product_brand":[],"product_cat":[13043],"product_tag":[],"class_list":{"0":"post-763431","1":"product","2":"type-product","3":"status-publish","5":"product_cat-ekonomi","6":"pa_cilt-ciltsiz","7":"pa_tur-kitap","8":"pa_yayinevi-okuyan-us-yayin","9":"pa_yazar-rebecca-campbell-anthony-mcgowan","11":"first","12":"instock","13":"sale","14":"shipping-taxable","15":"purchasable","16":"product-type-simple"},"_links":{"self":[{"href":"https:\/\/roveyayinevi.com.tr\/index.php\/wp-json\/wp\/v2\/product\/763431","targetHints":{"allow":["GET"]}}],"collection":[{"href":"https:\/\/roveyayinevi.com.tr\/index.php\/wp-json\/wp\/v2\/product"}],"about":[{"href":"https:\/\/roveyayinevi.com.tr\/index.php\/wp-json\/wp\/v2\/types\/product"}],"wp:attachment":[{"href":"https:\/\/roveyayinevi.com.tr\/index.php\/wp-json\/wp\/v2\/media?parent=763431"}],"wp:term":[{"taxonomy":"product_brand","embeddable":true,"href":"https:\/\/roveyayinevi.com.tr\/index.php\/wp-json\/wp\/v2\/product_brand?post=763431"},{"taxonomy":"product_cat","embeddable":true,"href":"https:\/\/roveyayinevi.com.tr\/index.php\/wp-json\/wp\/v2\/product_cat?post=763431"},{"taxonomy":"product_tag","embeddable":true,"href":"https:\/\/roveyayinevi.com.tr\/index.php\/wp-json\/wp\/v2\/product_tag?post=763431"}],"curies":[{"name":"wp","href":"https:\/\/api.w.org\/{rel}","templated":true}]}}