{"id":763430,"date":"2025-08-28T10:40:51","date_gmt":"2025-08-28T07:40:51","guid":{"rendered":"https:\/\/roveyayinevi.com.tr\/index.php\/urun\/olmaz-boyle-sey-ilk-kelimelerim-mahallem-sivama-cilt\/"},"modified":"2026-04-15T03:28:42","modified_gmt":"2026-04-15T00:28:42","slug":"olmaz-boyle-sey-ilk-kelimelerim-mahallem-sivama-cilt","status":"publish","type":"product","link":"https:\/\/roveyayinevi.com.tr\/index.php\/urun\/olmaz-boyle-sey-ilk-kelimelerim-mahallem-sivama-cilt\/","title":{"rendered":"Olmaz B\u00f6yle \u015eey \u0130lk Kelimelerim Mahallem (S\u0131vama Cilt)"},"content":{"rendered":"<p>\u0130nteraktif, bilmeceli, etkinlikli, \u0130\u00e7 i\u00e7e a\u00e7\u0131lan pencereli kitap! Boardbook     Mahalledeki d\u00fckk\u00e2nlar\u0131 tek tek gezmeye ne dersin? Buralarda \u201cOlmaz B\u00f6yle \u015eey\u201d dediklerini g\u00f6sterebilir misin? Aman dikkat, bu hi\u00e7 kolay de\u011fil! Her sayfada i\u00e7 i\u00e7e a\u00e7\u0131lan pencereler, sorular, bilmeceler\u2026 Haydi minik dedektifler, i\u015f ba\u015f\u0131na\u2026<\/p>\n","protected":false},"excerpt":{"rendered":"<p>\u0130nteraktif, bilmeceli, etkinlikli, \u0130\u00e7 i\u00e7e a\u00e7\u0131lan pencereli kitap! Boardbook Mahalledeki d\u00fckk\u00e2nlar\u0131 tek tek gezmeye ne dersin? Buralarda \u201cOlmaz B\u00f6yle \u015eey\u201d dediklerini g\u00f6sterebilir misin? Aman dikkat, bu<span class=\"excerpt-hellip\"> [\u2026]<\/span><\/p>\n","protected":false},"featured_media":0,"template":"","meta":{"_monsterinsights_skip_tracking":false,"_monsterinsights_sitenote_active":false,"_monsterinsights_sitenote_note":"","_monsterinsights_sitenote_category":0},"product_brand":[],"product_cat":[12274,12518],"product_tag":[],"class_list":{"0":"post-763430","1":"product","2":"type-product","3":"status-publish","5":"product_cat-cocuk-ve-genclik-kitaplari","6":"product_cat-okul-oncesi-kitaplar","7":"pa_cilt-ciltli","8":"pa_tur-kitap","9":"pa_yayinevi-ucan-fil-yayinlari","10":"pa_yazar-nimet-kirsan","12":"first","13":"instock","14":"sale","15":"shipping-taxable","16":"purchasable","17":"product-type-simple"},"_links":{"self":[{"href":"https:\/\/roveyayinevi.com.tr\/index.php\/wp-json\/wp\/v2\/product\/763430","targetHints":{"allow":["GET"]}}],"collection":[{"href":"https:\/\/roveyayinevi.com.tr\/index.php\/wp-json\/wp\/v2\/product"}],"about":[{"href":"https:\/\/roveyayinevi.com.tr\/index.php\/wp-json\/wp\/v2\/types\/product"}],"wp:attachment":[{"href":"https:\/\/roveyayinevi.com.tr\/index.php\/wp-json\/wp\/v2\/media?parent=763430"}],"wp:term":[{"taxonomy":"product_brand","embeddable":true,"href":"https:\/\/roveyayinevi.com.tr\/index.php\/wp-json\/wp\/v2\/product_brand?post=763430"},{"taxonomy":"product_cat","embeddable":true,"href":"https:\/\/roveyayinevi.com.tr\/index.php\/wp-json\/wp\/v2\/product_cat?post=763430"},{"taxonomy":"product_tag","embeddable":true,"href":"https:\/\/roveyayinevi.com.tr\/index.php\/wp-json\/wp\/v2\/product_tag?post=763430"}],"curies":[{"name":"wp","href":"https:\/\/api.w.org\/{rel}","templated":true}]}}