{"id":763429,"date":"2025-08-28T10:39:48","date_gmt":"2025-08-28T07:39:48","guid":{"rendered":"https:\/\/roveyayinevi.com.tr\/index.php\/urun\/gok-bilimci-ne-yapar\/"},"modified":"2026-04-15T03:28:42","modified_gmt":"2026-04-15T00:28:42","slug":"gok-bilimci-ne-yapar","status":"publish","type":"product","link":"https:\/\/roveyayinevi.com.tr\/index.php\/urun\/gok-bilimci-ne-yapar\/","title":{"rendered":"G\u00f6k Bilimci Ne Yapar?"},"content":{"rendered":"<p>U\u00e7suz bucaks\u0131z g\u00f6kyu\u0308zu\u0308nde kim bilir neler var&#8230; Geceleri g\u00f6kyu\u0308zu\u0308ne bak\u0131yor musun? Y\u0131ld\u0131zlar nas\u0131l da par\u0131l par\u0131l parl\u0131yor. Peki ya g\u00f6zle g\u00f6remediklerimiz? Neyse ki g\u00f6k bilimci var! G\u00f6k bilimci geceleri g\u00f6zlemevine \u00e7\u0131k\u0131yor, y\u0131ld\u0131zlar\u0131 izliyor. Dev teleskoplar kullanarak g\u00f6kyu\u0308zu\u0308nu\u0308 inceliyor ve bize uzaydaki di\u011fer gezegenler hakk\u0131nda bilgi veriyor. \u0130\u015fi ger\u00e7ekten de \u00e7ok haval\u0131, \u00f6yle de\u011fil mi? \u0130\u015eTE SANA G\u00d6K B\u0130L\u0130MC\u0130LER VE \u0130LG\u0130N\u00c7 MESLEKLER\u0130 HAKKINDA HAR\u0130KA B\u0130LG\u0130LERLE DOLU B\u0130R K\u0130TAP. <\/p>\n","protected":false},"excerpt":{"rendered":"<p>U\u00e7suz bucaks\u0131z g\u00f6kyu\u0308zu\u0308nde kim bilir neler var&#8230; Geceleri g\u00f6kyu\u0308zu\u0308ne bak\u0131yor musun? Y\u0131ld\u0131zlar nas\u0131l da par\u0131l par\u0131l parl\u0131yor. Peki ya g\u00f6zle g\u00f6remediklerimiz? Neyse ki g\u00f6k bilimci var!<span class=\"excerpt-hellip\"> [\u2026]<\/span><\/p>\n","protected":false},"featured_media":0,"template":"","meta":{"_monsterinsights_skip_tracking":false,"_monsterinsights_sitenote_active":false,"_monsterinsights_sitenote_note":"","_monsterinsights_sitenote_category":0},"product_brand":[],"product_cat":[12274,15842],"product_tag":[],"class_list":{"0":"post-763429","1":"product","2":"type-product","3":"status-publish","5":"product_cat-cocuk-ve-genclik-kitaplari","6":"product_cat-egitici-kitaplar","7":"pa_cilt-ciltsiz","8":"pa_tur-kitap","9":"pa_yayinevi-domingo-yayinevi","10":"pa_yazar-liesbet-slegers","12":"first","13":"instock","14":"sale","15":"shipping-taxable","16":"purchasable","17":"product-type-simple"},"_links":{"self":[{"href":"https:\/\/roveyayinevi.com.tr\/index.php\/wp-json\/wp\/v2\/product\/763429","targetHints":{"allow":["GET"]}}],"collection":[{"href":"https:\/\/roveyayinevi.com.tr\/index.php\/wp-json\/wp\/v2\/product"}],"about":[{"href":"https:\/\/roveyayinevi.com.tr\/index.php\/wp-json\/wp\/v2\/types\/product"}],"wp:attachment":[{"href":"https:\/\/roveyayinevi.com.tr\/index.php\/wp-json\/wp\/v2\/media?parent=763429"}],"wp:term":[{"taxonomy":"product_brand","embeddable":true,"href":"https:\/\/roveyayinevi.com.tr\/index.php\/wp-json\/wp\/v2\/product_brand?post=763429"},{"taxonomy":"product_cat","embeddable":true,"href":"https:\/\/roveyayinevi.com.tr\/index.php\/wp-json\/wp\/v2\/product_cat?post=763429"},{"taxonomy":"product_tag","embeddable":true,"href":"https:\/\/roveyayinevi.com.tr\/index.php\/wp-json\/wp\/v2\/product_tag?post=763429"}],"curies":[{"name":"wp","href":"https:\/\/api.w.org\/{rel}","templated":true}]}}