{"id":763428,"date":"2025-08-28T10:39:47","date_gmt":"2025-08-28T07:39:47","guid":{"rendered":"https:\/\/roveyayinevi.com.tr\/index.php\/urun\/surec-temelli-terapiyi-ogrenmek\/"},"modified":"2026-04-15T03:28:42","modified_gmt":"2026-04-15T00:28:42","slug":"surec-temelli-terapiyi-ogrenmek","status":"publish","type":"product","link":"https:\/\/roveyayinevi.com.tr\/index.php\/urun\/surec-temelli-terapiyi-ogrenmek\/","title":{"rendered":"S\u00fcre\u00e7-Temelli Terapiyi \u00d6\u011frenmek"},"content":{"rendered":"<p>Bili\u015flsel\u2013Davran\u0131\u015fc\u0131 Terapi (BDT) dahil olmak \u00fczere kan\u0131ta dayal\u0131 psikolojik tedaviler uzun zamand\u0131r sendromlara odaklanan bilimsel olarak do\u011frulanm\u0131\u015f protokoller a\u00e7s\u0131ndan tan\u0131mlanm\u0131\u015ft\u0131r. Bu durum d\u00f6nem klinik psikolojisinde h\u0131zla de\u011fi\u015fiyor.\u201cSendromlar i\u00e7in protokoller\u201d \u00e7o\u011fu sona ererken, kan\u0131ta dayal\u0131 terapiler i\u00e7in s\u00fcre\u00e7 odakl\u0131 bir yakla\u015f\u0131m ortaya \u00e7\u0131k\u0131yor. \u00c7\u0131\u011f\u0131r a\u00e7an bu kitap, klinik prati\u011finizde s\u00fcre\u00e7-temelli bir yakla\u015f\u0131m\u0131 benimsemek i\u00e7in somut stratejiler sunar ve etkili tedavi planlar\u0131 olu\u015fturmak i\u00e7in ad\u0131m ad\u0131m rehberlik sa\u011flar.D\u00f6nemin \u00fcnl\u00fc psikologlar\u203a Steven C. Hayes ve Stefan G. Hofmann taraf\u0131ndan yaz\u0131lan bu k\u0131lavuz, S\u00fcre\u00e7-Temelli Terapi\u2019nin temel yetkinliklerini, BDT\u2019nin davran\u0131\u015fsal, bili\u015fsel ve kabul ve fark\u0131ndal\u0131k kollar\u0131n\u0131n hakk\u0131n\u0131 vererek di\u011fer modellere k\u00f6pr\u00fcler kuracak \u015fekilde nas\u0131l kullanaca\u011f\u0131n\u0131z\u0131 g\u00f6steriyor. Kitapta, S\u00fcre\u00e7-Temelli Terapi\u2019nin kuramsal temellerine y\u00f6nelik kapsaml\u0131 bir yol haritas\u0131 ve her bir dan\u0131\u015fan\u0131n benzersiz ihtiya\u00e7lar\u0131n\u0131 ele alan, daha iyi terap\u00f6tik sonu\u00e7lar elde etmenize yard\u0131mc\u0131 olacak \u00f6zelle\u015ftirilmi\u015f m\u00fcdahale olu\u015fturma teknikleri bulacaks\u0131n\u0131z. ister klinisyen ister davran\u0131\u015f bilimleri \u00f6\u011frencisi olun, bu kitap kendi alan\u0131n\u0131zda S\u00fcre\u00e7-Temelli Terapi\u2019yi anlamak ve uygulamak i\u00e7in ihtiya\u00e7 duydu\u011funuz her \u015feyi sunmaktad\u0131r.<\/p>\n","protected":false},"excerpt":{"rendered":"<p>Bili\u015flsel\u2013Davran\u0131\u015fc\u0131 Terapi (BDT) dahil olmak \u00fczere kan\u0131ta dayal\u0131 psikolojik tedaviler uzun zamand\u0131r sendromlara odaklanan bilimsel olarak do\u011frulanm\u0131\u015f protokoller a\u00e7s\u0131ndan tan\u0131mlanm\u0131\u015ft\u0131r. Bu durum d\u00f6nem klinik psikolojisinde h\u0131zla<span class=\"excerpt-hellip\"> [\u2026]<\/span><\/p>\n","protected":false},"featured_media":0,"template":"","meta":{"_monsterinsights_skip_tracking":false,"_monsterinsights_sitenote_active":false,"_monsterinsights_sitenote_note":"","_monsterinsights_sitenote_category":0},"product_brand":[],"product_cat":[38801,12357],"product_tag":[],"class_list":{"0":"post-763428","1":"product","2":"type-product","3":"status-publish","5":"product_cat-ekoller-ve-yaklasimlar","6":"product_cat-psikoloji","7":"pa_cilt-ciltsiz","8":"pa_tur-kitap","9":"pa_yayinevi-psikonet-yayinlari","10":"pa_yazar-david-n-lorscheid-steven-c-hayes-stefan-g-hofmann","12":"first","13":"instock","14":"sale","15":"shipping-taxable","16":"purchasable","17":"product-type-simple"},"_links":{"self":[{"href":"https:\/\/roveyayinevi.com.tr\/index.php\/wp-json\/wp\/v2\/product\/763428","targetHints":{"allow":["GET"]}}],"collection":[{"href":"https:\/\/roveyayinevi.com.tr\/index.php\/wp-json\/wp\/v2\/product"}],"about":[{"href":"https:\/\/roveyayinevi.com.tr\/index.php\/wp-json\/wp\/v2\/types\/product"}],"wp:attachment":[{"href":"https:\/\/roveyayinevi.com.tr\/index.php\/wp-json\/wp\/v2\/media?parent=763428"}],"wp:term":[{"taxonomy":"product_brand","embeddable":true,"href":"https:\/\/roveyayinevi.com.tr\/index.php\/wp-json\/wp\/v2\/product_brand?post=763428"},{"taxonomy":"product_cat","embeddable":true,"href":"https:\/\/roveyayinevi.com.tr\/index.php\/wp-json\/wp\/v2\/product_cat?post=763428"},{"taxonomy":"product_tag","embeddable":true,"href":"https:\/\/roveyayinevi.com.tr\/index.php\/wp-json\/wp\/v2\/product_tag?post=763428"}],"curies":[{"name":"wp","href":"https:\/\/api.w.org\/{rel}","templated":true}]}}