{"id":763427,"date":"2025-08-28T10:39:46","date_gmt":"2025-08-28T07:39:46","guid":{"rendered":"https:\/\/roveyayinevi.com.tr\/index.php\/urun\/benefit-sharing-in-central-asia-transboundary-water-issues\/"},"modified":"2026-04-15T03:28:42","modified_gmt":"2026-04-15T00:28:42","slug":"benefit-sharing-in-central-asia-transboundary-water-issues","status":"publish","type":"product","link":"https:\/\/roveyayinevi.com.tr\/index.php\/urun\/benefit-sharing-in-central-asia-transboundary-water-issues\/","title":{"rendered":"Benef\u0131t Shar\u0131ng In Central As\u0131a Transboundary Water Issues"},"content":{"rendered":"<p>\u0130\u00e7indekiler :   CHAPTER 1   TRANSBOUNDARY WATER ISSUES IN CENTRAL ASIA: AN ANALYSIS OF BENEFIT SHARING APPROACH   CHAPTER 2   AN EVALUATION OF WATER FOOTPRINT AND VIRTUAL WATER TRADE IN CENTRAL ASIA IN RELATION TO THE BENEFIT-SHARING APPROACH   CHAPTER 3   IMPLEMENTATION OF BENEFIT-SHARING MECHANISM IN THE WORLD: NILE RIVER BASIN CASE STUDY <\/p>\n","protected":false},"excerpt":{"rendered":"<p>\u0130\u00e7indekiler : CHAPTER 1 TRANSBOUNDARY WATER ISSUES IN CENTRAL ASIA: AN ANALYSIS OF BENEFIT SHARING APPROACH CHAPTER 2 AN EVALUATION OF WATER FOOTPRINT AND VIRTUAL WATER<span class=\"excerpt-hellip\"> [\u2026]<\/span><\/p>\n","protected":false},"featured_media":0,"template":"","meta":{"_monsterinsights_skip_tracking":false,"_monsterinsights_sitenote_active":false,"_monsterinsights_sitenote_note":"","_monsterinsights_sitenote_category":0},"product_brand":[],"product_cat":[12472],"product_tag":[],"class_list":{"0":"post-763427","1":"product","2":"type-product","3":"status-publish","5":"product_cat-yabanci-dilde-kitaplar","6":"pa_cilt-ciltsiz","7":"pa_tur-kitap","8":"pa_yayinevi-gazi-kitabevi","9":"pa_yazar-kolektif","11":"first","12":"instock","13":"sale","14":"shipping-taxable","15":"purchasable","16":"product-type-simple"},"_links":{"self":[{"href":"https:\/\/roveyayinevi.com.tr\/index.php\/wp-json\/wp\/v2\/product\/763427","targetHints":{"allow":["GET"]}}],"collection":[{"href":"https:\/\/roveyayinevi.com.tr\/index.php\/wp-json\/wp\/v2\/product"}],"about":[{"href":"https:\/\/roveyayinevi.com.tr\/index.php\/wp-json\/wp\/v2\/types\/product"}],"wp:attachment":[{"href":"https:\/\/roveyayinevi.com.tr\/index.php\/wp-json\/wp\/v2\/media?parent=763427"}],"wp:term":[{"taxonomy":"product_brand","embeddable":true,"href":"https:\/\/roveyayinevi.com.tr\/index.php\/wp-json\/wp\/v2\/product_brand?post=763427"},{"taxonomy":"product_cat","embeddable":true,"href":"https:\/\/roveyayinevi.com.tr\/index.php\/wp-json\/wp\/v2\/product_cat?post=763427"},{"taxonomy":"product_tag","embeddable":true,"href":"https:\/\/roveyayinevi.com.tr\/index.php\/wp-json\/wp\/v2\/product_tag?post=763427"}],"curies":[{"name":"wp","href":"https:\/\/api.w.org\/{rel}","templated":true}]}}