{"id":763426,"date":"2025-08-28T10:39:45","date_gmt":"2025-08-28T07:39:45","guid":{"rendered":"https:\/\/roveyayinevi.com.tr\/index.php\/urun\/sosyal-sorumluluk-ekseninde-surdurulebilirlik\/"},"modified":"2026-04-15T03:28:42","modified_gmt":"2026-04-15T00:28:42","slug":"sosyal-sorumluluk-ekseninde-surdurulebilirlik","status":"publish","type":"product","link":"https:\/\/roveyayinevi.com.tr\/index.php\/urun\/sosyal-sorumluluk-ekseninde-surdurulebilirlik\/","title":{"rendered":"Sosyal Sorumluluk Ekseninde S\u00fcrd\u00fcr\u00fclebilirlik"},"content":{"rendered":"<p>\u0130\u00e7indekiler :   1. B\u00d6L\u00dcM SOSYAL SORUMLULUK   2. B\u00d6L\u00dcM S\u00dcRD\u00dcR\u00dcLEB\u0130L\u0130RL\u0130K   3. B\u00d6L\u00dcM TOPLUM \u2013 K\u00dcLT\u00dcR ve S\u00dcRD\u00dcR\u00dcLEB\u0130L\u0130RL\u0130K   4. B\u00d6L\u00dcM S\u00dcRD\u00dcR\u00dcLEB\u0130L\u0130RL\u0130K \u00c7ER\u00c7EVES\u0130NDE GER\u0130 D\u00d6N\u00dc\u015e\u00dcM ve PLANLI ESK\u0130TME   5. B\u00d6L\u00dcM Y\u00d6NET\u0130M &#8211; SOSYAL SORUMLULUK ve S\u00dcRD\u00dcR\u00dcLEB\u0130L\u0130RL\u0130K \u00dc\u00c7GEN\u0130   6. B\u00d6L\u00dcM S\u00dcRD\u00dcR\u00dcLEB\u0130L\u0130R Y\u00d6NET\u0130M ve S\u00dcRD\u00dcR\u00dcLEB\u0130L\u0130RL\u0130K Y\u00d6NET\u0130M\u0130   7. B\u00d6L\u00dcM B\u0130REYSEL SOSYAL SORUMLULUK ve S\u00dcRD\u00dcR\u00dcLEB\u0130L\u0130RL\u0130K   8. B\u00d6L\u00dcM KURUMSAL SOSYAL SORUMLULUK ve S\u00dcRD\u00dcR\u00dcLEB\u0130L\u0130RL\u0130K   9. B\u00d6L\u00dcM TOPLUMSAL SOSYAL SORUMLULUK ve S\u00dcRD\u00dcR\u00dcLEB\u0130L\u0130R TOPLUM     10. B\u00d6L\u00dcM S\u00dcRD\u00dcR\u00dcLEB\u0130L\u0130R \u0130MAJ ve \u0130\u015eLETME DE\u011eER\u0130   11. B\u00d6L\u00dcM S\u00dcRD\u00dcR\u00dcLEB\u0130L\u0130R YETENEK ve YEN\u0130L\u0130K   12. B\u00d6L\u00dcM S\u00dcRD\u00dcR\u00dcLEB\u0130L\u0130R DE\u011e\u0130\u015e\u0130M   13. B\u00d6L\u00dcM S\u00dcRD\u00dcR\u00dcLEB\u0130L\u0130R L\u0130DERL\u0130K   14. B\u00d6L\u00dcM S\u00dcRD\u00dcR\u00dcLEB\u0130L\u0130R \u00c7ALI\u015eMA S\u0130STEMLER\u0130 ve STRATEJ\u0130LER\u0130 OLU\u015eTURMAK   15. B\u00d6L\u00dcM S\u00dcRD\u00dcR\u00dcLEB\u0130L\u0130RL\u0130K ve KALKINMA   16. B\u00d6L\u00dcM \u00d6RNEKLERLE S\u00dcRD\u00dcR\u00dcLEB\u0130L\u0130RL\u0130K ve SOSYAL SORUMLULUK    <\/p>\n","protected":false},"excerpt":{"rendered":"<p>\u0130\u00e7indekiler : 1. B\u00d6L\u00dcM SOSYAL SORUMLULUK 2. B\u00d6L\u00dcM S\u00dcRD\u00dcR\u00dcLEB\u0130L\u0130RL\u0130K 3. B\u00d6L\u00dcM TOPLUM \u2013 K\u00dcLT\u00dcR ve S\u00dcRD\u00dcR\u00dcLEB\u0130L\u0130RL\u0130K 4. B\u00d6L\u00dcM S\u00dcRD\u00dcR\u00dcLEB\u0130L\u0130RL\u0130K \u00c7ER\u00c7EVES\u0130NDE GER\u0130 D\u00d6N\u00dc\u015e\u00dcM ve PLANLI ESK\u0130TME 5.<span class=\"excerpt-hellip\"> [\u2026]<\/span><\/p>\n","protected":false},"featured_media":0,"template":"","meta":{"_monsterinsights_skip_tracking":false,"_monsterinsights_sitenote_active":false,"_monsterinsights_sitenote_note":"","_monsterinsights_sitenote_category":0},"product_brand":[],"product_cat":[13043],"product_tag":[],"class_list":{"0":"post-763426","1":"product","2":"type-product","3":"status-publish","5":"product_cat-ekonomi","6":"pa_cilt-ciltsiz","7":"pa_tur-kitap","8":"pa_yayinevi-gazi-kitabevi","9":"pa_yazar-kolektif","11":"first","12":"instock","13":"sale","14":"shipping-taxable","15":"purchasable","16":"product-type-simple"},"_links":{"self":[{"href":"https:\/\/roveyayinevi.com.tr\/index.php\/wp-json\/wp\/v2\/product\/763426","targetHints":{"allow":["GET"]}}],"collection":[{"href":"https:\/\/roveyayinevi.com.tr\/index.php\/wp-json\/wp\/v2\/product"}],"about":[{"href":"https:\/\/roveyayinevi.com.tr\/index.php\/wp-json\/wp\/v2\/types\/product"}],"wp:attachment":[{"href":"https:\/\/roveyayinevi.com.tr\/index.php\/wp-json\/wp\/v2\/media?parent=763426"}],"wp:term":[{"taxonomy":"product_brand","embeddable":true,"href":"https:\/\/roveyayinevi.com.tr\/index.php\/wp-json\/wp\/v2\/product_brand?post=763426"},{"taxonomy":"product_cat","embeddable":true,"href":"https:\/\/roveyayinevi.com.tr\/index.php\/wp-json\/wp\/v2\/product_cat?post=763426"},{"taxonomy":"product_tag","embeddable":true,"href":"https:\/\/roveyayinevi.com.tr\/index.php\/wp-json\/wp\/v2\/product_tag?post=763426"}],"curies":[{"name":"wp","href":"https:\/\/api.w.org\/{rel}","templated":true}]}}