{"id":763423,"date":"2025-08-28T10:39:42","date_gmt":"2025-08-28T07:39:42","guid":{"rendered":"https:\/\/roveyayinevi.com.tr\/index.php\/urun\/insanin-mutluluk-arayisi\/"},"modified":"2026-04-15T03:28:42","modified_gmt":"2026-04-15T00:28:42","slug":"insanin-mutluluk-arayisi","status":"publish","type":"product","link":"https:\/\/roveyayinevi.com.tr\/index.php\/urun\/insanin-mutluluk-arayisi\/","title":{"rendered":"\u0130nsan\u0131n Mutluluk Aray\u0131\u015f\u0131"},"content":{"rendered":"<p>Hepimiz daha mutlu olmak isteriz, ancak beynimiz \u00e7o\u011fu zaman buna engel olur. D\u00fc\u015f\u00fcncelerimize \u00e7ok fazla tak\u0131ld\u0131\u011f\u0131m\u0131zda yetersizliklerimizi tak\u0131nt\u0131 haline getirir, kendimizi ba\u015fkalar\u0131yla k\u0131yaslar ve hayat\u0131m\u0131zdaki iyi \u015feyleri g\u00f6remeyiz. D\u00fcnyan\u0131n \u00f6nde gelen mutluluk uzman\u0131 psikolog Bruce Hood, \u0130nsan\u0131n Mutluluk Aray\u0131\u015f\u0131\u2019nda mutlulu\u011fun anahtar\u0131n\u0131n ba\u011flant\u0131 kurmak oldu\u011funu g\u00f6steriyor. Olumsuz d\u00fc\u015f\u00fcnce kal\u0131plar\u0131n\u0131 k\u0131rmak ve ger\u00e7ekten \u00f6nemli olan \u015feylerle yeniden ba\u011flant\u0131 kurmak i\u00e7in basit ama hayat de\u011fi\u015ftiren yedi ders sunuyor. N\u00f6robilim ve geli\u015fim psikolojisi alan\u0131nda onlarca y\u0131ld\u0131r yap\u0131lan \u00e7al\u0131\u015fmalara dayanan bu kitapta Profes\u00f6r Hood, ba\u015ftan sona a\u00e7\u0131k ve pratik \u00e7\u0131kar\u0131mlarla, d\u00fc\u015f\u00fcncelerimizi yeniden d\u00fczenlemek ve ya\u015famlar\u0131m\u0131z\u0131 d\u00f6n\u00fc\u015ft\u00fcrmek i\u00e7in hepimizin bilimin bulgular\u0131ndan nas\u0131l yararlanabilece\u011fimizi g\u00f6steriyor. \u0130nsanlar\u0131 mutlu etmek bu kitab\u0131n temel amac\u0131d\u0131r. <\/p>\n","protected":false},"excerpt":{"rendered":"<p>Hepimiz daha mutlu olmak isteriz, ancak beynimiz \u00e7o\u011fu zaman buna engel olur. D\u00fc\u015f\u00fcncelerimize \u00e7ok fazla tak\u0131ld\u0131\u011f\u0131m\u0131zda yetersizliklerimizi tak\u0131nt\u0131 haline getirir, kendimizi ba\u015fkalar\u0131yla k\u0131yaslar ve hayat\u0131m\u0131zdaki iyi<span class=\"excerpt-hellip\"> [\u2026]<\/span><\/p>\n","protected":false},"featured_media":0,"template":"","meta":{"_monsterinsights_skip_tracking":false,"_monsterinsights_sitenote_active":false,"_monsterinsights_sitenote_note":"","_monsterinsights_sitenote_category":0},"product_brand":[],"product_cat":[12357],"product_tag":[],"class_list":{"0":"post-763423","1":"product","2":"type-product","3":"status-publish","5":"product_cat-psikoloji","6":"pa_cilt-ciltsiz","7":"pa_tur-kitap","8":"pa_yayinevi-say-yayinlari","9":"pa_yazar-bruce-hood","11":"first","12":"instock","13":"sale","14":"shipping-taxable","15":"purchasable","16":"product-type-simple"},"_links":{"self":[{"href":"https:\/\/roveyayinevi.com.tr\/index.php\/wp-json\/wp\/v2\/product\/763423","targetHints":{"allow":["GET"]}}],"collection":[{"href":"https:\/\/roveyayinevi.com.tr\/index.php\/wp-json\/wp\/v2\/product"}],"about":[{"href":"https:\/\/roveyayinevi.com.tr\/index.php\/wp-json\/wp\/v2\/types\/product"}],"wp:attachment":[{"href":"https:\/\/roveyayinevi.com.tr\/index.php\/wp-json\/wp\/v2\/media?parent=763423"}],"wp:term":[{"taxonomy":"product_brand","embeddable":true,"href":"https:\/\/roveyayinevi.com.tr\/index.php\/wp-json\/wp\/v2\/product_brand?post=763423"},{"taxonomy":"product_cat","embeddable":true,"href":"https:\/\/roveyayinevi.com.tr\/index.php\/wp-json\/wp\/v2\/product_cat?post=763423"},{"taxonomy":"product_tag","embeddable":true,"href":"https:\/\/roveyayinevi.com.tr\/index.php\/wp-json\/wp\/v2\/product_tag?post=763423"}],"curies":[{"name":"wp","href":"https:\/\/api.w.org\/{rel}","templated":true}]}}