{"id":763422,"date":"2025-08-28T10:39:41","date_gmt":"2025-08-28T07:39:41","guid":{"rendered":"https:\/\/roveyayinevi.com.tr\/index.php\/urun\/ruhum-neredesin-carl-gustav-jung\/"},"modified":"2026-04-15T03:28:42","modified_gmt":"2026-04-15T00:28:42","slug":"ruhum-neredesin-carl-gustav-jung","status":"publish","type":"product","link":"https:\/\/roveyayinevi.com.tr\/index.php\/urun\/ruhum-neredesin-carl-gustav-jung\/","title":{"rendered":"Ruhum Neredesin \u2013 Carl Gustav Jung"},"content":{"rendered":"<p>\u201c\u0130ki ki\u015fi d\u00fc\u015f\u00fcn\u00fcn. Biri binlerce kitap okumu\u015f olsun, di\u011feri hi\u00e7 okumas\u0131n. Binlerce kitap okuyan ki\u015fi okuduklar\u0131n\u0131n hepsini unutmu\u015f olsa bile hi\u00e7 okumayan ki\u015fiden farkl\u0131 olacakt\u0131r\u2026 \u00c7\u00fcnk\u00fc bilin\u00e7d\u0131\u015f\u0131 kay\u0131t tutar.\u201d  C. G. Jung   Jung\u2019un Kara Kitaplar ad\u0131yla bilinen  g\u00fcnl\u00fck notlar\u0131, her \u015feyin kayd\u0131n\u0131 tutan bilin\u00e7d\u0131\u015f\u0131n\u0131n ke\u015ffedilmeyi bekleyen bir hazine oldu\u011funu g\u00f6sterir. Jung\u2019un g\u00fcnl\u00fcklerine d\u00fc\u015ft\u00fc\u011f\u00fc ayr\u0131nt\u0131l\u0131 notlar, daha sonraki kitaplar\u0131nda ve konferanslar\u0131nda ortaya koydu\u011fu anlay\u0131\u015f ve kavramlar\u0131n \u00f6z\u00fcn\u00fc te\u015fkil eder. Kolektif bilin\u00e7d\u0131\u015f\u0131, arketipler ve analitik psikolojinin daha bir\u00e7ok kavram\u0131n\u0131n tohumlar\u0131 Kara Kitaplar\u2019da at\u0131lm\u0131\u015ft\u0131r. Jung, Kara Kitaplar\u2019a \u201cRuhum neredesin?\u201d sorusuyla ba\u015flar. Kara Kitaplar\u2019da anlatt\u0131\u011f\u0131 bireyle\u015fme yolculu\u011funda ona ruhu rehberlik eder. Kendini Kara Kitaplar\u2019da \u201ckendi \u00e7\u00f6l\u00fcnde bir m\u00fcnzevi\u201d olarak tan\u0131mlamas\u0131 ve daha sonra derlenen K\u0131rm\u0131z\u0131 Kitap\u2019ta \u201cNe mutlu kendi \u00e7\u00f6l\u00fcnde ke\u015fi\u015f olabilene!\u201d diye eklemesi  bo\u015funa de\u011fildir.       Jung\u2019un \u00e7\u00f6l benzetmesi, bak\u0131ms\u0131z b\u0131rakt\u0131\u011f\u0131m\u0131z i\u00e7d\u00fcnyam\u0131z\u0131n \u00e7\u00f6le d\u00f6n\u00fc\u015ft\u00fc\u011f\u00fcne i\u015faret eder. Ayn\u0131 zamanda ger\u00e7ek mutlulu\u011fun kendi \u00e7\u00f6l\u00fcm\u00fcz\u00fc ye\u015fertmekten ge\u00e7ti\u011fine\u2026  Jung\u2019un kendi \u00e7\u00f6l\u00fcndeki yolculu\u011funun izini s\u00fcren bu kitap, onun kendi benli\u011finin \u00e7\u00f6l\u00fcn\u00fc ye\u015fertme \u00e7abas\u0131n\u0131 anlat\u0131r. <\/p>\n","protected":false},"excerpt":{"rendered":"<p>\u201c\u0130ki ki\u015fi d\u00fc\u015f\u00fcn\u00fcn. Biri binlerce kitap okumu\u015f olsun, di\u011feri hi\u00e7 okumas\u0131n. Binlerce kitap okuyan ki\u015fi okuduklar\u0131n\u0131n hepsini unutmu\u015f olsa bile hi\u00e7 okumayan ki\u015fiden farkl\u0131 olacakt\u0131r\u2026 \u00c7\u00fcnk\u00fc<span class=\"excerpt-hellip\"> [\u2026]<\/span><\/p>\n","protected":false},"featured_media":0,"template":"","meta":{"_monsterinsights_skip_tracking":false,"_monsterinsights_sitenote_active":false,"_monsterinsights_sitenote_note":"","_monsterinsights_sitenote_category":0},"product_brand":[],"product_cat":[12357],"product_tag":[],"class_list":{"0":"post-763422","1":"product","2":"type-product","3":"status-publish","5":"product_cat-psikoloji","6":"pa_cilt-ciltsiz","7":"pa_tur-kitap","8":"pa_yayinevi-destek-yayinlari","9":"pa_yazar-tufan-gobekcin","11":"first","12":"instock","13":"sale","14":"shipping-taxable","15":"purchasable","16":"product-type-simple"},"_links":{"self":[{"href":"https:\/\/roveyayinevi.com.tr\/index.php\/wp-json\/wp\/v2\/product\/763422","targetHints":{"allow":["GET"]}}],"collection":[{"href":"https:\/\/roveyayinevi.com.tr\/index.php\/wp-json\/wp\/v2\/product"}],"about":[{"href":"https:\/\/roveyayinevi.com.tr\/index.php\/wp-json\/wp\/v2\/types\/product"}],"wp:attachment":[{"href":"https:\/\/roveyayinevi.com.tr\/index.php\/wp-json\/wp\/v2\/media?parent=763422"}],"wp:term":[{"taxonomy":"product_brand","embeddable":true,"href":"https:\/\/roveyayinevi.com.tr\/index.php\/wp-json\/wp\/v2\/product_brand?post=763422"},{"taxonomy":"product_cat","embeddable":true,"href":"https:\/\/roveyayinevi.com.tr\/index.php\/wp-json\/wp\/v2\/product_cat?post=763422"},{"taxonomy":"product_tag","embeddable":true,"href":"https:\/\/roveyayinevi.com.tr\/index.php\/wp-json\/wp\/v2\/product_tag?post=763422"}],"curies":[{"name":"wp","href":"https:\/\/api.w.org\/{rel}","templated":true}]}}