{"id":763420,"date":"2025-08-28T10:39:37","date_gmt":"2025-08-28T07:39:37","guid":{"rendered":"https:\/\/roveyayinevi.com.tr\/index.php\/urun\/iddiayla-baslayan-veda-aski-2\/"},"modified":"2026-04-15T03:28:42","modified_gmt":"2026-04-15T00:28:42","slug":"iddiayla-baslayan-veda-aski-2","status":"publish","type":"product","link":"https:\/\/roveyayinevi.com.tr\/index.php\/urun\/iddiayla-baslayan-veda-aski-2\/","title":{"rendered":"\u0130ddiayla Ba\u015flayan Veda A\u015fk\u0131 2"},"content":{"rendered":"<p>&#8220;SEN SEVG\u0130L\u0130MS\u0130N.&#8221;   \u0130ddia meselesini Nao\u2019ya s\u00f6ylemeye kararl\u0131 olan Satomura, Nao\u2019yla aras\u0131ndaki mesafeyi kapatmaya \u00e7al\u0131\u015fmaktad\u0131r. Nao ise Satomura\u2019n\u0131n bu davran\u0131\u015f\u0131ndan rahats\u0131zl\u0131k duyar. Di\u011fer taraftan Riko, Sousuke\u2019den bilgi almaya \u00e7al\u0131\u015fmaktad\u0131r. Artan kayg\u0131lar ve su\u00e7luluk duygusu&#8230; Vedaya az kald\u0131. <\/p>\n","protected":false},"excerpt":{"rendered":"<p>&#8220;SEN SEVG\u0130L\u0130MS\u0130N.&#8221; \u0130ddia meselesini Nao\u2019ya s\u00f6ylemeye kararl\u0131 olan Satomura, Nao\u2019yla aras\u0131ndaki mesafeyi kapatmaya \u00e7al\u0131\u015fmaktad\u0131r. Nao ise Satomura\u2019n\u0131n bu davran\u0131\u015f\u0131ndan rahats\u0131zl\u0131k duyar. Di\u011fer taraftan Riko, Sousuke\u2019den bilgi<span class=\"excerpt-hellip\"> [\u2026]<\/span><\/p>\n","protected":false},"featured_media":0,"template":"","meta":{"_monsterinsights_skip_tracking":false,"_monsterinsights_sitenote_active":false,"_monsterinsights_sitenote_note":"","_monsterinsights_sitenote_category":0},"product_brand":[],"product_cat":[12416,12291],"product_tag":[],"class_list":{"0":"post-763420","1":"product","2":"type-product","3":"status-publish","5":"product_cat-cizgi-roman","6":"product_cat-edebiyat","7":"pa_cilt-ciltsiz","8":"pa_tur-kitap","9":"pa_yayinevi-athica-yayinlari","10":"pa_yazar-kolektif","12":"first","13":"instock","14":"sale","15":"shipping-taxable","16":"purchasable","17":"product-type-simple"},"_links":{"self":[{"href":"https:\/\/roveyayinevi.com.tr\/index.php\/wp-json\/wp\/v2\/product\/763420","targetHints":{"allow":["GET"]}}],"collection":[{"href":"https:\/\/roveyayinevi.com.tr\/index.php\/wp-json\/wp\/v2\/product"}],"about":[{"href":"https:\/\/roveyayinevi.com.tr\/index.php\/wp-json\/wp\/v2\/types\/product"}],"wp:attachment":[{"href":"https:\/\/roveyayinevi.com.tr\/index.php\/wp-json\/wp\/v2\/media?parent=763420"}],"wp:term":[{"taxonomy":"product_brand","embeddable":true,"href":"https:\/\/roveyayinevi.com.tr\/index.php\/wp-json\/wp\/v2\/product_brand?post=763420"},{"taxonomy":"product_cat","embeddable":true,"href":"https:\/\/roveyayinevi.com.tr\/index.php\/wp-json\/wp\/v2\/product_cat?post=763420"},{"taxonomy":"product_tag","embeddable":true,"href":"https:\/\/roveyayinevi.com.tr\/index.php\/wp-json\/wp\/v2\/product_tag?post=763420"}],"curies":[{"name":"wp","href":"https:\/\/api.w.org\/{rel}","templated":true}]}}