{"id":763418,"date":"2025-08-28T10:39:35","date_gmt":"2025-08-28T07:39:35","guid":{"rendered":"https:\/\/roveyayinevi.com.tr\/index.php\/urun\/isgalci-anneler\/"},"modified":"2026-04-08T03:25:22","modified_gmt":"2026-04-08T00:25:22","slug":"isgalci-anneler","status":"publish","type":"product","link":"https:\/\/roveyayinevi.com.tr\/index.php\/urun\/isgalci-anneler\/","title":{"rendered":"\u0130\u015fgalci Anneler"},"content":{"rendered":"<p>B\u0130Z\u0130M \u0130K\u0130 ANNEM\u0130Z VARDIR. B\u00dcY\u00dcRKEN G\u00d6RD\u00dc\u011e\u00dcM\u00dcZ ANNE VE ONUN \u0130\u00c7\u0130NDE G\u00d6REMED\u0130\u011e\u0130M\u0130Z SAKLI OLAN G\u00d6LGE ANNE.   Cennet annelerin ayaklar\u0131 alt\u0131ndaysa e\u011fer, yak\u0131nlarda bir yerde cehennem de var demektir. Annelik, her zaman sevgi dolu bir kucak, sonsuz bir huzur ve g\u00fcven kayna\u011f\u0131 de\u011fildir. Bet\u00fcl Demirk\u0131ran D\u00fcndar, \u0130\u015fgalci Anneler adl\u0131 bu kitab\u0131nda, anneli\u011fin karanl\u0131k y\u00fcz\u00fcne cesaretle \u0131\u015f\u0131k tutuyor. Kutsal anne modelinin alt\u0131ndaki karma\u015f\u0131k duygusal yap\u0131lar\u0131, arketiplerle ve mitlerle zenginle\u015ftirilmi\u015f bir anlat\u0131mla aktaran yazar, anneleri taraf\u0131ndan i\u015fgal edilmi\u015f bireylerin, s\u0131n\u0131rlar\u0131n\u0131 yeniden ke\u015ffetmelerinin ve kendi ya\u015famlar\u0131na sahip \u00e7\u0131kmalar\u0131n\u0131n nas\u0131l m\u00fcmk\u00fcn olaca\u011f\u0131n\u0131 etrafl\u0131ca inceleyerek \u00e7\u00f6z\u00fcm yollar\u0131 sunuyor.   Zorba anne, m\u00fckemmeliyet\u00e7i anne, ma\u011fdur anne, fedak\u00e2r anne profilleriyle y\u00fczle\u015fmeye haz\u0131rsan\u0131z, bu i\u015fgalden \u00f6zg\u00fcrle\u015fmeye ve iyile\u015fmeye de haz\u0131rs\u0131n\u0131z demektir. Kendini annesine kar\u015f\u0131 bor\u00e7lu hissedenler, annesinin beklentilerini kar\u015f\u0131lamak u\u011fruna kendi hayat\u0131ndan vazge\u00e7enler i\u00e7in e\u015fsiz bir rehber niteli\u011findeki bu kitap, bug\u00fcnk\u00fc yaralar\u0131n\u0131z\u0131 iyile\u015ftirmenize yard\u0131mc\u0131 olacak, vicdan\u0131n\u0131zla sizi bar\u0131\u015ft\u0131racak ve ki\u015fisel \u00f6zg\u00fcrl\u00fc\u011f\u00fcn\u00fcz\u00fcn kap\u0131lar\u0131n\u0131 aralayacakt\u0131r. <\/p>\n","protected":false},"excerpt":{"rendered":"<p>B\u0130Z\u0130M \u0130K\u0130 ANNEM\u0130Z VARDIR. B\u00dcY\u00dcRKEN G\u00d6RD\u00dc\u011e\u00dcM\u00dcZ ANNE VE ONUN \u0130\u00c7\u0130NDE G\u00d6REMED\u0130\u011e\u0130M\u0130Z SAKLI OLAN G\u00d6LGE ANNE. Cennet annelerin ayaklar\u0131 alt\u0131ndaysa e\u011fer, yak\u0131nlarda bir yerde cehennem de var<span class=\"excerpt-hellip\"> [\u2026]<\/span><\/p>\n","protected":false},"featured_media":0,"template":"","meta":{"_monsterinsights_skip_tracking":false,"_monsterinsights_sitenote_active":false,"_monsterinsights_sitenote_note":"","_monsterinsights_sitenote_category":0},"product_brand":[],"product_cat":[12364,12376],"product_tag":[],"class_list":{"0":"post-763418","1":"product","2":"type-product","3":"status-publish","5":"product_cat-genel-konular","6":"product_cat-kisisel-gelisim","7":"pa_cilt-ciltsiz","8":"pa_tur-kitap","9":"pa_yayinevi-destek-yayinlari","10":"pa_yazar-betul-demirkiran-dundar","12":"first","13":"instock","14":"sale","15":"shipping-taxable","16":"purchasable","17":"product-type-simple"},"_links":{"self":[{"href":"https:\/\/roveyayinevi.com.tr\/index.php\/wp-json\/wp\/v2\/product\/763418","targetHints":{"allow":["GET"]}}],"collection":[{"href":"https:\/\/roveyayinevi.com.tr\/index.php\/wp-json\/wp\/v2\/product"}],"about":[{"href":"https:\/\/roveyayinevi.com.tr\/index.php\/wp-json\/wp\/v2\/types\/product"}],"wp:attachment":[{"href":"https:\/\/roveyayinevi.com.tr\/index.php\/wp-json\/wp\/v2\/media?parent=763418"}],"wp:term":[{"taxonomy":"product_brand","embeddable":true,"href":"https:\/\/roveyayinevi.com.tr\/index.php\/wp-json\/wp\/v2\/product_brand?post=763418"},{"taxonomy":"product_cat","embeddable":true,"href":"https:\/\/roveyayinevi.com.tr\/index.php\/wp-json\/wp\/v2\/product_cat?post=763418"},{"taxonomy":"product_tag","embeddable":true,"href":"https:\/\/roveyayinevi.com.tr\/index.php\/wp-json\/wp\/v2\/product_tag?post=763418"}],"curies":[{"name":"wp","href":"https:\/\/api.w.org\/{rel}","templated":true}]}}