{"id":763416,"date":"2025-08-28T10:39:31","date_gmt":"2025-08-28T07:39:31","guid":{"rendered":"https:\/\/roveyayinevi.com.tr\/index.php\/urun\/savascinin-acligi-2\/"},"modified":"2026-04-15T03:28:42","modified_gmt":"2026-04-15T00:28:42","slug":"savascinin-acligi-2","status":"publish","type":"product","link":"https:\/\/roveyayinevi.com.tr\/index.php\/urun\/savascinin-acligi-2\/","title":{"rendered":"Sava\u015f\u00e7\u0131n\u0131n A\u00e7l\u0131\u011f\u0131 2"},"content":{"rendered":"<p>BESLENME \u0130HT\u0130YACI   A\u00e7g\u00f6zl\u00fcl\u00fck yetene\u011finin ger\u00e7ek g\u00fcc\u00fcn\u00fc\u0308 ke\u015ffettikten sonra Fate Graphite, bir sava\u015f\u00e7\u0131 olma yolunda ilk ad\u0131m\u0131n\u0131 atar. Art\u0131k gu\u0308ndu\u0308zleri Roxy Hart\u2019\u0131n evinde hizmet\u00e7i olarak \u00e7al\u0131\u015fmakta, geceleri ise a\u00e7l\u0131\u011f\u0131n\u0131 tatmin etmek i\u00e7in canavar avlamaktad\u0131r. Ancak ard\u0131nda b\u0131rakt\u0131\u011f\u0131 cesetler, etrafta dola\u015fan bir lich hakk\u0131nda s\u00f6ylentilere neden olmu\u015ftur. Fate, eski d\u00fc\u015fman\u0131 Hado Vlerick\u2019in, di\u011fer kimli\u011fini \u00f6ldu\u0308rmek istedi\u011fini \u00f6\u011frendi\u011finde zay\u0131f du\u0308\u015fmu\u0308\u015f bu yeni sava\u015f\u00e7\u0131 intikam almak i\u00e7in bir plan yapar! <\/p>\n","protected":false},"excerpt":{"rendered":"<p>BESLENME \u0130HT\u0130YACI A\u00e7g\u00f6zl\u00fcl\u00fck yetene\u011finin ger\u00e7ek g\u00fcc\u00fcn\u00fc\u0308 ke\u015ffettikten sonra Fate Graphite, bir sava\u015f\u00e7\u0131 olma yolunda ilk ad\u0131m\u0131n\u0131 atar. Art\u0131k gu\u0308ndu\u0308zleri Roxy Hart\u2019\u0131n evinde hizmet\u00e7i olarak \u00e7al\u0131\u015fmakta, geceleri<span class=\"excerpt-hellip\"> [\u2026]<\/span><\/p>\n","protected":false},"featured_media":0,"template":"","meta":{"_monsterinsights_skip_tracking":false,"_monsterinsights_sitenote_active":false,"_monsterinsights_sitenote_note":"","_monsterinsights_sitenote_category":0},"product_brand":[],"product_cat":[12416,12291],"product_tag":[],"class_list":{"0":"post-763416","1":"product","2":"type-product","3":"status-publish","5":"product_cat-cizgi-roman","6":"product_cat-edebiyat","7":"pa_cilt-ciltsiz","8":"pa_tur-kitap","9":"pa_yayinevi-athica-yayinlari","10":"pa_yazar-ichika-issiki","12":"first","13":"instock","14":"sale","15":"shipping-taxable","16":"purchasable","17":"product-type-simple"},"_links":{"self":[{"href":"https:\/\/roveyayinevi.com.tr\/index.php\/wp-json\/wp\/v2\/product\/763416","targetHints":{"allow":["GET"]}}],"collection":[{"href":"https:\/\/roveyayinevi.com.tr\/index.php\/wp-json\/wp\/v2\/product"}],"about":[{"href":"https:\/\/roveyayinevi.com.tr\/index.php\/wp-json\/wp\/v2\/types\/product"}],"wp:attachment":[{"href":"https:\/\/roveyayinevi.com.tr\/index.php\/wp-json\/wp\/v2\/media?parent=763416"}],"wp:term":[{"taxonomy":"product_brand","embeddable":true,"href":"https:\/\/roveyayinevi.com.tr\/index.php\/wp-json\/wp\/v2\/product_brand?post=763416"},{"taxonomy":"product_cat","embeddable":true,"href":"https:\/\/roveyayinevi.com.tr\/index.php\/wp-json\/wp\/v2\/product_cat?post=763416"},{"taxonomy":"product_tag","embeddable":true,"href":"https:\/\/roveyayinevi.com.tr\/index.php\/wp-json\/wp\/v2\/product_tag?post=763416"}],"curies":[{"name":"wp","href":"https:\/\/api.w.org\/{rel}","templated":true}]}}