{"id":763412,"date":"2025-08-28T10:39:25","date_gmt":"2025-08-28T07:39:25","guid":{"rendered":"https:\/\/roveyayinevi.com.tr\/index.php\/urun\/her-gun-tanrica-olmak\/"},"modified":"2026-04-08T03:25:22","modified_gmt":"2026-04-08T00:25:22","slug":"her-gun-tanrica-olmak","status":"publish","type":"product","link":"https:\/\/roveyayinevi.com.tr\/index.php\/urun\/her-gun-tanrica-olmak\/","title":{"rendered":"Her G\u00fcn Tanr\u0131\u00e7a Olmak"},"content":{"rendered":"<p>G\u00fcc\u00fcn\u00fc g\u00fczelli\u011finden alan Kleopatra, b\u00fcy\u00fck ac\u0131larla kar\u015f\u0131la\u015fan ve bu ac\u0131lar sayesinde olgunla\u015fan M\u0131s\u0131r Tanr\u0131\u00e7as\u0131 \u0130sis ve daha niceleri\u2026 Onlar kendilerini b\u00fct\u00fcn zorluklara ra\u011fmen var etmeyi ba\u015farm\u0131\u015f, peki ya sen?   \u0130\u00e7indeki ya\u015fama sevincinden g\u00fc\u00e7 al\u0131p mitolojideki kadim kad\u0131n fig\u00fcrlerin deste\u011fini alarak kendine bamba\u015fka bir d\u00fcnya kurabilirsin.   \u015eimdi aya\u011fa kalk! Bedeninin ve ruhunun birlikteli\u011fi ile yeni bir hayata ad\u0131m at! Unutma, \u201cHer kad\u0131n, istedi\u011fi s\u00fcrece kendine o cennet bah\u00e7esinden bir k\u00f6\u015fe sat\u0131n alabilir.\u201d<\/p>\n","protected":false},"excerpt":{"rendered":"<p>G\u00fcc\u00fcn\u00fc g\u00fczelli\u011finden alan Kleopatra, b\u00fcy\u00fck ac\u0131larla kar\u015f\u0131la\u015fan ve bu ac\u0131lar sayesinde olgunla\u015fan M\u0131s\u0131r Tanr\u0131\u00e7as\u0131 \u0130sis ve daha niceleri\u2026 Onlar kendilerini b\u00fct\u00fcn zorluklara ra\u011fmen var etmeyi ba\u015farm\u0131\u015f,<span class=\"excerpt-hellip\"> [\u2026]<\/span><\/p>\n","protected":false},"featured_media":0,"template":"","meta":{"_monsterinsights_skip_tracking":false,"_monsterinsights_sitenote_active":false,"_monsterinsights_sitenote_note":"","_monsterinsights_sitenote_category":0},"product_brand":[],"product_cat":[12364,12376],"product_tag":[],"class_list":{"0":"post-763412","1":"product","2":"type-product","3":"status-publish","5":"product_cat-genel-konular","6":"product_cat-kisisel-gelisim","7":"pa_cilt-ciltsiz","8":"pa_tur-kitap","9":"pa_yayinevi-perseus","10":"pa_yazar-deniz-kalender","12":"first","13":"instock","14":"sale","15":"shipping-taxable","16":"purchasable","17":"product-type-simple"},"_links":{"self":[{"href":"https:\/\/roveyayinevi.com.tr\/index.php\/wp-json\/wp\/v2\/product\/763412","targetHints":{"allow":["GET"]}}],"collection":[{"href":"https:\/\/roveyayinevi.com.tr\/index.php\/wp-json\/wp\/v2\/product"}],"about":[{"href":"https:\/\/roveyayinevi.com.tr\/index.php\/wp-json\/wp\/v2\/types\/product"}],"wp:attachment":[{"href":"https:\/\/roveyayinevi.com.tr\/index.php\/wp-json\/wp\/v2\/media?parent=763412"}],"wp:term":[{"taxonomy":"product_brand","embeddable":true,"href":"https:\/\/roveyayinevi.com.tr\/index.php\/wp-json\/wp\/v2\/product_brand?post=763412"},{"taxonomy":"product_cat","embeddable":true,"href":"https:\/\/roveyayinevi.com.tr\/index.php\/wp-json\/wp\/v2\/product_cat?post=763412"},{"taxonomy":"product_tag","embeddable":true,"href":"https:\/\/roveyayinevi.com.tr\/index.php\/wp-json\/wp\/v2\/product_tag?post=763412"}],"curies":[{"name":"wp","href":"https:\/\/api.w.org\/{rel}","templated":true}]}}