{"id":763407,"date":"2025-08-28T10:39:17","date_gmt":"2025-08-28T07:39:17","guid":{"rendered":"https:\/\/roveyayinevi.com.tr\/index.php\/urun\/bir-donem-donemecinde-paralelim-yakarcayla\/"},"modified":"2026-04-15T03:28:42","modified_gmt":"2026-04-15T00:28:42","slug":"bir-donem-donemecinde-paralelim-yakarcayla","status":"publish","type":"product","link":"https:\/\/roveyayinevi.com.tr\/index.php\/urun\/bir-donem-donemecinde-paralelim-yakarcayla\/","title":{"rendered":"Bir Do\u0308nem Do\u0308nemecinde, Paralelim Yakarcayla"},"content":{"rendered":"<p>ADI YAKARCA Ba\u015fucumda uyur. Benimle uyan\u0131r. D\u00f6nemi yok, d\u00f6nemeci yok. D\u00f6nemden destekli mahareti yok. Titremez, sapmaz. Gez g\u00f6z arpac\u0131k filan dola\u015fmaz. Hedefi burnunun ucundaysa g\u00f6r\u00fcr. G\u00f6r\u00fcnce de vurur. Serseridendir kelimeleri. Sokak \u00e7ocu\u011fu gibidir. \u00dcst\u00fc ba\u015f\u0131 peri\u015fan, Eli y\u00fcz\u00fc afacan, Y\u00fcre\u011fi delifi\u015fektir. Birikiriz, dolar\u0131z d\u00fcnya tela\u015f\u0131n\u0131n ba\u015f\u0131m\u0131zdan boca etti\u011fi vesairelerle, ak k\u00e2\u011f\u0131t \u00fcst\u00fcne d\u00f6keriz i\u00e7imizi. Bazen de patlar\u0131z kur\u015fun gibi. Bizim kimseye eyvallah\u0131m\u0131z olmaz.   Rahmiye Nizamo\u011flu<\/p>\n","protected":false},"excerpt":{"rendered":"<p>ADI YAKARCA Ba\u015fucumda uyur. Benimle uyan\u0131r. D\u00f6nemi yok, d\u00f6nemeci yok. D\u00f6nemden destekli mahareti yok. Titremez, sapmaz. Gez g\u00f6z arpac\u0131k filan dola\u015fmaz. Hedefi burnunun ucundaysa g\u00f6r\u00fcr. G\u00f6r\u00fcnce<span class=\"excerpt-hellip\"> [\u2026]<\/span><\/p>\n","protected":false},"featured_media":0,"template":"","meta":{"_monsterinsights_skip_tracking":false,"_monsterinsights_sitenote_active":false,"_monsterinsights_sitenote_note":"","_monsterinsights_sitenote_category":0},"product_brand":[],"product_cat":[12337],"product_tag":[],"class_list":{"0":"post-763407","1":"product","2":"type-product","3":"status-publish","5":"product_cat-politika-siyaset","6":"pa_cilt-ciltsiz","7":"pa_tur-kitap","8":"pa_yayinevi-elpis-yayinlari","9":"pa_yazar-rahmiye-nizamoglu","11":"first","12":"instock","13":"sale","14":"shipping-taxable","15":"purchasable","16":"product-type-simple"},"_links":{"self":[{"href":"https:\/\/roveyayinevi.com.tr\/index.php\/wp-json\/wp\/v2\/product\/763407","targetHints":{"allow":["GET"]}}],"collection":[{"href":"https:\/\/roveyayinevi.com.tr\/index.php\/wp-json\/wp\/v2\/product"}],"about":[{"href":"https:\/\/roveyayinevi.com.tr\/index.php\/wp-json\/wp\/v2\/types\/product"}],"wp:attachment":[{"href":"https:\/\/roveyayinevi.com.tr\/index.php\/wp-json\/wp\/v2\/media?parent=763407"}],"wp:term":[{"taxonomy":"product_brand","embeddable":true,"href":"https:\/\/roveyayinevi.com.tr\/index.php\/wp-json\/wp\/v2\/product_brand?post=763407"},{"taxonomy":"product_cat","embeddable":true,"href":"https:\/\/roveyayinevi.com.tr\/index.php\/wp-json\/wp\/v2\/product_cat?post=763407"},{"taxonomy":"product_tag","embeddable":true,"href":"https:\/\/roveyayinevi.com.tr\/index.php\/wp-json\/wp\/v2\/product_tag?post=763407"}],"curies":[{"name":"wp","href":"https:\/\/api.w.org\/{rel}","templated":true}]}}