{"id":763406,"date":"2025-08-28T10:39:15","date_gmt":"2025-08-28T07:39:15","guid":{"rendered":"https:\/\/roveyayinevi.com.tr\/index.php\/urun\/ben-bugun-istanbul-oldum\/"},"modified":"2026-04-12T03:20:43","modified_gmt":"2026-04-12T00:20:43","slug":"ben-bugun-istanbul-oldum","status":"publish","type":"product","link":"https:\/\/roveyayinevi.com.tr\/index.php\/urun\/ben-bugun-istanbul-oldum\/","title":{"rendered":"Ben Bug\u00fcn \u0130stanbul Oldum"},"content":{"rendered":"<p>\u0130stanbul, kadim tarihine hayran olunan \u015fehir\u2026  \u00dc\u00e7 imparatorlu\u011fa ba\u015fkentlik yapm\u0131\u015f \u0130stanbul, 8 bin y\u0131ll\u0131k tarihe sahip bir g\u00fczellik. Bu nedenledir ki \u015fehri anlatan e\u015fsiz m\u0131sralar, gizemli detaylar\u0131n\u0131 vurgulayan g\u00f6z al\u0131c\u0131 resimler ve onu anlatan romanlar; \u015fehre \u00e2\u015f\u0131k her kalbe ya\u015fam iksirini \u00fcfl\u00fcyor.     \u201cBen Bug\u00fcn \u0130stanbul Oldum\u201d, m\u0131sralar\u0131ndan akan ab-\u0131 hayat ile sizi unutulmaz bir okuma ser\u00fcvenine davet ediyor. Ger\u00e7e\u011fin \u00e7arp\u0131c\u0131 zarafeti ile mitoloji ve efsanelerin sihrinin birle\u015fti\u011fi kitap, ayn\u0131 zamanda bilimin ve felsefenin g\u00f6zde isimleriyle kar\u015f\u0131la\u015fman\u0131z\u0131 sa\u011fl\u0131yor.     Hayran olunan \u015fehre bamba\u015fka bir a\u00e7\u0131dan bakman\u0131z i\u00e7in incelikli bir \u015fekilde yaz\u0131lan kitab\u0131n sayfalar\u0131nda dola\u015farak kendinizi \u015fehrin etkileyici tarihinin bir par\u00e7as\u0131 hissedeceksiniz.<\/p>\n","protected":false},"excerpt":{"rendered":"<p>\u0130stanbul, kadim tarihine hayran olunan \u015fehir\u2026 \u00dc\u00e7 imparatorlu\u011fa ba\u015fkentlik yapm\u0131\u015f \u0130stanbul, 8 bin y\u0131ll\u0131k tarihe sahip bir g\u00fczellik. Bu nedenledir ki \u015fehri anlatan e\u015fsiz m\u0131sralar, gizemli<span class=\"excerpt-hellip\"> [\u2026]<\/span><\/p>\n","protected":false},"featured_media":0,"template":"","meta":{"_monsterinsights_skip_tracking":false,"_monsterinsights_sitenote_active":false,"_monsterinsights_sitenote_note":"","_monsterinsights_sitenote_category":0},"product_brand":[],"product_cat":[12291,12509],"product_tag":[],"class_list":{"0":"post-763406","1":"product","2":"type-product","3":"status-publish","5":"product_cat-edebiyat","6":"product_cat-siir","7":"pa_cilt-ciltsiz","8":"pa_tur-kitap","9":"pa_yayinevi-elpis-yayinlari","10":"pa_yazar-akin-korkmaz","12":"first","13":"instock","14":"sale","15":"shipping-taxable","16":"purchasable","17":"product-type-simple"},"_links":{"self":[{"href":"https:\/\/roveyayinevi.com.tr\/index.php\/wp-json\/wp\/v2\/product\/763406","targetHints":{"allow":["GET"]}}],"collection":[{"href":"https:\/\/roveyayinevi.com.tr\/index.php\/wp-json\/wp\/v2\/product"}],"about":[{"href":"https:\/\/roveyayinevi.com.tr\/index.php\/wp-json\/wp\/v2\/types\/product"}],"wp:attachment":[{"href":"https:\/\/roveyayinevi.com.tr\/index.php\/wp-json\/wp\/v2\/media?parent=763406"}],"wp:term":[{"taxonomy":"product_brand","embeddable":true,"href":"https:\/\/roveyayinevi.com.tr\/index.php\/wp-json\/wp\/v2\/product_brand?post=763406"},{"taxonomy":"product_cat","embeddable":true,"href":"https:\/\/roveyayinevi.com.tr\/index.php\/wp-json\/wp\/v2\/product_cat?post=763406"},{"taxonomy":"product_tag","embeddable":true,"href":"https:\/\/roveyayinevi.com.tr\/index.php\/wp-json\/wp\/v2\/product_tag?post=763406"}],"curies":[{"name":"wp","href":"https:\/\/api.w.org\/{rel}","templated":true}]}}