{"id":763405,"date":"2025-08-28T10:39:14","date_gmt":"2025-08-28T07:39:14","guid":{"rendered":"https:\/\/roveyayinevi.com.tr\/index.php\/urun\/kosedeki-ekonomi-2\/"},"modified":"2026-04-15T03:28:42","modified_gmt":"2026-04-15T00:28:42","slug":"kosedeki-ekonomi-2","status":"publish","type":"product","link":"https:\/\/roveyayinevi.com.tr\/index.php\/urun\/kosedeki-ekonomi-2\/","title":{"rendered":"K\u00f6\u015fedeki Ekonomi 2"},"content":{"rendered":"<p>\u201cK\u00f6\u015fe\u2019deki Ekonomi 2, serinin ilk kitab\u0131n\u0131n izinden giderek ekonominin e\u011fitim, insan kayna\u011f\u0131, sermaye birikimi, tarihsel miras, teknoloji, din, medeniyet \u015fuuru, felsefe, ileti\u015fim ve merkez bankalar\u0131yla olan ili\u015fkilerini ortaya koyan ve bu ili\u015fkiler \u00fczerinden gelece\u011fe y\u00f6nelik ilgi \u00e7ekici tahminlerde bulunan bir \u00e7al\u0131\u015fma.   Dolar\u0131n taht\u0131n\u0131n salland\u0131\u011f\u0131, rezerv para sisteminin sorguland\u0131\u011f\u0131, Do\u011fu\u2019nun Bat\u0131\u2019ya alternatif bir ekonomik g\u00fc\u00e7 olarak de\u011ferlendirilmeye ba\u015fland\u0131\u011f\u0131, teknolojik geli\u015fmelerin insanl\u0131k tarihini k\u00f6k\u00fcnden de\u011fi\u015ftirecek bir s\u0131\u00e7ramaya haz\u0131rland\u0131\u011f\u0131 bir d\u00f6nemde yaz\u0131lmas\u0131 nedeniyle de bir anlamda tarihe \u015fahitlik yapma f\u0131rsat\u0131n\u0131 yakalam\u0131\u015f bir kitap. B\u00fcy\u00fck devrimlere do\u011fru h\u0131zla ilerlerken tarihi kay\u0131tlar\u0131n hat\u0131rlatmalar\u0131yla ekonomi \u00fczerinden g\u00fcn\u00fcm\u00fcz\u00fc ve gelece\u011fi okumaya gayret eden I\u015f\u0131k taraf\u0131ndan kaleme al\u0131nm\u0131\u015f ayd\u0131nlat\u0131c\u0131 bir eser\u2026\u201d<\/p>\n","protected":false},"excerpt":{"rendered":"<p>\u201cK\u00f6\u015fe\u2019deki Ekonomi 2, serinin ilk kitab\u0131n\u0131n izinden giderek ekonominin e\u011fitim, insan kayna\u011f\u0131, sermaye birikimi, tarihsel miras, teknoloji, din, medeniyet \u015fuuru, felsefe, ileti\u015fim ve merkez bankalar\u0131yla olan<span class=\"excerpt-hellip\"> [\u2026]<\/span><\/p>\n","protected":false},"featured_media":0,"template":"","meta":{"_monsterinsights_skip_tracking":false,"_monsterinsights_sitenote_active":false,"_monsterinsights_sitenote_note":"","_monsterinsights_sitenote_category":0},"product_brand":[],"product_cat":[14841,13043],"product_tag":[],"class_list":{"0":"post-763405","1":"product","2":"type-product","3":"status-publish","5":"product_cat-arastirma-inceleme-kuram","6":"product_cat-ekonomi","7":"pa_cilt-ciltsiz","8":"pa_tur-kitap","9":"pa_yayinevi-luna-yayinlari","10":"pa_yazar-r-levent-isik","12":"first","13":"instock","14":"sale","15":"shipping-taxable","16":"purchasable","17":"product-type-simple"},"_links":{"self":[{"href":"https:\/\/roveyayinevi.com.tr\/index.php\/wp-json\/wp\/v2\/product\/763405","targetHints":{"allow":["GET"]}}],"collection":[{"href":"https:\/\/roveyayinevi.com.tr\/index.php\/wp-json\/wp\/v2\/product"}],"about":[{"href":"https:\/\/roveyayinevi.com.tr\/index.php\/wp-json\/wp\/v2\/types\/product"}],"wp:attachment":[{"href":"https:\/\/roveyayinevi.com.tr\/index.php\/wp-json\/wp\/v2\/media?parent=763405"}],"wp:term":[{"taxonomy":"product_brand","embeddable":true,"href":"https:\/\/roveyayinevi.com.tr\/index.php\/wp-json\/wp\/v2\/product_brand?post=763405"},{"taxonomy":"product_cat","embeddable":true,"href":"https:\/\/roveyayinevi.com.tr\/index.php\/wp-json\/wp\/v2\/product_cat?post=763405"},{"taxonomy":"product_tag","embeddable":true,"href":"https:\/\/roveyayinevi.com.tr\/index.php\/wp-json\/wp\/v2\/product_tag?post=763405"}],"curies":[{"name":"wp","href":"https:\/\/api.w.org\/{rel}","templated":true}]}}