{"id":763400,"date":"2025-08-28T10:39:05","date_gmt":"2025-08-28T07:39:05","guid":{"rendered":"https:\/\/roveyayinevi.com.tr\/index.php\/urun\/sansolye-merkel\/"},"modified":"2026-04-15T03:28:42","modified_gmt":"2026-04-15T00:28:42","slug":"sansolye-merkel","status":"publish","type":"product","link":"https:\/\/roveyayinevi.com.tr\/index.php\/urun\/sansolye-merkel\/","title":{"rendered":"\u015eans\u00f6lye Merkel"},"content":{"rendered":"<p>Angela Merkel&#8230; Sadece Almanya\u2019da de\u011fil, Avrupa\u2019da ve d\u00fcnyada iz b\u0131rakan bir lider&#8230; On alt\u0131 y\u0131ll\u0131k iktidar\u0131n ard\u0131ndan Merkelci siyaset yapma bi\u00e7imi, Merkelvari yakla\u015f\u0131m gibi ifadelerle kendi terminolojisini yaratm\u0131\u015f ve bunu d\u00fcnyaya kabul ettirmi\u015f birkad\u0131n, bir biliminsan\u0131. \u00dclkesinin \u201cMutti\u201dsi, partisinin \u201cAngie\u201dsi.Modern Alman tarihinin en etkileyici fig\u00fcrlerinden biri olanAngela Merkel\u2019in ya\u015fam\u0131n\u0131 ve kariyerini derinlemesine inceleyenbu biyografi, okurlar\u0131n\u0131 ger\u00e7ek bir liderin hik\u00e2yesine tan\u0131k olmayadavet ediyor. Do\u011fu Almanya\u2019daki m\u00fctevaz\u0131 bir ya\u015famdan Almanya\u2019n\u0131n ilk kad\u0131n \u015fans\u00f6lyesi olma yoluna varan benzersiz siyasi bir ba\u015far\u0131&#8230; \u00d6d\u00fcll\u00fc gazeteci Marion Van Renterghem\u2019\u0131n titiz ara\u015ft\u0131rmalar\u0131n\u0131n meyvesi olan bu eser, Almanya \u015eans\u00f6lyesi Angela Merkel\u2019ind\u00fcnyay\u0131 de\u011fi\u015ftiren kararlar\u0131na, kar\u015f\u0131la\u015ft\u0131\u011f\u0131 zorluklara ve elde etti\u011fiba\u015far\u0131lara \u0131\u015f\u0131k tutarak ger\u00e7ek bir liderin vas\u0131flar\u0131n\u0131 ortaya koyuyor. Bir lider, bir biliminsan\u0131 ve bir kad\u0131n olmaktan ziyade bu d\u00fcnyada \u201cdi\u011feri\u201d olman\u0131n, \u201cfarkl\u0131\u201d olman\u0131n ve \u201carada\u201d kalman\u0131n hik\u00e2yesidir bu; kar\u015f\u0131n\u0131zda \u015eans\u00f6lye Merkel&#8230;  <\/p>\n","protected":false},"excerpt":{"rendered":"<p>Angela Merkel&#8230; Sadece Almanya\u2019da de\u011fil, Avrupa\u2019da ve d\u00fcnyada iz b\u0131rakan bir lider&#8230; On alt\u0131 y\u0131ll\u0131k iktidar\u0131n ard\u0131ndan Merkelci siyaset yapma bi\u00e7imi, Merkelvari yakla\u015f\u0131m gibi ifadelerle kendi<span class=\"excerpt-hellip\"> [\u2026]<\/span><\/p>\n","protected":false},"featured_media":0,"template":"","meta":{"_monsterinsights_skip_tracking":false,"_monsterinsights_sitenote_active":false,"_monsterinsights_sitenote_note":"","_monsterinsights_sitenote_category":0},"product_brand":[],"product_cat":[14009,12291],"product_tag":[],"class_list":{"0":"post-763400","1":"product","2":"type-product","3":"status-publish","5":"product_cat-biyografi-otobiyografi-edebiyat","6":"product_cat-edebiyat","7":"pa_cilt-ciltsiz","8":"pa_tur-kitap","9":"pa_yayinevi-epsilon-yayinlari","10":"pa_yazar-marion-van-renterghem","12":"first","13":"instock","14":"sale","15":"shipping-taxable","16":"purchasable","17":"product-type-simple"},"_links":{"self":[{"href":"https:\/\/roveyayinevi.com.tr\/index.php\/wp-json\/wp\/v2\/product\/763400","targetHints":{"allow":["GET"]}}],"collection":[{"href":"https:\/\/roveyayinevi.com.tr\/index.php\/wp-json\/wp\/v2\/product"}],"about":[{"href":"https:\/\/roveyayinevi.com.tr\/index.php\/wp-json\/wp\/v2\/types\/product"}],"wp:attachment":[{"href":"https:\/\/roveyayinevi.com.tr\/index.php\/wp-json\/wp\/v2\/media?parent=763400"}],"wp:term":[{"taxonomy":"product_brand","embeddable":true,"href":"https:\/\/roveyayinevi.com.tr\/index.php\/wp-json\/wp\/v2\/product_brand?post=763400"},{"taxonomy":"product_cat","embeddable":true,"href":"https:\/\/roveyayinevi.com.tr\/index.php\/wp-json\/wp\/v2\/product_cat?post=763400"},{"taxonomy":"product_tag","embeddable":true,"href":"https:\/\/roveyayinevi.com.tr\/index.php\/wp-json\/wp\/v2\/product_tag?post=763400"}],"curies":[{"name":"wp","href":"https:\/\/api.w.org\/{rel}","templated":true}]}}