{"id":763399,"date":"2025-08-28T10:39:04","date_gmt":"2025-08-28T07:39:04","guid":{"rendered":"https:\/\/roveyayinevi.com.tr\/index.php\/urun\/zengin-babanin-kehaneti\/"},"modified":"2026-04-15T03:28:42","modified_gmt":"2026-04-15T00:28:42","slug":"zengin-babanin-kehaneti","status":"publish","type":"product","link":"https:\/\/roveyayinevi.com.tr\/index.php\/urun\/zengin-babanin-kehaneti\/","title":{"rendered":"Zengin Baba&#8217;n\u0131n Kehaneti"},"content":{"rendered":"<p>TAR\u0130HTEK\u0130 EN B\u00dcY\u00dcK BORSA \u00c7\u00d6K\u00dc\u015e\u00dc NEDEN GELMEYE DEVAM ED\u0130YOR\u2026 VE KEND\u0130NIZ\u0130 BUNA HAZIRLAYARAK NASIL K\u00c2R ELDE EDEB\u0130L\u0130RS\u0130N\u0130Z? \u00d6NCEDEN UYARILMI\u015e OLUN G\u00fcn\u00fcm\u00fczde milyonlarca insan emeklilik geliri i\u00e7in BES planlar\u0131na bel ba\u011fl\u0131yor. Emeklilik maa\u015flar\u0131n\u0131 g\u00fcvenceye alan yasa sayesinde i\u015f\u00e7iler emeklilik finanslar\u0131n\u0131 kendileri planl\u0131yor ve borsan\u0131n istikrarl\u0131 y\u00fckseli\u015finden faydalan\u0131yorlar. Ancak bireysel emeklilik planlar\u0131 ilk kez pop\u00fclerle\u015fmeye ba\u015flad\u0131\u011f\u0131nda Robert Kiyosaki\u2019nin zengin babas\u0131 haz\u0131rl\u0131ks\u0131z olanlar i\u00e7in ciddi finansal sonu\u00e7lar \u00f6ng\u00f6rm\u00fc\u015ft\u00fc. Zengin baba, \u201cYasan\u0131n ba\u015flatt\u0131\u011f\u0131 maa\u015f reformunun s\u0131k\u0131nt\u0131lar\u0131 var, y\u0131llar boyunca fark edilmeyecek s\u0131k\u0131nt\u0131lar,\u201d demi\u015fti. \u015eimdi f\u0131rt\u0131na bulutlar\u0131 topland\u0131. Yasan\u0131n kabul\u00fcnden yirmi y\u0131l sonra zengin baban\u0131n kehaneti ger\u00e7ekle\u015fmeye ba\u015flad\u0131. 3 Nisan 2000\u2019de ABD Nasdaq borsas\u0131 kaydedilmi\u015f en b\u00fcy\u00fck tek-g\u00fcn d\u00fc\u015f\u00fc\u015f\u00fcn\u00fc ya\u015fad\u0131. Ard\u0131ndan ABD tarihindeki en b\u00fcy\u00fck iki \u015firket iflas\u0131 a\u00e7\u0131kland\u0131; Enron ve WorldCom, binlerce i\u015fi yok edip \u00e7al\u0131\u015fanlar\u0131n\u0131n \u00fcmitlerini y\u0131kt\u0131. Karga\u015fa i\u00e7indeki \u015firketlere ve istikrars\u0131z borsaya bakan Robert Kiyosaki, en k\u00f6t\u00fcs\u00fcn\u00fcn hen\u00fcz gelmedi\u011fini s\u00f6yl\u00fcyor.   HAZIRLIKLI OLUN VE E\u011eR\u0130N\u0130N \u00dcST\u00dcNDE KALIN Zengin Baban\u0131n Kehaneti sizi gelmekte olan borsa \u00e7\u00f6k\u00fc\u015f\u00fcne ikna etmekle kalmayacak, ayn\u0131 zamanda sizi hem bu f\u0131rt\u0131nadan koruyacak hem de bundan k\u00e2r elde etmenizi sa\u011flayacak ki\u015fisel finansal geminizi nas\u0131l in\u015fa edebilece\u011finizi g\u00f6sterecek. \u00dcstelik iyi k\u00e2r edeceksiniz\u2026 \u201cBu kitap, yeni alternatifler, yeni y\u00f6nler ve yeni bir finansal gelecek se\u00e7mek \u00fczerine.\u201d \u2013Robert Kiyosaki   Robert Kiyosaki d\u00fcnya genelinde milyonlarca insan\u0131n parayla ilgili d\u00fc\u015f\u00fcnme \u015fekillerine meydan okudu ve onlar\u0131 de\u011fi\u015ftirdi. Genel inan\u0131\u015fa ters d\u00fc\u015fen bak\u0131\u015f a\u00e7\u0131s\u0131yla Kiyosaki, dobra konu\u015fmas\u0131 ve cesaretiyle \u00fcn kazand\u0131. D\u00fcnya \u00e7ap\u0131nda finansal e\u011fitimin s\u0131k\u0131 destek\u00e7isi olarak kabul edildi. <\/p>\n","protected":false},"excerpt":{"rendered":"<p>TAR\u0130HTEK\u0130 EN B\u00dcY\u00dcK BORSA \u00c7\u00d6K\u00dc\u015e\u00dc NEDEN GELMEYE DEVAM ED\u0130YOR\u2026 VE KEND\u0130NIZ\u0130 BUNA HAZIRLAYARAK NASIL K\u00c2R ELDE EDEB\u0130L\u0130RS\u0130N\u0130Z? \u00d6NCEDEN UYARILMI\u015e OLUN G\u00fcn\u00fcm\u00fczde milyonlarca insan emeklilik geliri i\u00e7in<span class=\"excerpt-hellip\"> [\u2026]<\/span><\/p>\n","protected":false},"featured_media":0,"template":"","meta":{"_monsterinsights_skip_tracking":false,"_monsterinsights_sitenote_active":false,"_monsterinsights_sitenote_note":"","_monsterinsights_sitenote_category":0},"product_brand":[],"product_cat":[13043],"product_tag":[],"class_list":{"0":"post-763399","1":"product","2":"type-product","3":"status-publish","5":"product_cat-ekonomi","6":"pa_cilt-ciltsiz","7":"pa_tur-kitap","8":"pa_yayinevi-alfa-yayinlari","9":"pa_yazar-robert-t-kiyosaki","11":"first","12":"instock","13":"sale","14":"shipping-taxable","15":"purchasable","16":"product-type-simple"},"_links":{"self":[{"href":"https:\/\/roveyayinevi.com.tr\/index.php\/wp-json\/wp\/v2\/product\/763399","targetHints":{"allow":["GET"]}}],"collection":[{"href":"https:\/\/roveyayinevi.com.tr\/index.php\/wp-json\/wp\/v2\/product"}],"about":[{"href":"https:\/\/roveyayinevi.com.tr\/index.php\/wp-json\/wp\/v2\/types\/product"}],"wp:attachment":[{"href":"https:\/\/roveyayinevi.com.tr\/index.php\/wp-json\/wp\/v2\/media?parent=763399"}],"wp:term":[{"taxonomy":"product_brand","embeddable":true,"href":"https:\/\/roveyayinevi.com.tr\/index.php\/wp-json\/wp\/v2\/product_brand?post=763399"},{"taxonomy":"product_cat","embeddable":true,"href":"https:\/\/roveyayinevi.com.tr\/index.php\/wp-json\/wp\/v2\/product_cat?post=763399"},{"taxonomy":"product_tag","embeddable":true,"href":"https:\/\/roveyayinevi.com.tr\/index.php\/wp-json\/wp\/v2\/product_tag?post=763399"}],"curies":[{"name":"wp","href":"https:\/\/api.w.org\/{rel}","templated":true}]}}