{"id":763388,"date":"2025-08-28T10:38:47","date_gmt":"2025-08-28T07:38:47","guid":{"rendered":"https:\/\/roveyayinevi.com.tr\/index.php\/urun\/mutlu-prens-17\/"},"modified":"2026-04-15T03:28:41","modified_gmt":"2026-04-15T00:28:41","slug":"mutlu-prens-17","status":"publish","type":"product","link":"https:\/\/roveyayinevi.com.tr\/index.php\/urun\/mutlu-prens-17\/","title":{"rendered":"Mutlu Prens"},"content":{"rendered":"<p>Bir zamanlar bir \u015fehirde saray\u0131nda ya\u015fayan \u00e7ok mutlu bir prens varm\u0131\u015f, bir g\u00fcn \u00f6lm\u00fc\u015f ve onun heykelini \u00e7ok y\u00fcksek bir s\u00fctunun \u00fczerine dikmi\u015fler ama prens \u015fehrinin t\u00fcm yoksullu\u011funu ve sefaletini g\u00f6r\u00fcnce asl\u0131nda mutlu olmad\u0131\u011f\u0131n\u0131 fark etmi\u015f. <\/p>\n","protected":false},"excerpt":{"rendered":"<p>Bir zamanlar bir \u015fehirde saray\u0131nda ya\u015fayan \u00e7ok mutlu bir prens varm\u0131\u015f, bir g\u00fcn \u00f6lm\u00fc\u015f ve onun heykelini \u00e7ok y\u00fcksek bir s\u00fctunun \u00fczerine dikmi\u015fler ama prens \u015fehrinin<span class=\"excerpt-hellip\"> [\u2026]<\/span><\/p>\n","protected":false},"featured_media":0,"template":"","meta":{"_monsterinsights_skip_tracking":false,"_monsterinsights_sitenote_active":false,"_monsterinsights_sitenote_note":"","_monsterinsights_sitenote_category":0},"product_brand":[],"product_cat":[12274,12467],"product_tag":[],"class_list":{"0":"post-763388","1":"product","2":"type-product","3":"status-publish","5":"product_cat-cocuk-ve-genclik-kitaplari","6":"product_cat-dunya-klasikleri","7":"pa_cilt-ciltsiz","8":"pa_tur-kitap","9":"pa_yayinevi-pars-yayinlari","10":"pa_yazar-oscar-wilde","12":"first","13":"instock","14":"sale","15":"shipping-taxable","16":"purchasable","17":"product-type-simple"},"_links":{"self":[{"href":"https:\/\/roveyayinevi.com.tr\/index.php\/wp-json\/wp\/v2\/product\/763388","targetHints":{"allow":["GET"]}}],"collection":[{"href":"https:\/\/roveyayinevi.com.tr\/index.php\/wp-json\/wp\/v2\/product"}],"about":[{"href":"https:\/\/roveyayinevi.com.tr\/index.php\/wp-json\/wp\/v2\/types\/product"}],"wp:attachment":[{"href":"https:\/\/roveyayinevi.com.tr\/index.php\/wp-json\/wp\/v2\/media?parent=763388"}],"wp:term":[{"taxonomy":"product_brand","embeddable":true,"href":"https:\/\/roveyayinevi.com.tr\/index.php\/wp-json\/wp\/v2\/product_brand?post=763388"},{"taxonomy":"product_cat","embeddable":true,"href":"https:\/\/roveyayinevi.com.tr\/index.php\/wp-json\/wp\/v2\/product_cat?post=763388"},{"taxonomy":"product_tag","embeddable":true,"href":"https:\/\/roveyayinevi.com.tr\/index.php\/wp-json\/wp\/v2\/product_tag?post=763388"}],"curies":[{"name":"wp","href":"https:\/\/api.w.org\/{rel}","templated":true}]}}