{"id":763387,"date":"2025-08-28T10:38:46","date_gmt":"2025-08-28T07:38:46","guid":{"rendered":"https:\/\/roveyayinevi.com.tr\/index.php\/urun\/hanfendi-bi-bakar-misiniz-anlatacaklarim-var\/"},"modified":"2026-04-15T03:28:41","modified_gmt":"2026-04-15T00:28:41","slug":"hanfendi-bi-bakar-misiniz-anlatacaklarim-var","status":"publish","type":"product","link":"https:\/\/roveyayinevi.com.tr\/index.php\/urun\/hanfendi-bi-bakar-misiniz-anlatacaklarim-var\/","title":{"rendered":"Hanfendi Bi\u2019 Bakar m\u0131s\u0131n\u0131z? Anlatacaklar\u0131m Var\u2026"},"content":{"rendered":"<p>Hayat\u0131ma giren insanlar m\u0131 yanl\u0131\u015ft\u0131, yoksa zamanlar m\u0131 hi\u00e7 bilemedim. Fakat \u00e2\u015f\u0131kolmaktan, sevmekten hi\u00e7 vazge\u00e7medim. Talihsizdim, hayat\u0131mdaki kad\u0131n i\u00e7in odunolmaktan bir ad\u0131m \u00f6teye ge\u00e7emedim. \u00c7\u00f6zece\u011fim ulan bu kad\u0131nlar\u0131n olay\u0131n\u0131dedim. Ara\u015ft\u0131rd\u0131m, g\u00f6zlemledim, sayfalara d\u00f6kt\u00fcm. \u0130nsanl\u0131k i\u00e7in kad\u0131n erkek ili\u015fkilerini inceledim. Sonra anlad\u0131m ki; Kad\u0131n erkek ili\u015fkilerinde mizah var!!! Ben zaten gar\u0131ma \u00e7i\u00e7ek al\u0131yom. \u2013 Kahveci H\u00fcseyinNeyse sen me\u015fguls\u00fcn galiba \u2013 EcemKanka arkada\u015f\u0131n\u0131 da bana ayarlasana \u2013 S\u00fcl\u00fck H\u00fcseyinKad\u0131n\u0131n ruhundan da anlar\u0131m domatesten de. \u2013 Manav RecepUff bu gerizekal\u0131 da bana m\u0131 yaz\u0131yor ne? \u2013 BusesuHerif gibi boyu posu devrilsin in\u015fallah &#8211; Hayriye TeyzeWhatsapp\u2019dan m\u0131 konu\u015fsak acaba? \u2013 BerkecanBizim \u00f6k\u00fcz ne anlar kad\u0131n ruhundan? \u2013 Nermin Abla \u0130\u015fte yazd\u0131m buraday\u0131m, ben bu i\u015fte yaln\u0131z\u0131m&#8230; Murat Tavl\u0131  <\/p>\n","protected":false},"excerpt":{"rendered":"<p>Hayat\u0131ma giren insanlar m\u0131 yanl\u0131\u015ft\u0131, yoksa zamanlar m\u0131 hi\u00e7 bilemedim. Fakat \u00e2\u015f\u0131kolmaktan, sevmekten hi\u00e7 vazge\u00e7medim. Talihsizdim, hayat\u0131mdaki kad\u0131n i\u00e7in odunolmaktan bir ad\u0131m \u00f6teye ge\u00e7emedim. \u00c7\u00f6zece\u011fim ulan<span class=\"excerpt-hellip\"> [\u2026]<\/span><\/p>\n","protected":false},"featured_media":0,"template":"","meta":{"_monsterinsights_skip_tracking":false,"_monsterinsights_sitenote_active":false,"_monsterinsights_sitenote_note":"","_monsterinsights_sitenote_category":0},"product_brand":[],"product_cat":[12777,12291],"product_tag":[],"class_list":{"0":"post-763387","1":"product","2":"type-product","3":"status-publish","5":"product_cat-deneme","6":"product_cat-edebiyat","7":"pa_cilt-ciltsiz","8":"pa_tur-kitap","9":"pa_yayinevi-nemesis-kitap","10":"pa_yazar-murat-tavli","12":"first","13":"instock","14":"sale","15":"shipping-taxable","16":"purchasable","17":"product-type-simple"},"_links":{"self":[{"href":"https:\/\/roveyayinevi.com.tr\/index.php\/wp-json\/wp\/v2\/product\/763387","targetHints":{"allow":["GET"]}}],"collection":[{"href":"https:\/\/roveyayinevi.com.tr\/index.php\/wp-json\/wp\/v2\/product"}],"about":[{"href":"https:\/\/roveyayinevi.com.tr\/index.php\/wp-json\/wp\/v2\/types\/product"}],"wp:attachment":[{"href":"https:\/\/roveyayinevi.com.tr\/index.php\/wp-json\/wp\/v2\/media?parent=763387"}],"wp:term":[{"taxonomy":"product_brand","embeddable":true,"href":"https:\/\/roveyayinevi.com.tr\/index.php\/wp-json\/wp\/v2\/product_brand?post=763387"},{"taxonomy":"product_cat","embeddable":true,"href":"https:\/\/roveyayinevi.com.tr\/index.php\/wp-json\/wp\/v2\/product_cat?post=763387"},{"taxonomy":"product_tag","embeddable":true,"href":"https:\/\/roveyayinevi.com.tr\/index.php\/wp-json\/wp\/v2\/product_tag?post=763387"}],"curies":[{"name":"wp","href":"https:\/\/api.w.org\/{rel}","templated":true}]}}