{"id":763385,"date":"2025-08-28T10:38:42","date_gmt":"2025-08-28T07:38:42","guid":{"rendered":"https:\/\/roveyayinevi.com.tr\/index.php\/urun\/kan-haini\/"},"modified":"2026-04-15T03:28:41","modified_gmt":"2026-04-15T00:28:41","slug":"kan-haini","status":"publish","type":"product","link":"https:\/\/roveyayinevi.com.tr\/index.php\/urun\/kan-haini\/","title":{"rendered":"Kan Haini"},"content":{"rendered":"<p>Kiva, onu sevenleri hayal k\u0131r\u0131kl\u0131\u011f\u0131na u\u011fratm\u0131\u015ft\u0131. Hepsini. \u015eimdi de bunun bedelini \u00f6d\u00fcyordu.   Eskiden ne istedi\u011fini \u00e7ok iyi bildi\u011fini san\u0131yordu: intikam.   Ama duygular de\u011fi\u015fir, insanlar de\u011fi\u015fir, her \u015fey de\u011fi\u015firdi.   Kiva, sarayda ya\u015fananlardan sonra arkada\u015flar\u0131n\u0131n ve abisinin g\u00fcvende olup olmad\u0131\u011f\u0131n\u0131, ihanet etti\u011fi ki\u015filerin onu affedip affedemeyece\u011fini \u00f6\u011frenmek i\u00e7in can atmaktad\u0131r. Ancak krall\u0131klar sava\u015fa girmeye her zamankinden daha yak\u0131nken ve Kiva t\u00fcm cephelere uzaktayken, onun yaral\u0131 kalbinden \u00e7ok daha fazla \u015fey tehlike alt\u0131ndad\u0131r.   Yeni ba\u015flang\u0131\u00e7lar ve kurulacak yeni ittifaklar \u00f6l\u00fcmc\u00fcl bir g\u00f6reve d\u00f6n\u00fc\u015fecektir. Art\u0131k taraf\u0131n\u0131 se\u00e7en Kiva\u2019n\u0131n yaln\u0131zca hayatta kalmas\u0131 yetmeyecek, inand\u0131\u011f\u0131 \u015feyler ve inand\u0131\u011f\u0131 ki\u015fi u\u011fruna sava\u015fmas\u0131 da gerekecektir.   Sevdi\u011fi insanlar\u0131n hayatlar\u0131 risk alt\u0131ndayken, d\u00f6rt bir yandan gelen tehlikelere ra\u011fmen Kiva ayakta durabilecek mi?   Hapishane \u015eifac\u0131s\u0131 serisi \u00fc\u00e7 kitaptan olu\u015fmaktad\u0131r. S\u0131ras\u0131yla Hapishane \u015eifac\u0131s\u0131, Alt\u0131n Kafesin Esiri, Kan Haini serinin kitaplar\u0131d\u0131r.   \u201cLynette Noni usta bir hikaye anlat\u0131c\u0131s\u0131. Herhangi bir fantastik kurgusever i\u00e7in mutlaka okunmas\u0131 gereken bir kitap!\u201d &#8211; Sarah J. Maas, #1 Numaral\u0131 New York Times \u00c7ok Satan Yazar\u0131   <\/p>\n","protected":false},"excerpt":{"rendered":"<p>Kiva, onu sevenleri hayal k\u0131r\u0131kl\u0131\u011f\u0131na u\u011fratm\u0131\u015ft\u0131. Hepsini. \u015eimdi de bunun bedelini \u00f6d\u00fcyordu. Eskiden ne istedi\u011fini \u00e7ok iyi bildi\u011fini san\u0131yordu: intikam. Ama duygular de\u011fi\u015fir, insanlar de\u011fi\u015fir, her<span class=\"excerpt-hellip\"> [\u2026]<\/span><\/p>\n","protected":false},"featured_media":0,"template":"","meta":{"_monsterinsights_skip_tracking":false,"_monsterinsights_sitenote_active":false,"_monsterinsights_sitenote_note":"","_monsterinsights_sitenote_category":0},"product_brand":[],"product_cat":[12291,12711],"product_tag":[],"class_list":{"0":"post-763385","1":"product","2":"type-product","3":"status-publish","5":"product_cat-edebiyat","6":"product_cat-roman-oyku","7":"pa_cilt-ciltsiz","8":"pa_tur-kitap","9":"pa_yayinevi-artemis-yayinlari","10":"pa_yazar-lynette-noni","12":"first","13":"instock","14":"sale","15":"shipping-taxable","16":"purchasable","17":"product-type-simple"},"_links":{"self":[{"href":"https:\/\/roveyayinevi.com.tr\/index.php\/wp-json\/wp\/v2\/product\/763385","targetHints":{"allow":["GET"]}}],"collection":[{"href":"https:\/\/roveyayinevi.com.tr\/index.php\/wp-json\/wp\/v2\/product"}],"about":[{"href":"https:\/\/roveyayinevi.com.tr\/index.php\/wp-json\/wp\/v2\/types\/product"}],"wp:attachment":[{"href":"https:\/\/roveyayinevi.com.tr\/index.php\/wp-json\/wp\/v2\/media?parent=763385"}],"wp:term":[{"taxonomy":"product_brand","embeddable":true,"href":"https:\/\/roveyayinevi.com.tr\/index.php\/wp-json\/wp\/v2\/product_brand?post=763385"},{"taxonomy":"product_cat","embeddable":true,"href":"https:\/\/roveyayinevi.com.tr\/index.php\/wp-json\/wp\/v2\/product_cat?post=763385"},{"taxonomy":"product_tag","embeddable":true,"href":"https:\/\/roveyayinevi.com.tr\/index.php\/wp-json\/wp\/v2\/product_tag?post=763385"}],"curies":[{"name":"wp","href":"https:\/\/api.w.org\/{rel}","templated":true}]}}