{"id":763382,"date":"2025-08-28T10:38:37","date_gmt":"2025-08-28T07:38:37","guid":{"rendered":"https:\/\/roveyayinevi.com.tr\/index.php\/urun\/dorduncu-devrim\/"},"modified":"2026-04-15T03:28:41","modified_gmt":"2026-04-15T00:28:41","slug":"dorduncu-devrim","status":"publish","type":"product","link":"https:\/\/roveyayinevi.com.tr\/index.php\/urun\/dorduncu-devrim\/","title":{"rendered":"D\u00f6rdu\u0308ncu\u0308 Devrim"},"content":{"rendered":"<p>Biz kimiz ve birbirimizle nas\u0131l ili\u015fki kuruyoruz? \u00c7a\u011fda\u015f felsefenin \u00f6nde gelen isimlerinden Luciano Floridi, Bilgi ve \u0130leti\u015fim Teknolojilerindeki (ICTs) geli\u015fmelerin bu temel insani sorular\u0131n yan\u0131t\u0131n\u0131 de\u011fi\u015ftirdi\u011fini savunuyor. \u00c7evrimi\u00e7i, \u00e7evrimd\u0131\u015f\u0131 ya\u015fam aras\u0131ndaki s\u0131n\u0131rlar y\u0131k\u0131ld\u0131k\u00e7a, birbirimize sorunsuzca ba\u011fland\u0131k\u00e7a ve ak\u0131ll\u0131, duyarl\u0131 nesnelerle \u00e7evrelendik\u00e7e, hepimiz bir \u201cinfosfer\u201de entegre oluyoruz. \u00d6rne\u011fin sosyal medyada benimsedi\u011fimiz ki\u015filikler, Floridi\u2019nin deyimiyle \u201conlife\u201d ya\u015famaya ba\u015flamam\u0131z i\u00e7in \u201cger\u00e7ek\u201d hayatlar\u0131m\u0131z\u0131 besliyor. \u201cOnlife\u201d gu\u0308nlu\u0308k faaliyetlerimizin giderek daha fazlas\u0131n\u0131 tan\u0131ml\u0131yor ve B\u0130T\u2019ler ya\u015fam\u0131n her alan\u0131nda ger\u00e7eklerimizi d\u00f6nu\u0308\u015ftu\u0308ren \u00e7evresel gu\u0308\u00e7ler h\u00e2line gelmi\u015f durumda. Bunlar\u0131n faydalar\u0131ndan yararlanmam\u0131z\u0131 nas\u0131l sa\u011flayabiliriz? \u00d6rtu\u0308k riskler nelerdir? Teknolojilerimiz bizi etkinle\u015ftirecek ve gu\u0308\u00e7lendirecek mi, yoksa k\u0131s\u0131tlayacak m\u0131? Luciano Floridi, kaleme ald\u0131\u011f\u0131 D\u00f6rdu\u0308ncu\u0308 Devrim ile ekolojik ve etik yakla\u015f\u0131m\u0131m\u0131z\u0131 hem do\u011fal hem de insan yap\u0131m\u0131 ger\u00e7eklikleri kapsayacak \u015fekilde geni\u015fletmemiz gerekti\u011fini savunurken dijital teknolojilerimiz ve bilgi toplumumuzun ortaya koydu\u011fu yeni zorluklarla ba\u015far\u0131l\u0131 bir \u015fekilde ba\u015fa \u00e7\u0131kabilmenin yollar\u0131n\u0131 sunuyor. <\/p>\n","protected":false},"excerpt":{"rendered":"<p>Biz kimiz ve birbirimizle nas\u0131l ili\u015fki kuruyoruz? \u00c7a\u011fda\u015f felsefenin \u00f6nde gelen isimlerinden Luciano Floridi, Bilgi ve \u0130leti\u015fim Teknolojilerindeki (ICTs) geli\u015fmelerin bu temel insani sorular\u0131n yan\u0131t\u0131n\u0131 de\u011fi\u015ftirdi\u011fini<span class=\"excerpt-hellip\"> [\u2026]<\/span><\/p>\n","protected":false},"featured_media":0,"template":"","meta":{"_monsterinsights_skip_tracking":false,"_monsterinsights_sitenote_active":false,"_monsterinsights_sitenote_note":"","_monsterinsights_sitenote_category":0},"product_brand":[],"product_cat":[13005,15998],"product_tag":[],"class_list":{"0":"post-763382","1":"product","2":"type-product","3":"status-publish","5":"product_cat-bilim-muhendislik","6":"product_cat-bilim-tarihi","7":"pa_cilt-ciltsiz","8":"pa_tur-kitap","9":"pa_yayinevi-albaraka-yayinlari","10":"pa_yazar-luciano-floridi","12":"first","13":"instock","14":"sale","15":"shipping-taxable","16":"purchasable","17":"product-type-simple"},"_links":{"self":[{"href":"https:\/\/roveyayinevi.com.tr\/index.php\/wp-json\/wp\/v2\/product\/763382","targetHints":{"allow":["GET"]}}],"collection":[{"href":"https:\/\/roveyayinevi.com.tr\/index.php\/wp-json\/wp\/v2\/product"}],"about":[{"href":"https:\/\/roveyayinevi.com.tr\/index.php\/wp-json\/wp\/v2\/types\/product"}],"wp:attachment":[{"href":"https:\/\/roveyayinevi.com.tr\/index.php\/wp-json\/wp\/v2\/media?parent=763382"}],"wp:term":[{"taxonomy":"product_brand","embeddable":true,"href":"https:\/\/roveyayinevi.com.tr\/index.php\/wp-json\/wp\/v2\/product_brand?post=763382"},{"taxonomy":"product_cat","embeddable":true,"href":"https:\/\/roveyayinevi.com.tr\/index.php\/wp-json\/wp\/v2\/product_cat?post=763382"},{"taxonomy":"product_tag","embeddable":true,"href":"https:\/\/roveyayinevi.com.tr\/index.php\/wp-json\/wp\/v2\/product_tag?post=763382"}],"curies":[{"name":"wp","href":"https:\/\/api.w.org\/{rel}","templated":true}]}}