{"id":763380,"date":"2025-08-28T10:38:34","date_gmt":"2025-08-28T07:38:34","guid":{"rendered":"https:\/\/roveyayinevi.com.tr\/index.php\/urun\/ozumuzde-iyilik-var-duslediginiz-ebeveyn-olmak-icin-bir-rehber\/"},"modified":"2026-04-15T03:28:41","modified_gmt":"2026-04-15T00:28:41","slug":"ozumuzde-iyilik-var-duslediginiz-ebeveyn-olmak-icin-bir-rehber","status":"publish","type":"product","link":"https:\/\/roveyayinevi.com.tr\/index.php\/urun\/ozumuzde-iyilik-var-duslediginiz-ebeveyn-olmak-icin-bir-rehber\/","title":{"rendered":"\u00d6z\u00fcm\u00fczde \u0130yilik Var: D\u00fc\u015fledi\u011finiz Ebeveyn Olmak \u0130\u00e7in Bir Rehber"},"content":{"rendered":"<p>Ebeveynlere uzun zamand\u0131r i\u015fe yaramayan bir \u00e7ocuk yeti\u015ftirme modeli dayat\u0131l\u0131yor. \u00d6d\u00fcl ve ceza y\u00f6ntemlerini merkezine yerle\u015ftiren bu model, insan yeti\u015ftirmeyi de\u011fil, davran\u0131\u015flar\u0131 \u015fekillendirmeyi hedefliyor. Oysa odaklan\u0131lmas\u0131 gereken as\u0131l \u015fey, davran\u0131\u015flar\u0131n buzda\u011f\u0131n\u0131n sadece g\u00f6r\u00fcnen k\u0131sm\u0131 oldu\u011fu ve y\u00fczeyin alt\u0131nda \u00e7ocu\u011fun anla\u015f\u0131lmay\u0131 bekleyen t\u00fcm i\u00e7 d\u00fcnyas\u0131n\u0131n bulundu\u011fu.   Yay\u0131mland\u0131\u011f\u0131 d\u00f6nem New York Times\u2019\u0131n \u00e7oksatanlar listesinde bir numaraya yerle\u015fen \u00d6z\u00fcm\u00fczde \u0130yilik Var, anne-babalar\u0131n g\u00fcven verici, sa\u011flam birer lider olmalar\u0131na yard\u0131m edecek uygulanabilir stratejilerle, eksiksiz bir ebeveynlik felsefesi sunuyor.   Karde\u015f rekabeti, ayr\u0131l\u0131k kayg\u0131s\u0131, \u00f6fke n\u00f6betleri ve daha fazlas\u0131 dahil olmak \u00fczere belirli kriz senaryolar\u0131 i\u00e7in alternatif \u00e7\u00f6z\u00fcmler sunan \u00d6z\u00fcm\u00fczde \u0130yilik Var, \u00e7ocuklar\u0131n\u0131 yeti\u015ftirmenin yeni bir yolunu arayan ebeveynler i\u00e7in kapsaml\u0131 bir kaynak. <\/p>\n","protected":false},"excerpt":{"rendered":"<p>Ebeveynlere uzun zamand\u0131r i\u015fe yaramayan bir \u00e7ocuk yeti\u015ftirme modeli dayat\u0131l\u0131yor. \u00d6d\u00fcl ve ceza y\u00f6ntemlerini merkezine yerle\u015ftiren bu model, insan yeti\u015ftirmeyi de\u011fil, davran\u0131\u015flar\u0131 \u015fekillendirmeyi hedefliyor. Oysa odaklan\u0131lmas\u0131<span class=\"excerpt-hellip\"> [\u2026]<\/span><\/p>\n","protected":false},"featured_media":0,"template":"","meta":{"_monsterinsights_skip_tracking":false,"_monsterinsights_sitenote_active":false,"_monsterinsights_sitenote_note":"","_monsterinsights_sitenote_category":0},"product_brand":[],"product_cat":[20502,12357],"product_tag":[],"class_list":{"0":"post-763380","1":"product","2":"type-product","3":"status-publish","5":"product_cat-basvuru-kitaplari-psikoloji","6":"product_cat-psikoloji","7":"pa_cilt-ciltsiz","8":"pa_tur-kitap","9":"pa_yayinevi-nova-kitap","10":"pa_yazar-becky-kennedy","12":"first","13":"instock","14":"sale","15":"shipping-taxable","16":"purchasable","17":"product-type-simple"},"_links":{"self":[{"href":"https:\/\/roveyayinevi.com.tr\/index.php\/wp-json\/wp\/v2\/product\/763380","targetHints":{"allow":["GET"]}}],"collection":[{"href":"https:\/\/roveyayinevi.com.tr\/index.php\/wp-json\/wp\/v2\/product"}],"about":[{"href":"https:\/\/roveyayinevi.com.tr\/index.php\/wp-json\/wp\/v2\/types\/product"}],"wp:attachment":[{"href":"https:\/\/roveyayinevi.com.tr\/index.php\/wp-json\/wp\/v2\/media?parent=763380"}],"wp:term":[{"taxonomy":"product_brand","embeddable":true,"href":"https:\/\/roveyayinevi.com.tr\/index.php\/wp-json\/wp\/v2\/product_brand?post=763380"},{"taxonomy":"product_cat","embeddable":true,"href":"https:\/\/roveyayinevi.com.tr\/index.php\/wp-json\/wp\/v2\/product_cat?post=763380"},{"taxonomy":"product_tag","embeddable":true,"href":"https:\/\/roveyayinevi.com.tr\/index.php\/wp-json\/wp\/v2\/product_tag?post=763380"}],"curies":[{"name":"wp","href":"https:\/\/api.w.org\/{rel}","templated":true}]}}