{"id":763378,"date":"2025-08-28T10:38:31","date_gmt":"2025-08-28T07:38:31","guid":{"rendered":"https:\/\/roveyayinevi.com.tr\/index.php\/urun\/iyi-yerliler\/"},"modified":"2026-04-15T03:28:41","modified_gmt":"2026-04-15T00:28:41","slug":"iyi-yerliler","status":"publish","type":"product","link":"https:\/\/roveyayinevi.com.tr\/index.php\/urun\/iyi-yerliler\/","title":{"rendered":"\u0130yi Yerliler"},"content":{"rendered":"<p>Bram Stoker En \u0130yi Korku Roman\u0131 \u00d6d\u00fcl\u00fc Shirley Jackson En \u0130yi Korku Roman\u0131 \u00d6d\u00fcl\u00fc   \u201cStephen King\u2019in O ve Peter Straub\u2019un Hayalet Hik\u00e2yesi kitaplar\u0131n\u0131n hayranlar\u0131 \u0130yi Yerliler\u2019de sevecek \u00e7ok \u015fey bulacaklar.\u201d \u2014Silvia Moreno-Garcia   Korku edebiyat\u0131n\u0131n postmodern yazar\u0131 Stephen Graham Jones son zamanlar\u0131n y\u00fckselen y\u0131ld\u0131zlar\u0131ndan biri. Paul Tremblay, Grady Hendrix, Joe Hill ve Victor LaValle gibi isimlerle birlikte yeni nesil korku edebiyat\u0131n\u0131n bayrak ta\u015f\u0131y\u0131c\u0131lar\u0131ndan olan Jones\u2019un en \u00fcnl\u00fc eseri \u0130yi Yerliler intikam, k\u00fclt\u00fcrel kimlik ve gelenekten kopu\u015f gibi temalar\u0131 i\u015fleyen karanl\u0131k bir roman.   Ricky, Gabe, Lewis ve Cassidy k\u00f6kenlerine ba\u011fl\u0131, toplum taraf\u0131ndan d\u0131\u015flanm\u0131\u015f ve do\u011fan\u0131n u\u00e7suz bucaks\u0131z geni\u015fli\u011finde kapana k\u0131s\u0131lm\u0131\u015f d\u00f6rt Amerikan yerlisi. Bu d\u00f6rt adam on y\u0131l \u00f6nce gittikleri geyik av\u0131nda ya\u015fad\u0131klar\u0131n\u0131 herkesten saklamaya \u00e7al\u0131\u015fsa da \u015fimdi sevdiklerinin suretine b\u00fcr\u00fcnen ve hayatlar\u0131na, evlerine dadanan bir ruhla kar\u015f\u0131 kar\u015f\u0131yalar.   \u0130yi Yerliler do\u011fan\u0131n belki de hi\u00e7 \u015fans\u0131 olmayan kay\u0131p bir nesilden ald\u0131\u011f\u0131 intikam\u0131 anlat\u0131yor. Onlar\u0131 d\u0131\u015flayan bir toplumun s\u0131n\u0131rlar\u0131nda kendi \u015feytanlar\u0131yla sava\u015fmak zorunda kalan bir nesilden. <\/p>\n","protected":false},"excerpt":{"rendered":"<p>Bram Stoker En \u0130yi Korku Roman\u0131 \u00d6d\u00fcl\u00fc Shirley Jackson En \u0130yi Korku Roman\u0131 \u00d6d\u00fcl\u00fc \u201cStephen King\u2019in O ve Peter Straub\u2019un Hayalet Hik\u00e2yesi kitaplar\u0131n\u0131n hayranlar\u0131 \u0130yi Yerliler\u2019de<span class=\"excerpt-hellip\"> [\u2026]<\/span><\/p>\n","protected":false},"featured_media":0,"template":"","meta":{"_monsterinsights_skip_tracking":false,"_monsterinsights_sitenote_active":false,"_monsterinsights_sitenote_note":"","_monsterinsights_sitenote_category":0},"product_brand":[],"product_cat":[12291,17033],"product_tag":[],"class_list":{"0":"post-763378","1":"product","2":"type-product","3":"status-publish","5":"product_cat-edebiyat","6":"product_cat-korku-gerilim","7":"pa_cilt-ciltsiz","8":"pa_tur-kitap","9":"pa_yayinevi-ithaki-yayinlari","10":"pa_yazar-stephen-graham-jones","12":"first","13":"instock","14":"sale","15":"shipping-taxable","16":"purchasable","17":"product-type-simple"},"_links":{"self":[{"href":"https:\/\/roveyayinevi.com.tr\/index.php\/wp-json\/wp\/v2\/product\/763378","targetHints":{"allow":["GET"]}}],"collection":[{"href":"https:\/\/roveyayinevi.com.tr\/index.php\/wp-json\/wp\/v2\/product"}],"about":[{"href":"https:\/\/roveyayinevi.com.tr\/index.php\/wp-json\/wp\/v2\/types\/product"}],"wp:attachment":[{"href":"https:\/\/roveyayinevi.com.tr\/index.php\/wp-json\/wp\/v2\/media?parent=763378"}],"wp:term":[{"taxonomy":"product_brand","embeddable":true,"href":"https:\/\/roveyayinevi.com.tr\/index.php\/wp-json\/wp\/v2\/product_brand?post=763378"},{"taxonomy":"product_cat","embeddable":true,"href":"https:\/\/roveyayinevi.com.tr\/index.php\/wp-json\/wp\/v2\/product_cat?post=763378"},{"taxonomy":"product_tag","embeddable":true,"href":"https:\/\/roveyayinevi.com.tr\/index.php\/wp-json\/wp\/v2\/product_tag?post=763378"}],"curies":[{"name":"wp","href":"https:\/\/api.w.org\/{rel}","templated":true}]}}