{"id":763377,"date":"2025-08-28T10:38:30","date_gmt":"2025-08-28T07:38:30","guid":{"rendered":"https:\/\/roveyayinevi.com.tr\/index.php\/urun\/cantada-kalan-anilar\/"},"modified":"2026-04-15T03:28:41","modified_gmt":"2026-04-15T00:28:41","slug":"cantada-kalan-anilar","status":"publish","type":"product","link":"https:\/\/roveyayinevi.com.tr\/index.php\/urun\/cantada-kalan-anilar\/","title":{"rendered":"\u00c7antada Kalan An\u0131lar"},"content":{"rendered":"<p>Giri\u015finde h\u00e2l\u00e2 \u201cZabit Yurdu\u201d tabelas\u0131 olan askeri mahfilde ak\u015fam yeme\u011fi yedik. Buras\u0131 sava\u015f meydan\u0131ndaki kahraman subaylar\u0131n f\u0131rsat bulduk\u00e7a gelip dinlendikleri bir yerdi muhakkak. Bir ak\u0131ll\u0131 \u00e7\u0131k\u0131p tabelay\u0131 s\u00f6k\u00fcp \u201corduevi\u201d tabelas\u0131 asabilir. Buralarda tere batm\u0131\u015f, kan\u0131n\u0131 ak\u0131tm\u0131\u015f o m\u00fcbarek askerlerimizi \u2013i\u00e7imden\u2013 an\u0131yorum. Onlar bar\u0131\u015fta da burada t\u0131ng\u0131rt\u0131l\u0131 tangolar dinleyerek zafer bayramlar\u0131n\u0131 kutlam\u0131\u015f, bayram \u015f\u00f6lenlerine kat\u0131lm\u0131\u015flard\u0131. Kar\u015f\u0131 duvarda bir grup foto\u011fraf\u0131 var. O anki g\u00fcl\u00fcmseyi\u015fleriyle dondurulmu\u015f me\u00e7hul \u00e7ehreler\u2026 Bayanlar Afyon\u2019un ilk kad\u0131n \u00f6\u011fretmen ve y\u00f6neticileri imi\u015f. S\u00e2kin, sayg\u0131n m\u00fcd\u00fcr, tarihten adlar say\u0131yor: Mihriban, Mutahhare, Kadriye han\u0131mlar. G\u00e2zi ile dans etmi\u015fler. \u015eimdi b\u00f6yle manzaralar d\u00fc\u015f\u00fcnemeyiz. M\u00e2zi hem \u00e7ok yak\u0131n hem bir daha ula\u015f\u0131lamayacak kadar uzak!<\/p>\n","protected":false},"excerpt":{"rendered":"<p>Giri\u015finde h\u00e2l\u00e2 \u201cZabit Yurdu\u201d tabelas\u0131 olan askeri mahfilde ak\u015fam yeme\u011fi yedik. Buras\u0131 sava\u015f meydan\u0131ndaki kahraman subaylar\u0131n f\u0131rsat bulduk\u00e7a gelip dinlendikleri bir yerdi muhakkak. Bir ak\u0131ll\u0131 \u00e7\u0131k\u0131p<span class=\"excerpt-hellip\"> [\u2026]<\/span><\/p>\n","protected":false},"featured_media":0,"template":"","meta":{"_monsterinsights_skip_tracking":false,"_monsterinsights_sitenote_active":false,"_monsterinsights_sitenote_note":"","_monsterinsights_sitenote_category":0},"product_brand":[],"product_cat":[12304],"product_tag":[],"class_list":{"0":"post-763377","1":"product","2":"type-product","3":"status-publish","5":"product_cat-tarih","6":"pa_cilt-ciltsiz","7":"pa_tur-kitap","8":"pa_yayinevi-alfa-yayinlari","9":"pa_yazar-necdet-sakaoglu","11":"first","12":"instock","13":"sale","14":"shipping-taxable","15":"purchasable","16":"product-type-simple"},"_links":{"self":[{"href":"https:\/\/roveyayinevi.com.tr\/index.php\/wp-json\/wp\/v2\/product\/763377","targetHints":{"allow":["GET"]}}],"collection":[{"href":"https:\/\/roveyayinevi.com.tr\/index.php\/wp-json\/wp\/v2\/product"}],"about":[{"href":"https:\/\/roveyayinevi.com.tr\/index.php\/wp-json\/wp\/v2\/types\/product"}],"wp:attachment":[{"href":"https:\/\/roveyayinevi.com.tr\/index.php\/wp-json\/wp\/v2\/media?parent=763377"}],"wp:term":[{"taxonomy":"product_brand","embeddable":true,"href":"https:\/\/roveyayinevi.com.tr\/index.php\/wp-json\/wp\/v2\/product_brand?post=763377"},{"taxonomy":"product_cat","embeddable":true,"href":"https:\/\/roveyayinevi.com.tr\/index.php\/wp-json\/wp\/v2\/product_cat?post=763377"},{"taxonomy":"product_tag","embeddable":true,"href":"https:\/\/roveyayinevi.com.tr\/index.php\/wp-json\/wp\/v2\/product_tag?post=763377"}],"curies":[{"name":"wp","href":"https:\/\/api.w.org\/{rel}","templated":true}]}}