{"id":763376,"date":"2025-08-28T10:38:29","date_gmt":"2025-08-28T07:38:29","guid":{"rendered":"https:\/\/roveyayinevi.com.tr\/index.php\/urun\/erkekler-icin-taocu-sevisme-sirlari\/"},"modified":"2026-04-15T03:28:41","modified_gmt":"2026-04-15T00:28:41","slug":"erkekler-icin-taocu-sevisme-sirlari","status":"publish","type":"product","link":"https:\/\/roveyayinevi.com.tr\/index.php\/urun\/erkekler-icin-taocu-sevisme-sirlari\/","title":{"rendered":"Erkekler \u0130\u00e7in Taocu Sevi\u015fme S\u0131rlar\u0131"},"content":{"rendered":"<p>DO\u011eAL ENERJ\u0130LERLE UYUMLU A\u015eK VE C\u0130NSELL\u0130K   Tao felsefesinin derinliklerinden gelen bilgelikle cinselli\u011fi ve a\u015fk\u0131 yeniden ke\u015ffedin.   Do\u011fan\u0131n ritmiyle uyumlu bir ya\u015fam s\u00fcrmek isteyenler i\u00e7in haz\u0131rlanm\u0131\u015f e\u015fsiz bir k\u0131lavuz olan Erkekler \u0130\u00e7in Taocu Sevi\u015fme S\u0131rlar\u0131, sadece bedenlerin de\u011fil, ruhlar\u0131n da birle\u015fimini hedefleyen bir anlay\u0131\u015fla a\u015fk\u0131 ve cinselli\u011fi daha tatmin edici ve anlaml\u0131 hale getirmeyi ama\u00e7lamaktad\u0131r.   Bu \u00e7al\u0131\u015fma, yaln\u0131zca Do\u011fu\u2019ya \u00f6zg\u00fc a\u015fk\u0131n co\u015fkusunu konu alan felsefi bir inceleme olmay\u0131p, ayn\u0131 zamanda binlerce y\u0131ld\u0131r s\u0131r olarak saklanan egzersizler, sa\u011fl\u0131kl\u0131 ya\u015fam i\u00e7in ipu\u00e7lar\u0131 ve uyumlu beraberlikle ilgili t\u00fcyolar\u0131 da i\u00e7eren bir geli\u015fim rehberidir.   Erkekler \u0130\u00e7in Taocu Sevi\u015fme S\u0131rlar\u0131 ile a\u015fk\u0131 ve cinselli\u011fi ruhsal bir yolculu\u011fa d\u00f6n\u00fc\u015ft\u00fcreceksiniz. <\/p>\n","protected":false},"excerpt":{"rendered":"<p>DO\u011eAL ENERJ\u0130LERLE UYUMLU A\u015eK VE C\u0130NSELL\u0130K Tao felsefesinin derinliklerinden gelen bilgelikle cinselli\u011fi ve a\u015fk\u0131 yeniden ke\u015ffedin. Do\u011fan\u0131n ritmiyle uyumlu bir ya\u015fam s\u00fcrmek isteyenler i\u00e7in haz\u0131rlanm\u0131\u015f e\u015fsiz<span class=\"excerpt-hellip\"> [\u2026]<\/span><\/p>\n","protected":false},"featured_media":0,"template":"","meta":{"_monsterinsights_skip_tracking":false,"_monsterinsights_sitenote_active":false,"_monsterinsights_sitenote_note":"","_monsterinsights_sitenote_category":0},"product_brand":[],"product_cat":[12364],"product_tag":[],"class_list":{"0":"post-763376","1":"product","2":"type-product","3":"status-publish","5":"product_cat-genel-konular","6":"pa_cilt-ciltsiz","7":"pa_tur-kitap","8":"pa_yayinevi-destek-yayinlari","9":"pa_yazar-mantak-chia-michael-winn","11":"first","12":"instock","13":"sale","14":"shipping-taxable","15":"purchasable","16":"product-type-simple"},"_links":{"self":[{"href":"https:\/\/roveyayinevi.com.tr\/index.php\/wp-json\/wp\/v2\/product\/763376","targetHints":{"allow":["GET"]}}],"collection":[{"href":"https:\/\/roveyayinevi.com.tr\/index.php\/wp-json\/wp\/v2\/product"}],"about":[{"href":"https:\/\/roveyayinevi.com.tr\/index.php\/wp-json\/wp\/v2\/types\/product"}],"wp:attachment":[{"href":"https:\/\/roveyayinevi.com.tr\/index.php\/wp-json\/wp\/v2\/media?parent=763376"}],"wp:term":[{"taxonomy":"product_brand","embeddable":true,"href":"https:\/\/roveyayinevi.com.tr\/index.php\/wp-json\/wp\/v2\/product_brand?post=763376"},{"taxonomy":"product_cat","embeddable":true,"href":"https:\/\/roveyayinevi.com.tr\/index.php\/wp-json\/wp\/v2\/product_cat?post=763376"},{"taxonomy":"product_tag","embeddable":true,"href":"https:\/\/roveyayinevi.com.tr\/index.php\/wp-json\/wp\/v2\/product_tag?post=763376"}],"curies":[{"name":"wp","href":"https:\/\/api.w.org\/{rel}","templated":true}]}}