{"id":763375,"date":"2025-08-28T10:38:28","date_gmt":"2025-08-28T07:38:28","guid":{"rendered":"https:\/\/roveyayinevi.com.tr\/index.php\/urun\/iste-beyin\/"},"modified":"2026-04-15T03:28:41","modified_gmt":"2026-04-15T00:28:41","slug":"iste-beyin","status":"publish","type":"product","link":"https:\/\/roveyayinevi.com.tr\/index.php\/urun\/iste-beyin\/","title":{"rendered":"\u0130\u015f\u2019te Beyin"},"content":{"rendered":"<p>GELECEK, \u201c\u0130\u015e\u2019TE BEY\u0130N\u201d\u0130 KULLANAB\u0130LEN, \u201cBEY\u0130N DOSTU\u201d OLAB\u0130LEN \u015e\u0130RKETLER\u0130N OLACAKTIR.   \u201cBeyin\u201d deyince herkesin akl\u0131na o k\u0131vr\u0131ml\u0131 organ gelse de \u0130\u015f\u2019te Beyin bir fizyoloji, t\u0131p ya da uzman\u0131 oldu\u011fum sinirbilim kitab\u0131 de\u011fildir.   \u0130\u015f\u2019te Beyin temel olarak d\u0131\u015f motivasyonun \u00fcr\u00fcn\u00fcd\u00fcr. Akademik hayattan ge\u00e7i\u015f yapt\u0131\u011f\u0131m i\u015f d\u00fcnyas\u0131nda \u00e7ok e\u011flendi\u011fim ve \u00f6\u011frendi\u011fim bir\u00e7ok konuyu bir araya getirip, yine i\u015f d\u00fcnyas\u0131n\u0131n profesyonellerine ve hen\u00fcz o d\u00fcnyada yer almayan ancak aday olanlara sundu\u011fum bir derlemedir.   \u201cBeyin kitab\u0131\u201d olma iddias\u0131nda olmayan bu kitab\u0131n temel fonksiyonu, i\u015f hayat\u0131n\u0131n \u00fc\u00e7\u00fcnc\u00fc bir g\u00f6zle de\u011ferlendirilmesi olabilir. Belki benim hayalini kurdu\u011fum \u201cbeyin dostu\u201d \u015firketlerin adresini i\u015faret eder.   D\u00fcnya de\u011fi\u015fiyor, biz insanlar de\u011fi\u015fiyoruz ve geli\u015fiyoruz. Bunun etkisinin en \u00e7ok g\u00f6r\u00fcld\u00fc\u011f\u00fc yer de ku\u015fkusuz beynimiz. \u201cBeyin dostu\u201d \u015firketler ise bu geli\u015fmenin i\u015f ya\u015fam\u0131ndaki izd\u00fc\u015f\u00fcmleridir. <\/p>\n","protected":false},"excerpt":{"rendered":"<p>GELECEK, \u201c\u0130\u015e\u2019TE BEY\u0130N\u201d\u0130 KULLANAB\u0130LEN, \u201cBEY\u0130N DOSTU\u201d OLAB\u0130LEN \u015e\u0130RKETLER\u0130N OLACAKTIR. \u201cBeyin\u201d deyince herkesin akl\u0131na o k\u0131vr\u0131ml\u0131 organ gelse de \u0130\u015f\u2019te Beyin bir fizyoloji, t\u0131p ya da uzman\u0131<span class=\"excerpt-hellip\"> [\u2026]<\/span><\/p>\n","protected":false},"featured_media":0,"template":"","meta":{"_monsterinsights_skip_tracking":false,"_monsterinsights_sitenote_active":false,"_monsterinsights_sitenote_note":"","_monsterinsights_sitenote_category":0},"product_brand":[],"product_cat":[13043,17647],"product_tag":[],"class_list":{"0":"post-763375","1":"product","2":"type-product","3":"status-publish","5":"product_cat-ekonomi","6":"product_cat-is-dunyasi","7":"pa_cilt-ciltsiz","8":"pa_tur-kitap","9":"pa_yayinevi-destek-yayinlari","10":"pa_yazar-kerem-dundar","12":"first","13":"instock","14":"sale","15":"shipping-taxable","16":"purchasable","17":"product-type-simple"},"_links":{"self":[{"href":"https:\/\/roveyayinevi.com.tr\/index.php\/wp-json\/wp\/v2\/product\/763375","targetHints":{"allow":["GET"]}}],"collection":[{"href":"https:\/\/roveyayinevi.com.tr\/index.php\/wp-json\/wp\/v2\/product"}],"about":[{"href":"https:\/\/roveyayinevi.com.tr\/index.php\/wp-json\/wp\/v2\/types\/product"}],"wp:attachment":[{"href":"https:\/\/roveyayinevi.com.tr\/index.php\/wp-json\/wp\/v2\/media?parent=763375"}],"wp:term":[{"taxonomy":"product_brand","embeddable":true,"href":"https:\/\/roveyayinevi.com.tr\/index.php\/wp-json\/wp\/v2\/product_brand?post=763375"},{"taxonomy":"product_cat","embeddable":true,"href":"https:\/\/roveyayinevi.com.tr\/index.php\/wp-json\/wp\/v2\/product_cat?post=763375"},{"taxonomy":"product_tag","embeddable":true,"href":"https:\/\/roveyayinevi.com.tr\/index.php\/wp-json\/wp\/v2\/product_tag?post=763375"}],"curies":[{"name":"wp","href":"https:\/\/api.w.org\/{rel}","templated":true}]}}