{"id":763373,"date":"2025-08-28T10:38:24","date_gmt":"2025-08-28T07:38:24","guid":{"rendered":"https:\/\/roveyayinevi.com.tr\/index.php\/urun\/manga-ve-anime-nasil-cizilir-bolum-2\/"},"modified":"2026-04-15T03:28:41","modified_gmt":"2026-04-15T00:28:41","slug":"manga-ve-anime-nasil-cizilir-bolum-2","status":"publish","type":"product","link":"https:\/\/roveyayinevi.com.tr\/index.php\/urun\/manga-ve-anime-nasil-cizilir-bolum-2\/","title":{"rendered":"Manga ve Anime Nas\u0131l \u00c7izilir? B\u00f6l\u00fcm 2"},"content":{"rendered":"<p>AMAZON\u2019DA EN \u00c7OK SATAN YAZARLARDAN B\u0130R\u0130 OLAN JOSEPH STEVENSON, MANGA VE AN\u0130ME NASIL \u00c7\u0130Z\u0130L\u0130R? (AN\u0130ME, MANGA VE CH\u0130B\u0130 DAH\u0130L) K\u0130TABINI SUNUYOR.   BU K\u0130TAPTA PEK \u00c7OK FARKLI POZ VE POZ\u0130SYONLARDA GER\u00c7EK\u00c7\u0130 F\u0130G\u00dcRLER\u0130 \u00c7\u0130ZMEY\u0130 \u00d6\u011eRENECEKS\u0130N\u0130Z. JOSEPH\u2019\u0130N BU DETAYLI KILAVUZU S\u0130ZE MANGA VE AN\u0130ME \u00c7\u0130ZMEN\u0130N EN KOLAY YOLUNU G\u00d6STERECEK. <\/p>\n","protected":false},"excerpt":{"rendered":"<p>AMAZON\u2019DA EN \u00c7OK SATAN YAZARLARDAN B\u0130R\u0130 OLAN JOSEPH STEVENSON, MANGA VE AN\u0130ME NASIL \u00c7\u0130Z\u0130L\u0130R? (AN\u0130ME, MANGA VE CH\u0130B\u0130 DAH\u0130L) K\u0130TABINI SUNUYOR. BU K\u0130TAPTA PEK \u00c7OK FARKLI<span class=\"excerpt-hellip\"> [\u2026]<\/span><\/p>\n","protected":false},"featured_media":0,"template":"","meta":{"_monsterinsights_skip_tracking":false,"_monsterinsights_sitenote_active":false,"_monsterinsights_sitenote_note":"","_monsterinsights_sitenote_category":0},"product_brand":[],"product_cat":[12416,12291],"product_tag":[],"class_list":{"0":"post-763373","1":"product","2":"type-product","3":"status-publish","5":"product_cat-cizgi-roman","6":"product_cat-edebiyat","7":"pa_cilt-ciltsiz","8":"pa_tur-kitap","9":"pa_yayinevi-athica-yayinlari","10":"pa_yazar-joseph-stevenson","12":"first","13":"instock","14":"sale","15":"shipping-taxable","16":"purchasable","17":"product-type-simple"},"_links":{"self":[{"href":"https:\/\/roveyayinevi.com.tr\/index.php\/wp-json\/wp\/v2\/product\/763373","targetHints":{"allow":["GET"]}}],"collection":[{"href":"https:\/\/roveyayinevi.com.tr\/index.php\/wp-json\/wp\/v2\/product"}],"about":[{"href":"https:\/\/roveyayinevi.com.tr\/index.php\/wp-json\/wp\/v2\/types\/product"}],"wp:attachment":[{"href":"https:\/\/roveyayinevi.com.tr\/index.php\/wp-json\/wp\/v2\/media?parent=763373"}],"wp:term":[{"taxonomy":"product_brand","embeddable":true,"href":"https:\/\/roveyayinevi.com.tr\/index.php\/wp-json\/wp\/v2\/product_brand?post=763373"},{"taxonomy":"product_cat","embeddable":true,"href":"https:\/\/roveyayinevi.com.tr\/index.php\/wp-json\/wp\/v2\/product_cat?post=763373"},{"taxonomy":"product_tag","embeddable":true,"href":"https:\/\/roveyayinevi.com.tr\/index.php\/wp-json\/wp\/v2\/product_tag?post=763373"}],"curies":[{"name":"wp","href":"https:\/\/api.w.org\/{rel}","templated":true}]}}