{"id":763371,"date":"2025-08-28T10:38:20","date_gmt":"2025-08-28T07:38:20","guid":{"rendered":"https:\/\/roveyayinevi.com.tr\/index.php\/urun\/hapishane-sifacisi-serisi-kutulu-set\/"},"modified":"2025-12-30T11:27:56","modified_gmt":"2025-12-30T08:27:56","slug":"hapishane-sifacisi-serisi-kutulu-set","status":"publish","type":"product","link":"https:\/\/roveyayinevi.com.tr\/index.php\/urun\/hapishane-sifacisi-serisi-kutulu-set\/","title":{"rendered":"Hapishane \u015eifac\u0131s\u0131 Serisi Kutulu Set"},"content":{"rendered":"<p>Hapishane \u015eifac\u0131s\u0131 serisi \u00fc\u00e7 kitaptan olu\u015fmaktad\u0131r. S\u0131ras\u0131yla Hapishane \u015eifac\u0131s\u0131, Alt\u0131n Kafesin Esiri, Kan Haini serinin kitaplar\u0131d\u0131r.   \u201cLynette Noni usta bir hik\u00e2ye anlat\u0131c\u0131s\u0131. Herhangi bir fantastik kurgusever i\u00e7in mutlaka okunmas\u0131 gereken bir kitap!\u201d &#8211; Sarah J. Maas, #1 Numaral\u0131 New York Times \u00c7ok Satan Yazar\u0131 <\/p>\n","protected":false},"excerpt":{"rendered":"<p>Hapishane \u015eifac\u0131s\u0131 serisi \u00fc\u00e7 kitaptan olu\u015fmaktad\u0131r. S\u0131ras\u0131yla Hapishane \u015eifac\u0131s\u0131, Alt\u0131n Kafesin Esiri, Kan Haini serinin kitaplar\u0131d\u0131r. \u201cLynette Noni usta bir hik\u00e2ye anlat\u0131c\u0131s\u0131. Herhangi bir fantastik kurgusever<span class=\"excerpt-hellip\"> [\u2026]<\/span><\/p>\n","protected":false},"featured_media":0,"template":"","meta":{"_monsterinsights_skip_tracking":false,"_monsterinsights_sitenote_active":false,"_monsterinsights_sitenote_note":"","_monsterinsights_sitenote_category":0},"product_brand":[],"product_cat":[12291,12711],"product_tag":[],"class_list":{"0":"post-763371","1":"product","2":"type-product","3":"status-publish","5":"product_cat-edebiyat","6":"product_cat-roman-oyku","7":"pa_cilt-ciltsiz","8":"pa_tur-kitap","9":"pa_yayinevi-artemis-yayinlari","10":"pa_yazar-lynette-noni","12":"first","13":"instock","14":"sale","15":"shipping-taxable","16":"purchasable","17":"product-type-simple"},"_links":{"self":[{"href":"https:\/\/roveyayinevi.com.tr\/index.php\/wp-json\/wp\/v2\/product\/763371","targetHints":{"allow":["GET"]}}],"collection":[{"href":"https:\/\/roveyayinevi.com.tr\/index.php\/wp-json\/wp\/v2\/product"}],"about":[{"href":"https:\/\/roveyayinevi.com.tr\/index.php\/wp-json\/wp\/v2\/types\/product"}],"wp:attachment":[{"href":"https:\/\/roveyayinevi.com.tr\/index.php\/wp-json\/wp\/v2\/media?parent=763371"}],"wp:term":[{"taxonomy":"product_brand","embeddable":true,"href":"https:\/\/roveyayinevi.com.tr\/index.php\/wp-json\/wp\/v2\/product_brand?post=763371"},{"taxonomy":"product_cat","embeddable":true,"href":"https:\/\/roveyayinevi.com.tr\/index.php\/wp-json\/wp\/v2\/product_cat?post=763371"},{"taxonomy":"product_tag","embeddable":true,"href":"https:\/\/roveyayinevi.com.tr\/index.php\/wp-json\/wp\/v2\/product_tag?post=763371"}],"curies":[{"name":"wp","href":"https:\/\/api.w.org\/{rel}","templated":true}]}}