{"id":763367,"date":"2025-08-28T10:38:14","date_gmt":"2025-08-28T07:38:14","guid":{"rendered":"https:\/\/roveyayinevi.com.tr\/index.php\/urun\/cocuklar-icin-kolay-bahcecilik\/"},"modified":"2026-04-15T03:28:41","modified_gmt":"2026-04-15T00:28:41","slug":"cocuklar-icin-kolay-bahcecilik","status":"publish","type":"product","link":"https:\/\/roveyayinevi.com.tr\/index.php\/urun\/cocuklar-icin-kolay-bahcecilik\/","title":{"rendered":"\u00c7ocuklar \u0130\u00e7in Kolay Bah\u00e7ecilik"},"content":{"rendered":"<p>Topra\u011f\u0131 kazmakla veya ot ay\u0131klay\u0131p durmakla u\u011fra\u015fmadan kendi meyve ve sebzelerinizi yeti\u015ftirmek istiyorsan\u0131z elinizdeki tam size g\u00f6re bir kitap! Kocaman bir bah\u00e7eniz veya k\u00fc\u00e7\u00fcc\u00fck bir balkonunuz olabilir. Haydi, topra\u011f\u0131 kazmaya gerek b\u0131rakmayan bah\u00e7ecilik y\u00f6ntemleriyle h\u0131zl\u0131 ve verimli bir aile bostan\u0131 olu\u015ftural\u0131m! Gen\u00e7 bah\u00e7\u0131vanlar bu kitapla topra\u011f\u0131n i\u00e7inde ya\u015fayan harika canl\u0131lar\u0131, kompostun b\u00fcy\u00fcs\u00fcn\u00fc, tohumlar\u0131n inan\u0131lmaz g\u00fcc\u00fcn\u00fc ve yaban hayat\u0131 i\u00e7in iyi olan \u00e7i\u00e7ekleri ke\u015ffederken, ad\u0131m ad\u0131m aktivitelerle her mevsim neler yeti\u015ftirebileceklerini \u00f6\u011frenecekler. <\/p>\n","protected":false},"excerpt":{"rendered":"<p>Topra\u011f\u0131 kazmakla veya ot ay\u0131klay\u0131p durmakla u\u011fra\u015fmadan kendi meyve ve sebzelerinizi yeti\u015ftirmek istiyorsan\u0131z elinizdeki tam size g\u00f6re bir kitap! Kocaman bir bah\u00e7eniz veya k\u00fc\u00e7\u00fcc\u00fck bir balkonunuz<span class=\"excerpt-hellip\"> [\u2026]<\/span><\/p>\n","protected":false},"featured_media":0,"template":"","meta":{"_monsterinsights_skip_tracking":false,"_monsterinsights_sitenote_active":false,"_monsterinsights_sitenote_note":"","_monsterinsights_sitenote_category":0},"product_brand":[],"product_cat":[13829,12274],"product_tag":[],"class_list":{"0":"post-763367","1":"product","2":"type-product","3":"status-publish","5":"product_cat-bilimsel-kitaplar","6":"product_cat-cocuk-ve-genclik-kitaplari","7":"pa_cilt-ciltsiz","8":"pa_tur-kitap","9":"pa_yayinevi-dogan-cocuk","10":"pa_yazar-charles-dowding","12":"first","13":"instock","14":"sale","15":"shipping-taxable","16":"purchasable","17":"product-type-simple"},"_links":{"self":[{"href":"https:\/\/roveyayinevi.com.tr\/index.php\/wp-json\/wp\/v2\/product\/763367","targetHints":{"allow":["GET"]}}],"collection":[{"href":"https:\/\/roveyayinevi.com.tr\/index.php\/wp-json\/wp\/v2\/product"}],"about":[{"href":"https:\/\/roveyayinevi.com.tr\/index.php\/wp-json\/wp\/v2\/types\/product"}],"wp:attachment":[{"href":"https:\/\/roveyayinevi.com.tr\/index.php\/wp-json\/wp\/v2\/media?parent=763367"}],"wp:term":[{"taxonomy":"product_brand","embeddable":true,"href":"https:\/\/roveyayinevi.com.tr\/index.php\/wp-json\/wp\/v2\/product_brand?post=763367"},{"taxonomy":"product_cat","embeddable":true,"href":"https:\/\/roveyayinevi.com.tr\/index.php\/wp-json\/wp\/v2\/product_cat?post=763367"},{"taxonomy":"product_tag","embeddable":true,"href":"https:\/\/roveyayinevi.com.tr\/index.php\/wp-json\/wp\/v2\/product_tag?post=763367"}],"curies":[{"name":"wp","href":"https:\/\/api.w.org\/{rel}","templated":true}]}}