{"id":763362,"date":"2025-08-28T10:38:05","date_gmt":"2025-08-28T07:38:05","guid":{"rendered":"https:\/\/roveyayinevi.com.tr\/index.php\/urun\/hazine-2\/"},"modified":"2026-04-15T03:28:41","modified_gmt":"2026-04-15T00:28:41","slug":"hazine-2","status":"publish","type":"product","link":"https:\/\/roveyayinevi.com.tr\/index.php\/urun\/hazine-2\/","title":{"rendered":"Hazine"},"content":{"rendered":"<p>Harry Booth, kanser hastas\u0131 annesine bakabilmek i\u00e7in dokuz ya\u015f\u0131ndah\u0131rs\u0131zl\u0131\u011fa ba\u015flar. Para kar\u015f\u0131l\u0131\u011f\u0131nda takas edebilece\u011fi de\u011ferli e\u015fyalar\u0131bulmak i\u00e7in geceleri l\u00fcks, bo\u015f evlere s\u0131zar. Y\u0131llar sonra annesi kansereyenik d\u00fc\u015ft\u00fc\u011f\u00fcnde ise Chicago&#8217;yu terk eder ama geceleri \u00e7al\u0131\u015fmaktanvazge\u00e7emez. \u015eehir \u015fehir dola\u015f\u0131rken yeni kimlikler edinen Harry, hep \u00e7ok dikkatli vemesafeli davran\u0131r. Dikkat \u00e7ekmeyi ya da ba\u011flanmay\u0131 g\u00f6ze alamaz. Ta kiMiranda Emerson&#8217;la tan\u0131\u015fana kadar&#8230; Ancak aralar\u0131ndaki g\u00fc\u00e7l\u00fc ili\u015fkiuzun s\u00fcrmez; \u00e7\u00fcnk\u00fc Harry, tehlikeli bir adamla tan\u0131\u015f\u0131r. Carter LaPorteisimli bu adam, kullanabilece\u011fi m\u00fckemmel bir ara\u00e7 olarak g\u00f6rd\u00fc\u011f\u00fcHarry&#8217;ye sahip olmak istedi\u011fine karar verir. Baltimore M\u00fczesi\u2019ni soymas\u0131 i\u00e7in zorlanan Harry, hi\u00e7bir a\u00e7\u0131klamayapmadan Miranda&#8217;y\u0131 terk eder ve ortadan kaybolur. Ancak hangi ismikullan\u0131rsa kullans\u0131n ya da nereye giderse gitsin, Harry&#8217;nin hayat\u0131ndaLaPorte\u2019nin g\u00f6lgesi hep vard\u0131r, ondan kurtulamaz. Kendini ger\u00e7ekten\u00f6zg\u00fcr k\u0131lmak isteyen gen\u00e7 adam\u0131n d\u00fc\u015fman\u0131yla kesin olarak y\u00fczle\u015fmesigerekir. Ancak o zaman, \u015fimdiye kadar \u00e7ald\u0131klar\u0131ndan \u00e7ok daha de\u011ferlibir \u015feye sahip olmay\u0131 umabilir&#8230;<\/p>\n","protected":false},"excerpt":{"rendered":"<p>Harry Booth, kanser hastas\u0131 annesine bakabilmek i\u00e7in dokuz ya\u015f\u0131ndah\u0131rs\u0131zl\u0131\u011fa ba\u015flar. Para kar\u015f\u0131l\u0131\u011f\u0131nda takas edebilece\u011fi de\u011ferli e\u015fyalar\u0131bulmak i\u00e7in geceleri l\u00fcks, bo\u015f evlere s\u0131zar. Y\u0131llar sonra annesi kansereyenik<span class=\"excerpt-hellip\"> [\u2026]<\/span><\/p>\n","protected":false},"featured_media":0,"template":"","meta":{"_monsterinsights_skip_tracking":false,"_monsterinsights_sitenote_active":false,"_monsterinsights_sitenote_note":"","_monsterinsights_sitenote_category":0},"product_brand":[],"product_cat":[12291,12711],"product_tag":[],"class_list":{"0":"post-763362","1":"product","2":"type-product","3":"status-publish","5":"product_cat-edebiyat","6":"product_cat-roman-oyku","7":"pa_cilt-ciltsiz","8":"pa_tur-kitap","9":"pa_yayinevi-nemesis-kitap","10":"pa_yazar-nora-roberts","12":"first","13":"instock","14":"sale","15":"shipping-taxable","16":"purchasable","17":"product-type-simple"},"_links":{"self":[{"href":"https:\/\/roveyayinevi.com.tr\/index.php\/wp-json\/wp\/v2\/product\/763362","targetHints":{"allow":["GET"]}}],"collection":[{"href":"https:\/\/roveyayinevi.com.tr\/index.php\/wp-json\/wp\/v2\/product"}],"about":[{"href":"https:\/\/roveyayinevi.com.tr\/index.php\/wp-json\/wp\/v2\/types\/product"}],"wp:attachment":[{"href":"https:\/\/roveyayinevi.com.tr\/index.php\/wp-json\/wp\/v2\/media?parent=763362"}],"wp:term":[{"taxonomy":"product_brand","embeddable":true,"href":"https:\/\/roveyayinevi.com.tr\/index.php\/wp-json\/wp\/v2\/product_brand?post=763362"},{"taxonomy":"product_cat","embeddable":true,"href":"https:\/\/roveyayinevi.com.tr\/index.php\/wp-json\/wp\/v2\/product_cat?post=763362"},{"taxonomy":"product_tag","embeddable":true,"href":"https:\/\/roveyayinevi.com.tr\/index.php\/wp-json\/wp\/v2\/product_tag?post=763362"}],"curies":[{"name":"wp","href":"https:\/\/api.w.org\/{rel}","templated":true}]}}