{"id":763360,"date":"2025-08-28T10:38:02","date_gmt":"2025-08-28T07:38:02","guid":{"rendered":"https:\/\/roveyayinevi.com.tr\/index.php\/urun\/acik-deniz\/"},"modified":"2026-04-15T03:28:41","modified_gmt":"2026-04-15T00:28:41","slug":"acik-deniz","status":"publish","type":"product","link":"https:\/\/roveyayinevi.com.tr\/index.php\/urun\/acik-deniz\/","title":{"rendered":"A\u00e7\u0131k Deniz"},"content":{"rendered":"<p>A\u00e7\u0131k Deniz&#8217;de J. G. Manning, Fenike ticaretinden Helenistik d\u00f6neme ve Roma&#8217;n\u0131n imparatorluk \u00fcst\u00fcnl\u00fc\u011f\u00fcn\u00fcn ba\u015flang\u0131c\u0131na kadar, Demir \u00c7a\u011f\u0131&#8217;nda Akdeniz d\u00fcnyas\u0131ndaki ekonomik ya\u015fam\u0131n yeni ve \u00f6nemli bir tarihini sunuyor. \u00c7ok \u00e7e\u015fitli antik kaynaklara ve en son sosyal teoriye dayanarak Manning, yan\u0131lt\u0131c\u0131 tek bir &#8220;antik ekonomi&#8221; aray\u0131\u015f\u0131n\u0131n, hem zaman i\u00e7inde politik ekonomilerde meydana gelen de\u011fi\u015fiklikler hem de ekonomilerdeki m\u00fclkiyet ve paraya ili\u015fkin k\u00fclt\u00fcrel kavramlarda meydana gelen farkl\u0131l\u0131klar d\u00e2hil olmak \u00fczere, Akdeniz d\u00fcnyas\u0131nda ya\u015fanm\u0131\u015f deneyim \u00e7e\u015fitlili\u011fini karartt\u0131\u011f\u0131n\u0131 \u00f6ne s\u00fcr\u00fcyor.      Ayn\u0131 zamanda bu d\u00f6nemde, b\u00f6lge ekonomilerinin nas\u0131l giderek daha da birbirine ba\u011fl\u0131 h\u00e2le geldi\u011fini g\u00f6steriyor.      A\u00e7\u0131k Deniz, b\u00f6lgenin Demir \u00c7a\u011f\u0131&#8217;ndaki h\u0131zl\u0131 sosyal ve ekonomik de\u011fi\u015fimini anlaman\u0131n anahtarlar\u0131n\u0131n, farkl\u0131 k\u00fclt\u00fcrlerin tasarlad\u0131\u011f\u0131 ekonomik ve politik \u00e7\u00f6z\u00fcmlerin \u00e7e\u015fitlili\u011fi, k\u00fclt\u00fcrler aras\u0131 al\u0131\u015fveri\u015f kal\u0131plar\u0131 ve M\u0131s\u0131r ile Yak\u0131n Do\u011fu ve Yunanistan ile Roma aras\u0131ndaki keskin \u00e7evresel z\u0131tl\u0131klar oldu\u011funu savunuyor. Kitap, iklim gibi \u00e7ok uzun vadede ger\u00e7ekle\u015fen de\u011fi\u015fim etkenlerinin yan\u0131 s\u0131ra, para, tar\u0131m ve \u00f6zel m\u00fclkiyet gibi modern zaman \u00f6ncesi Akdeniz&#8217;in en \u00f6nemli ekonomik kurumlar\u0131n\u0131 da inceliyor.      Ayr\u0131ca b\u00f6lgenin \u00e7e\u015fitli ekonomilerinde ekonomik b\u00fcy\u00fcmenin, devletlerin ve yasal kurumlar\u0131n oynad\u0131\u011f\u0131 rol\u00fc de ara\u015ft\u0131r\u0131yor. Antik Akdeniz d\u00fcnyas\u0131n\u0131n \u00e7\u0131\u011f\u0131r a\u00e7an bir ekonomi tarihi olan A\u00e7\u0131k Deniz, modern ekonominin k\u00f6kenlerinin Yunanistan ve Roma&#8217;n\u0131n \u00e7ok \u00f6tesine uzand\u0131\u011f\u0131n\u0131 g\u00f6steriyor. <\/p>\n","protected":false},"excerpt":{"rendered":"<p>A\u00e7\u0131k Deniz&#8217;de J. G. Manning, Fenike ticaretinden Helenistik d\u00f6neme ve Roma&#8217;n\u0131n imparatorluk \u00fcst\u00fcnl\u00fc\u011f\u00fcn\u00fcn ba\u015flang\u0131c\u0131na kadar, Demir \u00c7a\u011f\u0131&#8217;nda Akdeniz d\u00fcnyas\u0131ndaki ekonomik ya\u015fam\u0131n yeni ve \u00f6nemli bir tarihini<span class=\"excerpt-hellip\"> [\u2026]<\/span><\/p>\n","protected":false},"featured_media":0,"template":"","meta":{"_monsterinsights_skip_tracking":false,"_monsterinsights_sitenote_active":false,"_monsterinsights_sitenote_note":"","_monsterinsights_sitenote_category":0},"product_brand":[],"product_cat":[12312,12304],"product_tag":[],"class_list":{"0":"post-763360","1":"product","2":"type-product","3":"status-publish","5":"product_cat-diger","6":"product_cat-tarih","7":"pa_cilt-ciltsiz","8":"pa_tur-kitap","9":"pa_yayinevi-bilge-kultur-sanat","10":"pa_yazar-j-g-manning","12":"first","13":"instock","14":"sale","15":"shipping-taxable","16":"purchasable","17":"product-type-simple"},"_links":{"self":[{"href":"https:\/\/roveyayinevi.com.tr\/index.php\/wp-json\/wp\/v2\/product\/763360","targetHints":{"allow":["GET"]}}],"collection":[{"href":"https:\/\/roveyayinevi.com.tr\/index.php\/wp-json\/wp\/v2\/product"}],"about":[{"href":"https:\/\/roveyayinevi.com.tr\/index.php\/wp-json\/wp\/v2\/types\/product"}],"wp:attachment":[{"href":"https:\/\/roveyayinevi.com.tr\/index.php\/wp-json\/wp\/v2\/media?parent=763360"}],"wp:term":[{"taxonomy":"product_brand","embeddable":true,"href":"https:\/\/roveyayinevi.com.tr\/index.php\/wp-json\/wp\/v2\/product_brand?post=763360"},{"taxonomy":"product_cat","embeddable":true,"href":"https:\/\/roveyayinevi.com.tr\/index.php\/wp-json\/wp\/v2\/product_cat?post=763360"},{"taxonomy":"product_tag","embeddable":true,"href":"https:\/\/roveyayinevi.com.tr\/index.php\/wp-json\/wp\/v2\/product_tag?post=763360"}],"curies":[{"name":"wp","href":"https:\/\/api.w.org\/{rel}","templated":true}]}}