{"id":763358,"date":"2025-08-28T10:37:59","date_gmt":"2025-08-28T07:37:59","guid":{"rendered":"https:\/\/roveyayinevi.com.tr\/index.php\/urun\/benim-ilk-sozlugum-ciltli\/"},"modified":"2026-04-15T03:28:41","modified_gmt":"2026-04-15T00:28:41","slug":"benim-ilk-sozlugum-ciltli","status":"publish","type":"product","link":"https:\/\/roveyayinevi.com.tr\/index.php\/urun\/benim-ilk-sozlugum-ciltli\/","title":{"rendered":"Benim \u0130lk S\u00f6zl\u00fc\u011f\u00fcm (Ciltli)"},"content":{"rendered":"<p>New York \u00dcniversitesi\u2019nin tan\u0131nm\u0131\u015f \u00f6\u011fretim \u00fcyesi Prof. Dr. Sel\u00e7uk \u015eirin, e\u011fitim ve \u00e7ocuk geli\u015fimi alan\u0131ndaki bilimsel \u00e7al\u0131\u015fmalar\u0131yla uluslararas\u0131 alanda b\u00fcy\u00fck sayg\u0131 g\u00f6rm\u00fc\u015ft\u00fcr. Sosyal sorumluluk projeleri kapsam\u0131nda bir milyondan fazla kitab\u0131 \u00e7ocuklara ula\u015ft\u0131rmay\u0131 ba\u015faran Sel\u00e7uk \u015eirin, \u015fimdi bu birikimini \u00e7ocuklar\u0131n gelece\u011fini ayd\u0131nlatacak yeni bir kitap serisiyle aktar\u0131yor. Benim \u0130lk S\u00f6zl\u00fc\u011f\u00fcm, miniklerin dil geli\u015fimini destekleyen bir ba\u015flang\u0131\u00e7 kitab\u0131. Bu kitap i\u00e7in \u00f6zel olarak tasarlanan renkli ve \u00f6zg\u00fcn g\u00f6rseller \u00e7ocuklara etraflar\u0131ndaki d\u00fcnyay\u0131 ke\u015ffetmelerine f\u0131rsat sunuyor. <\/p>\n","protected":false},"excerpt":{"rendered":"<p>New York \u00dcniversitesi\u2019nin tan\u0131nm\u0131\u015f \u00f6\u011fretim \u00fcyesi Prof. Dr. Sel\u00e7uk \u015eirin, e\u011fitim ve \u00e7ocuk geli\u015fimi alan\u0131ndaki bilimsel \u00e7al\u0131\u015fmalar\u0131yla uluslararas\u0131 alanda b\u00fcy\u00fck sayg\u0131 g\u00f6rm\u00fc\u015ft\u00fcr. Sosyal sorumluluk projeleri kapsam\u0131nda<span class=\"excerpt-hellip\"> [\u2026]<\/span><\/p>\n","protected":false},"featured_media":0,"template":"","meta":{"_monsterinsights_skip_tracking":false,"_monsterinsights_sitenote_active":false,"_monsterinsights_sitenote_note":"","_monsterinsights_sitenote_category":0},"product_brand":[],"product_cat":[12274,15842],"product_tag":[],"class_list":{"0":"post-763358","1":"product","2":"type-product","3":"status-publish","5":"product_cat-cocuk-ve-genclik-kitaplari","6":"product_cat-egitici-kitaplar","7":"pa_cilt-ciltli","8":"pa_tur-kitap","9":"pa_yayinevi-mundi","10":"pa_yazar-selcuk-sirin","12":"first","13":"instock","14":"sale","15":"shipping-taxable","16":"purchasable","17":"product-type-simple"},"_links":{"self":[{"href":"https:\/\/roveyayinevi.com.tr\/index.php\/wp-json\/wp\/v2\/product\/763358","targetHints":{"allow":["GET"]}}],"collection":[{"href":"https:\/\/roveyayinevi.com.tr\/index.php\/wp-json\/wp\/v2\/product"}],"about":[{"href":"https:\/\/roveyayinevi.com.tr\/index.php\/wp-json\/wp\/v2\/types\/product"}],"wp:attachment":[{"href":"https:\/\/roveyayinevi.com.tr\/index.php\/wp-json\/wp\/v2\/media?parent=763358"}],"wp:term":[{"taxonomy":"product_brand","embeddable":true,"href":"https:\/\/roveyayinevi.com.tr\/index.php\/wp-json\/wp\/v2\/product_brand?post=763358"},{"taxonomy":"product_cat","embeddable":true,"href":"https:\/\/roveyayinevi.com.tr\/index.php\/wp-json\/wp\/v2\/product_cat?post=763358"},{"taxonomy":"product_tag","embeddable":true,"href":"https:\/\/roveyayinevi.com.tr\/index.php\/wp-json\/wp\/v2\/product_tag?post=763358"}],"curies":[{"name":"wp","href":"https:\/\/api.w.org\/{rel}","templated":true}]}}