{"id":763357,"date":"2025-08-28T10:37:57","date_gmt":"2025-08-28T07:37:57","guid":{"rendered":"https:\/\/roveyayinevi.com.tr\/index.php\/urun\/yagmur-damlasi-ciltli\/"},"modified":"2026-04-15T03:28:41","modified_gmt":"2026-04-15T00:28:41","slug":"yagmur-damlasi-ciltli","status":"publish","type":"product","link":"https:\/\/roveyayinevi.com.tr\/index.php\/urun\/yagmur-damlasi-ciltli\/","title":{"rendered":"Ya\u011fmur Damlas\u0131 (Ciltli)"},"content":{"rendered":"<p>New York \u00dcniversitesi\u2019nin tan\u0131nm\u0131\u015f \u00f6\u011fretim \u00fcyesi Prof. Dr. Sel\u00e7uk \u015eirin, e\u011fitim ve \u00e7ocuk geli\u015fimi alan\u0131ndaki bilimsel \u00e7al\u0131\u015fmalar\u0131yla uluslararas\u0131 alanda b\u00fcy\u00fck sayg\u0131 g\u00f6rm\u00fc\u015ft\u00fcr. Sosyal sorumluluk projeleri kapsam\u0131nda bir milyondan fazla kitab\u0131 \u00e7ocuklara ula\u015ft\u0131rmay\u0131 ba\u015faran Sel\u00e7uk \u015eirin, \u015fimdi bu birikimini \u00e7ocuklar\u0131n gelece\u011fini ayd\u0131nlatacak yeni bir kitap serisiyle aktar\u0131yor. Ya\u011fmur Damlas\u0131, miniklere do\u011fay\u0131 ke\u015ffetmek i\u00e7in bir ser\u00fcven sunuyor. K\u00fc\u00e7\u00fck ve cesur bir ya\u011fmur damlas\u0131n\u0131n arkada\u015flar\u0131yla at\u0131ld\u0131\u011f\u0131 maceralara tan\u0131kl\u0131k edecek, bilimsel d\u00fc\u015f\u00fcnceye dair fark\u0131ndal\u0131k geli\u015ftirecekler. <\/p>\n","protected":false},"excerpt":{"rendered":"<p>New York \u00dcniversitesi\u2019nin tan\u0131nm\u0131\u015f \u00f6\u011fretim \u00fcyesi Prof. Dr. Sel\u00e7uk \u015eirin, e\u011fitim ve \u00e7ocuk geli\u015fimi alan\u0131ndaki bilimsel \u00e7al\u0131\u015fmalar\u0131yla uluslararas\u0131 alanda b\u00fcy\u00fck sayg\u0131 g\u00f6rm\u00fc\u015ft\u00fcr. Sosyal sorumluluk projeleri kapsam\u0131nda<span class=\"excerpt-hellip\"> [\u2026]<\/span><\/p>\n","protected":false},"featured_media":0,"template":"","meta":{"_monsterinsights_skip_tracking":false,"_monsterinsights_sitenote_active":false,"_monsterinsights_sitenote_note":"","_monsterinsights_sitenote_category":0},"product_brand":[],"product_cat":[12274,15842],"product_tag":[],"class_list":{"0":"post-763357","1":"product","2":"type-product","3":"status-publish","5":"product_cat-cocuk-ve-genclik-kitaplari","6":"product_cat-egitici-kitaplar","7":"pa_cilt-ciltli","8":"pa_tur-kitap","9":"pa_yayinevi-mundi","10":"pa_yazar-selcuk-sirin","12":"first","13":"instock","14":"sale","15":"shipping-taxable","16":"purchasable","17":"product-type-simple"},"_links":{"self":[{"href":"https:\/\/roveyayinevi.com.tr\/index.php\/wp-json\/wp\/v2\/product\/763357","targetHints":{"allow":["GET"]}}],"collection":[{"href":"https:\/\/roveyayinevi.com.tr\/index.php\/wp-json\/wp\/v2\/product"}],"about":[{"href":"https:\/\/roveyayinevi.com.tr\/index.php\/wp-json\/wp\/v2\/types\/product"}],"wp:attachment":[{"href":"https:\/\/roveyayinevi.com.tr\/index.php\/wp-json\/wp\/v2\/media?parent=763357"}],"wp:term":[{"taxonomy":"product_brand","embeddable":true,"href":"https:\/\/roveyayinevi.com.tr\/index.php\/wp-json\/wp\/v2\/product_brand?post=763357"},{"taxonomy":"product_cat","embeddable":true,"href":"https:\/\/roveyayinevi.com.tr\/index.php\/wp-json\/wp\/v2\/product_cat?post=763357"},{"taxonomy":"product_tag","embeddable":true,"href":"https:\/\/roveyayinevi.com.tr\/index.php\/wp-json\/wp\/v2\/product_tag?post=763357"}],"curies":[{"name":"wp","href":"https:\/\/api.w.org\/{rel}","templated":true}]}}