{"id":763356,"date":"2025-08-28T10:37:56","date_gmt":"2025-08-28T07:37:56","guid":{"rendered":"https:\/\/roveyayinevi.com.tr\/index.php\/urun\/ben-neredeyim-ciltli\/"},"modified":"2026-04-15T03:28:41","modified_gmt":"2026-04-15T00:28:41","slug":"ben-neredeyim-ciltli","status":"publish","type":"product","link":"https:\/\/roveyayinevi.com.tr\/index.php\/urun\/ben-neredeyim-ciltli\/","title":{"rendered":"Ben Neredeyim? (Ciltli)"},"content":{"rendered":"<p>New York \u00dcniversitesi\u2019nin tan\u0131nm\u0131\u015f \u00f6\u011fretim \u00fcyesi Prof. Dr. Sel\u00e7uk \u015eirin, e\u011fitim ve \u00e7ocuk geli\u015fimi alan\u0131ndaki bilimsel \u00e7al\u0131\u015fmalar\u0131yla uluslararas\u0131 alanda b\u00fcy\u00fck sayg\u0131 kazanm\u0131\u015ft\u0131r. Sosyal sorumluluk projeleri kapsam\u0131nda bir milyondan fazla kitab\u0131 \u00e7ocuklara ula\u015ft\u0131rmay\u0131 ba\u015faran Sel\u00e7uk \u015eirin, \u015fimdi bu birikimini \u00e7ocuklar\u0131n gelece\u011fini ayd\u0131nlatacak yeni bir kitap serisiyle aktar\u0131yor. Ben Neredeyim?, her biri bu kitap i\u00e7in titizlikle tasarlanm\u0131\u015f posterlerle minikleri \u015fehirlerimizde heyecanl\u0131 bir yolculu\u011fa \u00e7\u0131kar\u0131yor. \u00c7anakkale\u2019den Ardahan\u2019a bir\u00e7ok \u015fehri sembolleriyle anlatan kitap, \u00e7ocuklara tarih\u00ee ve k\u00fclt\u00fcrel zenginlikleri ke\u015ffetme f\u0131rsat\u0131 sunuyor. <\/p>\n","protected":false},"excerpt":{"rendered":"<p>New York \u00dcniversitesi\u2019nin tan\u0131nm\u0131\u015f \u00f6\u011fretim \u00fcyesi Prof. Dr. Sel\u00e7uk \u015eirin, e\u011fitim ve \u00e7ocuk geli\u015fimi alan\u0131ndaki bilimsel \u00e7al\u0131\u015fmalar\u0131yla uluslararas\u0131 alanda b\u00fcy\u00fck sayg\u0131 kazanm\u0131\u015ft\u0131r. Sosyal sorumluluk projeleri kapsam\u0131nda<span class=\"excerpt-hellip\"> [\u2026]<\/span><\/p>\n","protected":false},"featured_media":0,"template":"","meta":{"_monsterinsights_skip_tracking":false,"_monsterinsights_sitenote_active":false,"_monsterinsights_sitenote_note":"","_monsterinsights_sitenote_category":0},"product_brand":[],"product_cat":[12274,12518],"product_tag":[],"class_list":{"0":"post-763356","1":"product","2":"type-product","3":"status-publish","5":"product_cat-cocuk-ve-genclik-kitaplari","6":"product_cat-okul-oncesi-kitaplar","7":"pa_cilt-ciltli","8":"pa_tur-kitap","9":"pa_yayinevi-mundi","10":"pa_yazar-selcuk-sirin","12":"first","13":"instock","14":"sale","15":"shipping-taxable","16":"purchasable","17":"product-type-simple"},"_links":{"self":[{"href":"https:\/\/roveyayinevi.com.tr\/index.php\/wp-json\/wp\/v2\/product\/763356","targetHints":{"allow":["GET"]}}],"collection":[{"href":"https:\/\/roveyayinevi.com.tr\/index.php\/wp-json\/wp\/v2\/product"}],"about":[{"href":"https:\/\/roveyayinevi.com.tr\/index.php\/wp-json\/wp\/v2\/types\/product"}],"wp:attachment":[{"href":"https:\/\/roveyayinevi.com.tr\/index.php\/wp-json\/wp\/v2\/media?parent=763356"}],"wp:term":[{"taxonomy":"product_brand","embeddable":true,"href":"https:\/\/roveyayinevi.com.tr\/index.php\/wp-json\/wp\/v2\/product_brand?post=763356"},{"taxonomy":"product_cat","embeddable":true,"href":"https:\/\/roveyayinevi.com.tr\/index.php\/wp-json\/wp\/v2\/product_cat?post=763356"},{"taxonomy":"product_tag","embeddable":true,"href":"https:\/\/roveyayinevi.com.tr\/index.php\/wp-json\/wp\/v2\/product_tag?post=763356"}],"curies":[{"name":"wp","href":"https:\/\/api.w.org\/{rel}","templated":true}]}}