{"id":763354,"date":"2025-08-28T10:37:53","date_gmt":"2025-08-28T07:37:53","guid":{"rendered":"https:\/\/roveyayinevi.com.tr\/index.php\/urun\/birinci-kitabim-ciltli\/"},"modified":"2026-04-15T03:28:40","modified_gmt":"2026-04-15T00:28:40","slug":"birinci-kitabim-ciltli","status":"publish","type":"product","link":"https:\/\/roveyayinevi.com.tr\/index.php\/urun\/birinci-kitabim-ciltli\/","title":{"rendered":"Birinci Kitab\u0131m (Ciltli)"},"content":{"rendered":"<p>New York \u00dcniversitesi\u2019nin tan\u0131nm\u0131\u015f \u00f6\u011fretim \u00fcyesi Prof. Dr. Sel\u00e7uk \u015eirin, e\u011fitim ve \u00e7ocuk geli\u015fimi alan\u0131ndaki bilimsel \u00e7al\u0131\u015fmalar\u0131yla uluslararas\u0131 alanda b\u00fcy\u00fck sayg\u0131 g\u00f6rm\u00fc\u015ft\u00fcr. Sosyal sorumluluk projeleri kapsam\u0131nda bir milyondan fazla kitab\u0131 \u00e7ocuklara ula\u015ft\u0131rmay\u0131 ba\u015faran Sel\u00e7uk \u015eirin, \u015fimdi bu birikimini \u00e7ocuklar\u0131n gelece\u011fini ayd\u0131nlatacak yeni bir kitap serisiyle aktar\u0131yor. Minikler i\u00e7in haz\u0131rlad\u0131\u011f\u0131m\u0131z Birinci Kitab\u0131m, e\u011flenceli bir ba\u015flang\u0131\u00e7 kitab\u0131. Hayvanlar\u0131 sevdikleri yiyeceklerle bulu\u015fturan kitapta basit ama etkili siyah beyaz resimler yaratt\u0131klar\u0131 z\u0131tl\u0131k alg\u0131s\u0131yla miniklerin bili\u015fsel geli\u015fimini destekliyor. <\/p>\n","protected":false},"excerpt":{"rendered":"<p>New York \u00dcniversitesi\u2019nin tan\u0131nm\u0131\u015f \u00f6\u011fretim \u00fcyesi Prof. Dr. Sel\u00e7uk \u015eirin, e\u011fitim ve \u00e7ocuk geli\u015fimi alan\u0131ndaki bilimsel \u00e7al\u0131\u015fmalar\u0131yla uluslararas\u0131 alanda b\u00fcy\u00fck sayg\u0131 g\u00f6rm\u00fc\u015ft\u00fcr. Sosyal sorumluluk projeleri kapsam\u0131nda<span class=\"excerpt-hellip\"> [\u2026]<\/span><\/p>\n","protected":false},"featured_media":0,"template":"","meta":{"_monsterinsights_skip_tracking":false,"_monsterinsights_sitenote_active":false,"_monsterinsights_sitenote_note":"","_monsterinsights_sitenote_category":0},"product_brand":[],"product_cat":[12274,15842],"product_tag":[],"class_list":{"0":"post-763354","1":"product","2":"type-product","3":"status-publish","5":"product_cat-cocuk-ve-genclik-kitaplari","6":"product_cat-egitici-kitaplar","7":"pa_cilt-ciltli","8":"pa_tur-kitap","9":"pa_yayinevi-mundi","10":"pa_yazar-selcuk-sirin","12":"first","13":"instock","14":"sale","15":"shipping-taxable","16":"purchasable","17":"product-type-simple"},"_links":{"self":[{"href":"https:\/\/roveyayinevi.com.tr\/index.php\/wp-json\/wp\/v2\/product\/763354","targetHints":{"allow":["GET"]}}],"collection":[{"href":"https:\/\/roveyayinevi.com.tr\/index.php\/wp-json\/wp\/v2\/product"}],"about":[{"href":"https:\/\/roveyayinevi.com.tr\/index.php\/wp-json\/wp\/v2\/types\/product"}],"wp:attachment":[{"href":"https:\/\/roveyayinevi.com.tr\/index.php\/wp-json\/wp\/v2\/media?parent=763354"}],"wp:term":[{"taxonomy":"product_brand","embeddable":true,"href":"https:\/\/roveyayinevi.com.tr\/index.php\/wp-json\/wp\/v2\/product_brand?post=763354"},{"taxonomy":"product_cat","embeddable":true,"href":"https:\/\/roveyayinevi.com.tr\/index.php\/wp-json\/wp\/v2\/product_cat?post=763354"},{"taxonomy":"product_tag","embeddable":true,"href":"https:\/\/roveyayinevi.com.tr\/index.php\/wp-json\/wp\/v2\/product_tag?post=763354"}],"curies":[{"name":"wp","href":"https:\/\/api.w.org\/{rel}","templated":true}]}}