{"id":763352,"date":"2025-08-28T10:37:51","date_gmt":"2025-08-28T07:37:51","guid":{"rendered":"https:\/\/roveyayinevi.com.tr\/index.php\/urun\/dokuz-yuz-katli-insan\/"},"modified":"2026-04-15T03:28:40","modified_gmt":"2026-04-15T00:28:40","slug":"dokuz-yuz-katli-insan","status":"publish","type":"product","link":"https:\/\/roveyayinevi.com.tr\/index.php\/urun\/dokuz-yuz-katli-insan\/","title":{"rendered":"Dokuz Y\u00fcz Katl\u0131 \u0130nsan"},"content":{"rendered":"<p>Dokuz Y\u00fcz Katl\u0131 \u0130nsan, bilin\u00e7d\u0131\u015f\u0131n\u0131n ke\u015ffinden ba\u015flayarak Freud, Fechner, Gassner, Messmer ve Jung gibi, Bat\u0131 eksenli modern psikoloji alan\u0131na y\u00f6n vermi\u015f isimlerin \u00f6ne s\u00fcrd\u00fc\u011f\u00fc ve yak\u0131n zamana kadar yeter ve ge\u00e7er kabul edilen kuramlara, \u201cbilin\u00e7d\u0131\u015f\u0131\u201dn\u0131n ke\u015ffi s\u00fcrecinden ba\u015flayarak yeniden bir okuma \u00f6nerisi sunan bir \u015fifa manifestosudur.Psikiyatrist Mustafa Merter, bu \u00e7al\u0131\u015fmas\u0131nda Avrupal\u0131 zihnin y\u0131llar boyunca d\u00fc\u015ft\u00fc\u011f\u00fc a\u00e7mazlar\u0131, bu d\u00fc\u015f\u00fcn\u00fcrlerin ve bilim adamlar\u0131n\u0131n yorumlar\u0131n\u0131 tasavvufi terminolojiyle ili\u015fkilendirerek okuruna aktar\u0131yor. Bunu yaparken de insan nefsinin okyanusunda bir y\u00f6n bulmaya \u00e7abalayan Bat\u0131 insan\u0131n\u0131n bilimsel metodolojiyi kullanarak insan \u201cruhu\u201dnu kavramaya \u00e7al\u0131\u015ft\u0131\u011f\u0131n\u0131 fakat buna muvaffak olamad\u0131\u011f\u0131n\u0131, tasavvufun ise Kur\u2019\u00e2n-\u0131 Ker\u00eem\u2019in ve s\u00fcnnet-i seniyyenin \u0131\u015f\u0131\u011f\u0131nda bu eksende pek \u00e7ok hususa de\u011findi\u011fini, g\u00fcn\u00fcm\u00fcz\u00fcn h\u0131zl\u0131 d\u00fcnyas\u0131n\u0131n \u201ci\u00e7e hakk\u0131yla bakamayan\/bakt\u0131r\u0131lmayan\u201d insan\u0131na sal\u0131k veriyor.Bat\u0131l\u0131 psikologlar taraf\u0131ndan tasavvufun yeterince incelenmedi\u011fini, dolay\u0131s\u0131yla amac\u0131n\u0131n bu a\u00e7\u0131\u011f\u0131n alt\u0131n\u0131 \u00e7izmek oldu\u011funu vurgulayan Dokuz Y\u00fcz Katl\u0131 \u0130nsan, modern psikolojinin tarihsel geli\u015fimine ve bilin\u00e7d\u0131\u015f\u0131 kavram\u0131n\u0131n kategorilerine a\u00e7\u0131kl\u0131k getirmeye \u00e7al\u0131\u015f\u0131rken \u201cpsikoloji\u201d disiplinine, \u201cNefs \u0130lmi\u201d diyerek \u00e7ok daha kapsaml\u0131 bir isim \u00f6nerisi sunuyor.<\/p>\n","protected":false},"excerpt":{"rendered":"<p>Dokuz Y\u00fcz Katl\u0131 \u0130nsan, bilin\u00e7d\u0131\u015f\u0131n\u0131n ke\u015ffinden ba\u015flayarak Freud, Fechner, Gassner, Messmer ve Jung gibi, Bat\u0131 eksenli modern psikoloji alan\u0131na y\u00f6n vermi\u015f isimlerin \u00f6ne s\u00fcrd\u00fc\u011f\u00fc ve yak\u0131n<span class=\"excerpt-hellip\"> [\u2026]<\/span><\/p>\n","protected":false},"featured_media":0,"template":"","meta":{"_monsterinsights_skip_tracking":false,"_monsterinsights_sitenote_active":false,"_monsterinsights_sitenote_note":"","_monsterinsights_sitenote_category":0},"product_brand":[],"product_cat":[12718,12719,15238],"product_tag":[],"class_list":{"0":"post-763352","1":"product","2":"type-product","3":"status-publish","5":"product_cat-din","6":"product_cat-islam","7":"product_cat-tasavvuf","8":"pa_cilt-ciltsiz","9":"pa_tur-kitap","10":"pa_yayinevi-ketebe-yayinlari","11":"pa_yazar-mustafa-merter","13":"first","14":"instock","15":"sale","16":"shipping-taxable","17":"purchasable","18":"product-type-simple"},"_links":{"self":[{"href":"https:\/\/roveyayinevi.com.tr\/index.php\/wp-json\/wp\/v2\/product\/763352","targetHints":{"allow":["GET"]}}],"collection":[{"href":"https:\/\/roveyayinevi.com.tr\/index.php\/wp-json\/wp\/v2\/product"}],"about":[{"href":"https:\/\/roveyayinevi.com.tr\/index.php\/wp-json\/wp\/v2\/types\/product"}],"wp:attachment":[{"href":"https:\/\/roveyayinevi.com.tr\/index.php\/wp-json\/wp\/v2\/media?parent=763352"}],"wp:term":[{"taxonomy":"product_brand","embeddable":true,"href":"https:\/\/roveyayinevi.com.tr\/index.php\/wp-json\/wp\/v2\/product_brand?post=763352"},{"taxonomy":"product_cat","embeddable":true,"href":"https:\/\/roveyayinevi.com.tr\/index.php\/wp-json\/wp\/v2\/product_cat?post=763352"},{"taxonomy":"product_tag","embeddable":true,"href":"https:\/\/roveyayinevi.com.tr\/index.php\/wp-json\/wp\/v2\/product_tag?post=763352"}],"curies":[{"name":"wp","href":"https:\/\/api.w.org\/{rel}","templated":true}]}}