{"id":763351,"date":"2025-08-28T10:37:50","date_gmt":"2025-08-28T07:37:50","guid":{"rendered":"https:\/\/roveyayinevi.com.tr\/index.php\/urun\/kabakci-mustafa-2\/"},"modified":"2026-04-15T03:28:40","modified_gmt":"2026-04-15T00:28:40","slug":"kabakci-mustafa-2","status":"publish","type":"product","link":"https:\/\/roveyayinevi.com.tr\/index.php\/urun\/kabakci-mustafa-2\/","title":{"rendered":"Kabak\u00e7\u0131 Mustafa"},"content":{"rendered":"<p>Kabak\u00e7\u0131 Mustafa\u2026 Kabak\u00e7\u0131 Mustafa \u0130syan\u0131\u2026 Tarih sadece g\u00fcnl\u00fck g\u00fcne\u015flik, zevk\u00fcsefa ve fetih ve kahramanl\u0131klar ge\u00e7idi de\u011fildir. G\u00fcn gelir, d\u00fczen bozulur, dengeler kaybolur; karga\u015fa al\u0131r ba\u015f\u0131n\u0131 gider. Siyasi, ekonomik ve sosyal sebepler beklenmedik ve umulmad\u0131k tipleri toplumun \u00f6n\u00fcne lider diye s\u00fcrer. Kabak\u00e7\u0131 Mustafa da i\u015fte bunlardan birisidir. Niz\u00e2m-\u0131 Ced\u00eed\u2019in kurulmas\u0131n\u0131n getirdi\u011fi s\u0131k\u0131nt\u0131lar\u2026 Ulem\u00e2 aras\u0131ndaki \u00e7eki\u015fmeler\u2026 Bozulan ekonomik sistem\u2026 Dedikodular, g\u00fc\u00e7ler aras\u0131ndaki \u00e7at\u0131\u015fmalar\u2026 Sultan III. Selim zaman\u0131n\u0131n bu en zor d\u00f6neminde ya\u015fananlar\u2026 Ahmet Refik, b\u00fcy\u00fctecini bu kez \u0130stanbul\u2019u alt \u00fcst eden, sistemin sinir u\u00e7lar\u0131na dokunan isyana tutuyor. <\/p>\n","protected":false},"excerpt":{"rendered":"<p>Kabak\u00e7\u0131 Mustafa\u2026 Kabak\u00e7\u0131 Mustafa \u0130syan\u0131\u2026 Tarih sadece g\u00fcnl\u00fck g\u00fcne\u015flik, zevk\u00fcsefa ve fetih ve kahramanl\u0131klar ge\u00e7idi de\u011fildir. G\u00fcn gelir, d\u00fczen bozulur, dengeler kaybolur; karga\u015fa al\u0131r ba\u015f\u0131n\u0131 gider.<span class=\"excerpt-hellip\"> [\u2026]<\/span><\/p>\n","protected":false},"featured_media":0,"template":"","meta":{"_monsterinsights_skip_tracking":false,"_monsterinsights_sitenote_active":false,"_monsterinsights_sitenote_note":"","_monsterinsights_sitenote_category":0},"product_brand":[],"product_cat":[12304],"product_tag":[],"class_list":{"0":"post-763351","1":"product","2":"type-product","3":"status-publish","5":"product_cat-tarih","6":"pa_cilt-ciltsiz","7":"pa_tur-kitap","8":"pa_yayinevi-kapi-yayinlari","9":"pa_yazar-ahmed-refik","11":"first","12":"instock","13":"sale","14":"shipping-taxable","15":"purchasable","16":"product-type-simple"},"_links":{"self":[{"href":"https:\/\/roveyayinevi.com.tr\/index.php\/wp-json\/wp\/v2\/product\/763351","targetHints":{"allow":["GET"]}}],"collection":[{"href":"https:\/\/roveyayinevi.com.tr\/index.php\/wp-json\/wp\/v2\/product"}],"about":[{"href":"https:\/\/roveyayinevi.com.tr\/index.php\/wp-json\/wp\/v2\/types\/product"}],"wp:attachment":[{"href":"https:\/\/roveyayinevi.com.tr\/index.php\/wp-json\/wp\/v2\/media?parent=763351"}],"wp:term":[{"taxonomy":"product_brand","embeddable":true,"href":"https:\/\/roveyayinevi.com.tr\/index.php\/wp-json\/wp\/v2\/product_brand?post=763351"},{"taxonomy":"product_cat","embeddable":true,"href":"https:\/\/roveyayinevi.com.tr\/index.php\/wp-json\/wp\/v2\/product_cat?post=763351"},{"taxonomy":"product_tag","embeddable":true,"href":"https:\/\/roveyayinevi.com.tr\/index.php\/wp-json\/wp\/v2\/product_tag?post=763351"}],"curies":[{"name":"wp","href":"https:\/\/api.w.org\/{rel}","templated":true}]}}