{"id":763349,"date":"2025-08-28T10:37:46","date_gmt":"2025-08-28T07:37:46","guid":{"rendered":"https:\/\/roveyayinevi.com.tr\/index.php\/urun\/lezzetli-cigliklar\/"},"modified":"2026-04-15T03:28:40","modified_gmt":"2026-04-15T00:28:40","slug":"lezzetli-cigliklar","status":"publish","type":"product","link":"https:\/\/roveyayinevi.com.tr\/index.php\/urun\/lezzetli-cigliklar\/","title":{"rendered":"Lezzetli \u00c7\u0131\u011fl\u0131klar"},"content":{"rendered":"<p>Daisy, hayaletleri g\u00f6rebiliyordur. Bu durum, hayaletlerle dolu Toronto\u2019da g\u00f6z ard\u0131 edilebilecek bir \u015fey de\u011fildir. Sahip olmak istemedi\u011fi bu yetenekle genellikle ba\u015fa \u00e7\u0131k\u0131yordur ancak erkek arkada\u015f\u0131 taraf\u0131ndan terk edilince ya\u015fad\u0131klar\u0131 a\u011f\u0131r gelir.  Annesinin, \u00fclkenin kuzeyinde kalan gizemli ve tenha bir k\u00f6\u015fk\u00fc miras almas\u0131yla, Daisy Toronto\u2019dan ve eski erkek arkada\u015f\u0131ndan uzakla\u015fma f\u0131rsat\u0131 bulur. Yeni evi Daisy\u2019nin bekledi\u011fi gibi bir yer de\u011fildir. Evin i\u00e7inde ger\u00e7ekle\u015fen do\u011fa\u00fcst\u00fc olaylar, annesinin ve evin gizli kalm\u0131\u015f s\u0131rlar\u0131 onu tehlikeli olaylar\u0131n ortas\u0131nda savunmas\u0131z b\u0131rak\u0131r. Tam on y\u0131l sonra, Youtuber Brittney, olduk\u00e7a pop\u00fcler olan \u201cPerili\u201d serisinde Daisy\u2019nin ba\u015f\u0131na gelenleri anlatmaya karar verir. Brittney\u2019nin \u00fcnl\u00fc bir yazar olan ancak k\u0131z\u0131na ciddi bir istismar ve bask\u0131 uygulayan annesi de daha \u00f6nce bu k\u00f6\u015fkte kalm\u0131\u015f ve bu yer sayesinde bir ayd\u0131nlanma ya\u015fad\u0131\u011f\u0131n\u0131 a\u00e7\u0131klam\u0131\u015ft\u0131r. Brittney annesinin yalan s\u00f6yledi\u011fini kan\u0131tlamak ister.  Ancak kendini ara\u015ft\u0131rmaya daha fazla kapt\u0131rd\u0131k\u00e7a bir se\u00e7im yapmas\u0131 gerekecektir: E\u011fer tek bir hikayeyi g\u00fcn \u0131\u015f\u0131\u011f\u0131na \u00e7\u0131karacaksa,  hangisi daha \u00f6nemlidir? Daisy\u2019ninki mi yoksa kendisininki mi?<\/p>\n","protected":false},"excerpt":{"rendered":"<p>Daisy, hayaletleri g\u00f6rebiliyordur. Bu durum, hayaletlerle dolu Toronto\u2019da g\u00f6z ard\u0131 edilebilecek bir \u015fey de\u011fildir. Sahip olmak istemedi\u011fi bu yetenekle genellikle ba\u015fa \u00e7\u0131k\u0131yordur ancak erkek arkada\u015f\u0131 taraf\u0131ndan<span class=\"excerpt-hellip\"> [\u2026]<\/span><\/p>\n","protected":false},"featured_media":0,"template":"","meta":{"_monsterinsights_skip_tracking":false,"_monsterinsights_sitenote_active":false,"_monsterinsights_sitenote_note":"","_monsterinsights_sitenote_category":0},"product_brand":[],"product_cat":[12291,12711],"product_tag":[],"class_list":{"0":"post-763349","1":"product","2":"type-product","3":"status-publish","5":"product_cat-edebiyat","6":"product_cat-roman-oyku","7":"pa_cilt-ciltsiz","8":"pa_tur-kitap","9":"pa_yayinevi-artemis-yayinlari","10":"pa_yazar-liselle-sambury","12":"first","13":"instock","14":"sale","15":"shipping-taxable","16":"purchasable","17":"product-type-simple"},"_links":{"self":[{"href":"https:\/\/roveyayinevi.com.tr\/index.php\/wp-json\/wp\/v2\/product\/763349","targetHints":{"allow":["GET"]}}],"collection":[{"href":"https:\/\/roveyayinevi.com.tr\/index.php\/wp-json\/wp\/v2\/product"}],"about":[{"href":"https:\/\/roveyayinevi.com.tr\/index.php\/wp-json\/wp\/v2\/types\/product"}],"wp:attachment":[{"href":"https:\/\/roveyayinevi.com.tr\/index.php\/wp-json\/wp\/v2\/media?parent=763349"}],"wp:term":[{"taxonomy":"product_brand","embeddable":true,"href":"https:\/\/roveyayinevi.com.tr\/index.php\/wp-json\/wp\/v2\/product_brand?post=763349"},{"taxonomy":"product_cat","embeddable":true,"href":"https:\/\/roveyayinevi.com.tr\/index.php\/wp-json\/wp\/v2\/product_cat?post=763349"},{"taxonomy":"product_tag","embeddable":true,"href":"https:\/\/roveyayinevi.com.tr\/index.php\/wp-json\/wp\/v2\/product_tag?post=763349"}],"curies":[{"name":"wp","href":"https:\/\/api.w.org\/{rel}","templated":true}]}}